{"id":20337,"date":"2023-03-14T14:00:04","date_gmt":"2023-03-14T12:00:04","guid":{"rendered":"https:\/\/farwell.ee\/toode\/riiv-ingverile-kuuslaugule-ja-muskaatpahklile\/"},"modified":"2025-07-01T14:00:06","modified_gmt":"2025-07-01T11:00:06","slug":"riiv-ingverile-kuuslaugule-ja-muskaatpahklile","status":"publish","type":"product","link":"https:\/\/farwell.ee\/ru\/product\/riiv-ingverile-kuuslaugule-ja-muskaatpahklile\/","title":{"rendered":"Riiv ingverile, m\u00e4dar\u00f5ikale, k\u00fc\u00fcslaugule ja muskaatp\u00e4hklile"},"content":{"rendered":"","protected":false},"excerpt":{"rendered":"","protected":false},"featured_media":32479,"template":"","meta":{"_acf_changed":false,"inline_featured_image":false},"product_brand":[],"product_cat":[163],"product_tag":[10714,10715,10717,10716],"class_list":{"0":"post-20337","1":"product","2":"type-product","3":"status-publish","4":"has-post-thumbnail","6":"product_cat-riivid-koorijad-ja-pureestajad","7":"product_tag-ingveririiv","8":"product_tag-kuuslauguriiv","9":"product_tag-madaroikariiv","10":"product_tag-muskaatpahkliriiv","11":"pa_kaubamark-lacor","13":"first","14":"instock","15":"shipping-taxable","16":"purchasable","17":"product-type-simple"},"acf":[],"_links":{"self":[{"href":"https:\/\/farwell.ee\/ru\/wp-json\/wp\/v2\/product\/20337","targetHints":{"allow":["GET"]}}],"collection":[{"href":"https:\/\/farwell.ee\/ru\/wp-json\/wp\/v2\/product"}],"about":[{"href":"https:\/\/farwell.ee\/ru\/wp-json\/wp\/v2\/types\/product"}],"wp:featuredmedia":[{"embeddable":true,"href":"https:\/\/farwell.ee\/ru\/wp-json\/wp\/v2\/media\/32479"}],"wp:attachment":[{"href":"https:\/\/farwell.ee\/ru\/wp-json\/wp\/v2\/media?parent=20337"}],"wp:term":[{"taxonomy":"product_brand","embeddable":true,"href":"https:\/\/farwell.ee\/ru\/wp-json\/wp\/v2\/product_brand?post=20337"},{"taxonomy":"product_cat","embeddable":true,"href":"https:\/\/farwell.ee\/ru\/wp-json\/wp\/v2\/product_cat?post=20337"},{"taxonomy":"product_tag","embeddable":true,"href":"https:\/\/farwell.ee\/ru\/wp-json\/wp\/v2\/product_tag?post=20337"}],"curies":[{"name":"wp","href":"https:\/\/api.w.org\/{rel}","templated":true}]}}