{"id":20307,"date":"2023-03-14T12:30:03","date_gmt":"2023-03-14T10:30:03","guid":{"rendered":"https:\/\/farwell.ee\/toode\/leeklamp-ehk-gaasipoleti-1300c-taidetav\/"},"modified":"2026-03-23T09:45:04","modified_gmt":"2026-03-23T07:45:04","slug":"leeklamp-ehk-gaasipoleti-1300c-taidetav","status":"publish","type":"product","link":"https:\/\/farwell.ee\/ru\/product\/leeklamp-ehk-gaasipoleti-1300c-taidetav\/","title":{"rendered":"Leeklamp ehk gaasip\u00f5leti +1300C kannaventiiliga, t\u00e4idetav"},"content":{"rendered":"","protected":false},"excerpt":{"rendered":"<p>T\u00e4itegaasi ballooni kood on\u00a0 199008.<\/p>","protected":false},"featured_media":36574,"template":"","meta":{"_acf_changed":false,"inline_featured_image":false},"product_brand":[],"product_cat":[12442],"product_tag":[6230,6231],"class_list":{"0":"post-20307","1":"product","2":"type-product","3":"status-publish","4":"has-post-thumbnail","6":"product_cat-leeklambid","7":"product_tag-gaasipoleti","8":"product_tag-leeklamp","9":"pa_kaubamark-kemper","11":"first","12":"instock","13":"shipping-taxable","14":"purchasable","15":"product-type-simple"},"acf":[],"_links":{"self":[{"href":"https:\/\/farwell.ee\/ru\/wp-json\/wp\/v2\/product\/20307","targetHints":{"allow":["GET"]}}],"collection":[{"href":"https:\/\/farwell.ee\/ru\/wp-json\/wp\/v2\/product"}],"about":[{"href":"https:\/\/farwell.ee\/ru\/wp-json\/wp\/v2\/types\/product"}],"wp:featuredmedia":[{"embeddable":true,"href":"https:\/\/farwell.ee\/ru\/wp-json\/wp\/v2\/media\/36574"}],"wp:attachment":[{"href":"https:\/\/farwell.ee\/ru\/wp-json\/wp\/v2\/media?parent=20307"}],"wp:term":[{"taxonomy":"product_brand","embeddable":true,"href":"https:\/\/farwell.ee\/ru\/wp-json\/wp\/v2\/product_brand?post=20307"},{"taxonomy":"product_cat","embeddable":true,"href":"https:\/\/farwell.ee\/ru\/wp-json\/wp\/v2\/product_cat?post=20307"},{"taxonomy":"product_tag","embeddable":true,"href":"https:\/\/farwell.ee\/ru\/wp-json\/wp\/v2\/product_tag?post=20307"}],"curies":[{"name":"wp","href":"https:\/\/api.w.org\/{rel}","templated":true}]}}