{"id":20236,"date":"2023-03-03T15:30:04","date_gmt":"2023-03-03T13:30:04","guid":{"rendered":"https:\/\/farwell.ee\/toode\/kandik-33x43cm-beez-plastik-krobelise-pinnaga\/"},"modified":"2026-01-05T13:15:04","modified_gmt":"2026-01-05T11:15:04","slug":"kandik-33x43cm-beez-plastik-krobelise-pinnaga","status":"publish","type":"product","link":"https:\/\/farwell.ee\/ru\/product\/kandik-33x43cm-beez-plastik-krobelise-pinnaga\/","title":{"rendered":"Kandik 33x43cm beez plastik, krobelise pinnaga"},"content":{"rendered":"","protected":false},"excerpt":{"rendered":"<p>V\u00e4bo kandik on Rootsis toodetud toode, mis on valmistatud l\u00f6\u00f6gikindlast prop\u00fcleenplastist.<br \/>\nKandik sobib koolidesse, l\u00f5unarestoranidesse, s\u00f6\u00f6klatesse, kaitsev\u00e4ele.<\/p>\n<p>Kandik on n\u00f5udepesumasinas pestav.<br \/>\nP\u00f5hja all olev k\u00f5rgendusrant muudab niiske kandiku kuivamise virnastamisel v\u00f5imalikuks ja lihtsamaks.<br \/>\nKandikul on v\u00e4ga hea v\u00e4\u00e4ndej\u00e4ikus.<br \/>\nSee talub n\u00f5rku happeid, alkoholi, enamikke lahusteid ja kodukeemiat.<\/p>\n<p>Materjal on t\u00e4ielikult taaskasutatav ja ei sisalda raskemetalle.<\/p>","protected":false},"featured_media":20235,"template":"","meta":{"_acf_changed":false,"inline_featured_image":false},"product_brand":[],"product_cat":[127],"product_tag":[],"class_list":{"0":"post-20236","1":"product","2":"type-product","3":"status-publish","4":"has-post-thumbnail","6":"product_cat-kandikud","7":"pa_kaubamark-vabo","9":"first","10":"instock","11":"sale","12":"shipping-taxable","13":"purchasable","14":"product-type-simple"},"acf":[],"_links":{"self":[{"href":"https:\/\/farwell.ee\/ru\/wp-json\/wp\/v2\/product\/20236","targetHints":{"allow":["GET"]}}],"collection":[{"href":"https:\/\/farwell.ee\/ru\/wp-json\/wp\/v2\/product"}],"about":[{"href":"https:\/\/farwell.ee\/ru\/wp-json\/wp\/v2\/types\/product"}],"wp:featuredmedia":[{"embeddable":true,"href":"https:\/\/farwell.ee\/ru\/wp-json\/wp\/v2\/media\/20235"}],"wp:attachment":[{"href":"https:\/\/farwell.ee\/ru\/wp-json\/wp\/v2\/media?parent=20236"}],"wp:term":[{"taxonomy":"product_brand","embeddable":true,"href":"https:\/\/farwell.ee\/ru\/wp-json\/wp\/v2\/product_brand?post=20236"},{"taxonomy":"product_cat","embeddable":true,"href":"https:\/\/farwell.ee\/ru\/wp-json\/wp\/v2\/product_cat?post=20236"},{"taxonomy":"product_tag","embeddable":true,"href":"https:\/\/farwell.ee\/ru\/wp-json\/wp\/v2\/product_tag?post=20236"}],"curies":[{"name":"wp","href":"https:\/\/api.w.org\/{rel}","templated":true}]}}