{"id":19665,"date":"2023-02-02T13:45:03","date_gmt":"2023-02-02T11:45:03","guid":{"rendered":"https:\/\/farwell.ee\/toode\/sailituskast-644l-poluetuleen-46x66x30cm-cambro-2\/"},"modified":"2025-07-01T13:30:05","modified_gmt":"2025-07-01T10:30:05","slug":"sailituskast-644l-poluetuleen-46x66x30cm-cambro-2","status":"publish","type":"product","link":"https:\/\/farwell.ee\/ru\/product\/sailituskast-644l-poluetuleen-46x66x30cm-cambro-2\/","title":{"rendered":"S\u00e4ilituskast 64,4L pol\u00fcet\u00fcleen 46x66x30cm Cambro"},"content":{"rendered":"","protected":false},"excerpt":{"rendered":"","protected":false},"featured_media":19664,"template":"","meta":{"_acf_changed":false,"inline_featured_image":false},"product_brand":[],"product_cat":[5674],"product_tag":[],"class_list":{"0":"post-19665","1":"product","2":"type-product","3":"status-publish","4":"has-post-thumbnail","6":"product_cat-sailitus-ja-transpordikastid","7":"pa_kaubamark-cambro","9":"first","10":"instock","11":"shipping-taxable","12":"purchasable","13":"product-type-simple"},"acf":[],"_links":{"self":[{"href":"https:\/\/farwell.ee\/ru\/wp-json\/wp\/v2\/product\/19665","targetHints":{"allow":["GET"]}}],"collection":[{"href":"https:\/\/farwell.ee\/ru\/wp-json\/wp\/v2\/product"}],"about":[{"href":"https:\/\/farwell.ee\/ru\/wp-json\/wp\/v2\/types\/product"}],"wp:featuredmedia":[{"embeddable":true,"href":"https:\/\/farwell.ee\/ru\/wp-json\/wp\/v2\/media\/19664"}],"wp:attachment":[{"href":"https:\/\/farwell.ee\/ru\/wp-json\/wp\/v2\/media?parent=19665"}],"wp:term":[{"taxonomy":"product_brand","embeddable":true,"href":"https:\/\/farwell.ee\/ru\/wp-json\/wp\/v2\/product_brand?post=19665"},{"taxonomy":"product_cat","embeddable":true,"href":"https:\/\/farwell.ee\/ru\/wp-json\/wp\/v2\/product_cat?post=19665"},{"taxonomy":"product_tag","embeddable":true,"href":"https:\/\/farwell.ee\/ru\/wp-json\/wp\/v2\/product_tag?post=19665"}],"curies":[{"name":"wp","href":"https:\/\/api.w.org\/{rel}","templated":true}]}}