{"id":19634,"date":"2023-02-01T15:45:03","date_gmt":"2023-02-01T13:45:03","guid":{"rendered":"https:\/\/farwell.ee\/toode\/saumikser-160mm-reguleeritava-kiirusega-4000-20000-p-min-2\/"},"modified":"2026-03-20T09:30:03","modified_gmt":"2026-03-20T07:30:03","slug":"saumikser-160mm-reguleeritava-kiirusega-4000-20000-p-min-2","status":"publish","type":"product","link":"https:\/\/farwell.ee\/ru\/product\/saumikser-160mm-reguleeritava-kiirusega-4000-20000-p-min-2\/","title":{"rendered":"Saumikser 160mm reguleeritava kiirusega, 4000-20000 p\/min"},"content":{"rendered":"","protected":false},"excerpt":{"rendered":"<p>V\u00f5imsus 270W.<br \/>\nJahutatav mootor.<br \/>\nRoostevabast terasest v\u00f5ll ja tera.<br \/>\nV\u00f5lli pikkus 160mm ja l\u00e4bim\u00f5\u00f5t 25mm.<br \/>\nNetokaal koos v\u00f5lliga\u00a0 1,61kg.<br \/>\nEraldi v\u00f5imalik juurde tellida vispliotsak koodiga 222164.<\/p>","protected":false},"featured_media":31992,"template":"","meta":{"_acf_changed":false,"inline_featured_image":false},"product_brand":[],"product_cat":[5586],"product_tag":[],"class_list":{"0":"post-19634","1":"product","2":"type-product","3":"status-publish","4":"has-post-thumbnail","6":"product_cat-saumikserid","7":"pa_kaubamark-hendi","9":"first","10":"instock","11":"shipping-taxable","12":"purchasable","13":"product-type-simple"},"acf":[],"_links":{"self":[{"href":"https:\/\/farwell.ee\/ru\/wp-json\/wp\/v2\/product\/19634","targetHints":{"allow":["GET"]}}],"collection":[{"href":"https:\/\/farwell.ee\/ru\/wp-json\/wp\/v2\/product"}],"about":[{"href":"https:\/\/farwell.ee\/ru\/wp-json\/wp\/v2\/types\/product"}],"wp:featuredmedia":[{"embeddable":true,"href":"https:\/\/farwell.ee\/ru\/wp-json\/wp\/v2\/media\/31992"}],"wp:attachment":[{"href":"https:\/\/farwell.ee\/ru\/wp-json\/wp\/v2\/media?parent=19634"}],"wp:term":[{"taxonomy":"product_brand","embeddable":true,"href":"https:\/\/farwell.ee\/ru\/wp-json\/wp\/v2\/product_brand?post=19634"},{"taxonomy":"product_cat","embeddable":true,"href":"https:\/\/farwell.ee\/ru\/wp-json\/wp\/v2\/product_cat?post=19634"},{"taxonomy":"product_tag","embeddable":true,"href":"https:\/\/farwell.ee\/ru\/wp-json\/wp\/v2\/product_tag?post=19634"}],"curies":[{"name":"wp","href":"https:\/\/api.w.org\/{rel}","templated":true}]}}