{"id":19509,"date":"2023-01-31T11:45:04","date_gmt":"2023-01-31T09:45:04","guid":{"rendered":"https:\/\/farwell.ee\/toode\/kasiriiv-laius-65cm-peene-riivteraga\/"},"modified":"2026-05-06T14:30:04","modified_gmt":"2026-05-06T11:30:04","slug":"kasiriiv-laius-65cm-peene-riivteraga","status":"publish","type":"product","link":"https:\/\/farwell.ee\/ru\/product\/kasiriiv-laius-65cm-peene-riivteraga\/","title":{"rendered":"K\u00e4siriiv peene riivteraga, laius 6,5cm"},"content":{"rendered":"","protected":false},"excerpt":{"rendered":"<p>Mikroteradega riiv on mugav k\u00f5vade juustude, tsitruseliste koorte, k\u00fc\u00fcslauguk\u00fc\u00fcnte ja kuivatatud v\u00fcrtside riivimiseks.<\/p>","protected":false},"featured_media":30670,"template":"","meta":{"_acf_changed":false,"inline_featured_image":false},"product_brand":[],"product_cat":[163],"product_tag":[],"class_list":{"0":"post-19509","1":"product","2":"type-product","3":"status-publish","4":"has-post-thumbnail","6":"product_cat-riivid-koorijad-ja-pureestajad","7":"pa_kaubamark-ilsa","9":"first","10":"instock","11":"shipping-taxable","12":"purchasable","13":"product-type-simple"},"acf":[],"_links":{"self":[{"href":"https:\/\/farwell.ee\/ru\/wp-json\/wp\/v2\/product\/19509","targetHints":{"allow":["GET"]}}],"collection":[{"href":"https:\/\/farwell.ee\/ru\/wp-json\/wp\/v2\/product"}],"about":[{"href":"https:\/\/farwell.ee\/ru\/wp-json\/wp\/v2\/types\/product"}],"wp:featuredmedia":[{"embeddable":true,"href":"https:\/\/farwell.ee\/ru\/wp-json\/wp\/v2\/media\/30670"}],"wp:attachment":[{"href":"https:\/\/farwell.ee\/ru\/wp-json\/wp\/v2\/media?parent=19509"}],"wp:term":[{"taxonomy":"product_brand","embeddable":true,"href":"https:\/\/farwell.ee\/ru\/wp-json\/wp\/v2\/product_brand?post=19509"},{"taxonomy":"product_cat","embeddable":true,"href":"https:\/\/farwell.ee\/ru\/wp-json\/wp\/v2\/product_cat?post=19509"},{"taxonomy":"product_tag","embeddable":true,"href":"https:\/\/farwell.ee\/ru\/wp-json\/wp\/v2\/product_tag?post=19509"}],"curies":[{"name":"wp","href":"https:\/\/api.w.org\/{rel}","templated":true}]}}