{"id":19482,"date":"2023-01-30T14:00:03","date_gmt":"2023-01-30T12:00:03","guid":{"rendered":"https:\/\/farwell.ee\/toode\/termokapp-86l-eestalaetav-12-siini-gn-1-1-noudele-epp-vahtplast\/"},"modified":"2026-03-02T18:00:04","modified_gmt":"2026-03-02T16:00:04","slug":"termokapp-86l-eestalaetav-12-siini-gn-1-1-noudele-epp-vahtplast","status":"publish","type":"product","link":"https:\/\/farwell.ee\/ru\/product\/termokapp-86l-eestalaetav-12-siini-gn-1-1-noudele-epp-vahtplast\/","title":{"rendered":"Termokapp 86L eestalaetav, 12-siiniga, Gn 1\/1 n\u00f5udele"},"content":{"rendered":"","protected":false},"excerpt":{"rendered":"<p>EPP-vahtplastist.<br \/>\nV\u00e4lism\u00f5\u00f5dud 645x440x630mm.<br \/>\nSisem\u00f5\u00f5dud 535x330x525mm.<br \/>\nMahutavus 6 x GN 1\/1-65 v\u00f5i 4 x GN 1\/1-100 v\u00f5i 3 x GN 1\/1-150 v\u00f5i 2 x GN 1\/1-200.<br \/>\nKasulik maht GN-n\u00f5udega 51-58,5L.<br \/>\nMaterjali tihedus: 60 g\/l.<br \/>\nKaal 3,9 kg.<br \/>\nTemperatuuritaluvus -40\u00b0 kuni +100\u00b0 C.<br \/>\nN\u00f5udepesumasinas pestav.<br \/>\nHea soojusisolatsioon.<br \/>\nTaaskasutatav materjal.<br \/>\nLisavarustuses saadaval sooja-, k\u00fclma- ja isoleerplaadid, trasnspordialus ja markeerimissildid.<br \/>\nSobilik ratastega alus on koodiga CD3253EPP158.<\/p>","protected":false},"featured_media":19481,"template":"","meta":{"_acf_changed":false,"inline_featured_image":false},"product_brand":[],"product_cat":[5554],"product_tag":[],"class_list":{"0":"post-19482","1":"product","2":"type-product","3":"status-publish","4":"has-post-thumbnail","6":"product_cat-termokastid-ja-termokapid","7":"pa_kaubamark-cambro","9":"first","10":"instock","11":"shipping-taxable","12":"purchasable","13":"product-type-simple"},"acf":[],"_links":{"self":[{"href":"https:\/\/farwell.ee\/ru\/wp-json\/wp\/v2\/product\/19482","targetHints":{"allow":["GET"]}}],"collection":[{"href":"https:\/\/farwell.ee\/ru\/wp-json\/wp\/v2\/product"}],"about":[{"href":"https:\/\/farwell.ee\/ru\/wp-json\/wp\/v2\/types\/product"}],"wp:featuredmedia":[{"embeddable":true,"href":"https:\/\/farwell.ee\/ru\/wp-json\/wp\/v2\/media\/19481"}],"wp:attachment":[{"href":"https:\/\/farwell.ee\/ru\/wp-json\/wp\/v2\/media?parent=19482"}],"wp:term":[{"taxonomy":"product_brand","embeddable":true,"href":"https:\/\/farwell.ee\/ru\/wp-json\/wp\/v2\/product_brand?post=19482"},{"taxonomy":"product_cat","embeddable":true,"href":"https:\/\/farwell.ee\/ru\/wp-json\/wp\/v2\/product_cat?post=19482"},{"taxonomy":"product_tag","embeddable":true,"href":"https:\/\/farwell.ee\/ru\/wp-json\/wp\/v2\/product_tag?post=19482"}],"curies":[{"name":"wp","href":"https:\/\/api.w.org\/{rel}","templated":true}]}}