{"id":19473,"date":"2023-01-30T10:15:04","date_gmt":"2023-01-30T08:15:04","guid":{"rendered":"https:\/\/farwell.ee\/toode\/joogitermos-kraaniga-179l-roheline-cambro\/"},"modified":"2025-07-02T08:15:06","modified_gmt":"2025-07-02T05:15:06","slug":"joogitermos-kraaniga-179l-roheline-cambro","status":"publish","type":"product","link":"https:\/\/farwell.ee\/ru\/product\/joogitermos-kraaniga-179l-roheline-cambro\/","title":{"rendered":"Joogitermos 17,9L kraaniga Cambro"},"content":{"rendered":"","protected":false},"excerpt":{"rendered":"<p>Materjal pol\u00fcet\u00fcleen, soojustusmaterjal pol\u00fcuretaan.<br \/>\nIntegreeritud k\u00e4epidemed<br \/>\nMaht 17,9L<br \/>\nMahutab 210ml portsjonit 85tk<br \/>\nM\u00f5\u00f5dud: 42x23x62cm<br \/>\nMonoliitne, liitekohtadeta korpus ja tugevad k\u00e4epidemed.<br \/>\nKaas varustatud eemaldatava ja vahetatava tihendiga.<br \/>\nKuuma joogi puhul langeb temperatuur u. 2,5 kraadi tunnis.<br \/>\nK\u00fclma joogi puhul t\u00f5useb temperatuur u. 0,75 kraadi tunnis.<br \/>\nNeli kitsast nailonklambrit.<br \/>\nLadustatav.<br \/>\nS\u00fcviskraan on kaitstud l\u00f6\u00f6kide eest.<br \/>\nMasinpestav.<\/p>","protected":false},"featured_media":19472,"template":"","meta":{"_acf_changed":false,"inline_featured_image":false},"product_brand":[],"product_cat":[5553],"product_tag":[],"class_list":{"0":"post-19473","1":"product","2":"type-product","3":"status-publish","4":"has-post-thumbnail","6":"product_cat-joogitermosed-ja-toidutermosed","7":"pa_kaubamark-cambro","9":"first","10":"outofstock","11":"shipping-taxable","12":"purchasable","13":"product-type-simple"},"acf":[],"_links":{"self":[{"href":"https:\/\/farwell.ee\/ru\/wp-json\/wp\/v2\/product\/19473","targetHints":{"allow":["GET"]}}],"collection":[{"href":"https:\/\/farwell.ee\/ru\/wp-json\/wp\/v2\/product"}],"about":[{"href":"https:\/\/farwell.ee\/ru\/wp-json\/wp\/v2\/types\/product"}],"wp:featuredmedia":[{"embeddable":true,"href":"https:\/\/farwell.ee\/ru\/wp-json\/wp\/v2\/media\/19472"}],"wp:attachment":[{"href":"https:\/\/farwell.ee\/ru\/wp-json\/wp\/v2\/media?parent=19473"}],"wp:term":[{"taxonomy":"product_brand","embeddable":true,"href":"https:\/\/farwell.ee\/ru\/wp-json\/wp\/v2\/product_brand?post=19473"},{"taxonomy":"product_cat","embeddable":true,"href":"https:\/\/farwell.ee\/ru\/wp-json\/wp\/v2\/product_cat?post=19473"},{"taxonomy":"product_tag","embeddable":true,"href":"https:\/\/farwell.ee\/ru\/wp-json\/wp\/v2\/product_tag?post=19473"}],"curies":[{"name":"wp","href":"https:\/\/api.w.org\/{rel}","templated":true}]}}