{"id":19444,"date":"2023-01-27T15:45:04","date_gmt":"2023-01-27T13:45:04","guid":{"rendered":"https:\/\/farwell.ee\/toode\/joogitermos-397l-kraaniga-roheline-cambro\/"},"modified":"2025-07-01T13:30:09","modified_gmt":"2025-07-01T10:30:09","slug":"joogitermos-397l-kraaniga-roheline-cambro","status":"publish","type":"product","link":"https:\/\/farwell.ee\/ru\/product\/joogitermos-397l-kraaniga-roheline-cambro\/","title":{"rendered":"Joogitermos 39,7L kraaniga Cambro"},"content":{"rendered":"","protected":false},"excerpt":{"rendered":"<p>Materjal pol\u00fcet\u00fcleen, soojustusmaterjal pol\u00fcuretaan.<br \/>\nIntegreeritud k\u00e4epidemed<br \/>\nMaht 39,7L<br \/>\nMahutab 210ml portsjonit 192tk<br \/>\nM\u00f5\u00f5dud: 52&#215;41,5&#215;65,5cm<br \/>\nMonoliitne, liitekohtadeta korpus ja tugevad k\u00e4epidemed.<br \/>\nKaks laia nailonklambrit, mida on lihtne avada ja sulgeda.<br \/>\nKaanel reguleeritav ventilatsioonikork, mis aitab r\u00f5hku \u00fchtlustada ja auru realiseerida.<br \/>\nKaas varustatud eemaldatava ja vahetatava tihendiga.<br \/>\nKuuma joogi puhul langeb temperatuur u. 2 kraadi tunnis.<br \/>\nK\u00fclma joogi puhul t\u00f5useb temperatuur u. 0,4 kraadi tunnis.<br \/>\nLadustatav.<br \/>\nS\u00fcviskraan on kaitstud l\u00f6\u00f6kide eest.<br \/>\nMasinpestav.<\/p>","protected":false},"featured_media":33155,"template":"","meta":{"_acf_changed":false,"inline_featured_image":false},"product_brand":[],"product_cat":[5553],"product_tag":[],"class_list":{"0":"post-19444","1":"product","2":"type-product","3":"status-publish","4":"has-post-thumbnail","6":"product_cat-joogitermosed-ja-toidutermosed","7":"pa_kaubamark-cambro","9":"first","10":"instock","11":"sale","12":"shipping-taxable","13":"purchasable","14":"product-type-simple"},"acf":[],"_links":{"self":[{"href":"https:\/\/farwell.ee\/ru\/wp-json\/wp\/v2\/product\/19444","targetHints":{"allow":["GET"]}}],"collection":[{"href":"https:\/\/farwell.ee\/ru\/wp-json\/wp\/v2\/product"}],"about":[{"href":"https:\/\/farwell.ee\/ru\/wp-json\/wp\/v2\/types\/product"}],"wp:featuredmedia":[{"embeddable":true,"href":"https:\/\/farwell.ee\/ru\/wp-json\/wp\/v2\/media\/33155"}],"wp:attachment":[{"href":"https:\/\/farwell.ee\/ru\/wp-json\/wp\/v2\/media?parent=19444"}],"wp:term":[{"taxonomy":"product_brand","embeddable":true,"href":"https:\/\/farwell.ee\/ru\/wp-json\/wp\/v2\/product_brand?post=19444"},{"taxonomy":"product_cat","embeddable":true,"href":"https:\/\/farwell.ee\/ru\/wp-json\/wp\/v2\/product_cat?post=19444"},{"taxonomy":"product_tag","embeddable":true,"href":"https:\/\/farwell.ee\/ru\/wp-json\/wp\/v2\/product_tag?post=19444"}],"curies":[{"name":"wp","href":"https:\/\/api.w.org\/{rel}","templated":true}]}}