{"id":19379,"date":"2023-01-27T09:15:03","date_gmt":"2023-01-27T07:15:03","guid":{"rendered":"https:\/\/farwell.ee\/toode\/kokanuga-20cm-37-kihiline-damaskus-vg-10-zen-yaxell\/"},"modified":"2025-11-28T15:15:04","modified_gmt":"2025-11-28T13:15:04","slug":"kokanuga-20cm-37-kihiline-damaskus-vg-10-zen-yaxell","status":"publish","type":"product","link":"https:\/\/farwell.ee\/ru\/product\/kokanuga-20cm-37-kihiline-damaskus-vg-10-zen-yaxell\/","title":{"rendered":"Kokanuga 20cm Gyoto 37-kihiline Damaskus VG-10 ZEN"},"content":{"rendered":"","protected":false},"excerpt":{"rendered":"<p>Yaxell ZEN sarja kokanoad on valmistatud 37-kihilisest damascuse terasest.<br \/>\nTuumikmaterjal VG10 \u201esuper teras\u201c koosneb koobaltist, mol\u00fcbdeenist, vanaadiumist ja s\u00fcsinikust.<br \/>\nVG10 k\u00f5rgs\u00fcsinikteras on kaetud m\u00f5lemalt poolt 18-kihilise pehmema roostevaba terase kihiga, mis annab nugadele vajaliku stabiilsuse ja elastsuse.<br \/>\nSpetsiaalne kuumt\u00f6\u00f6lemine annab teradele v\u00e4ljapaistva k\u00f5vaduse , mis on Rockwelli skaalas HRC61.<br \/>\nTera vasardatud <em>&#8220;tsuchime&#8221;<\/em> pinnat\u00f6\u00f6tlus tagab, et iga nuga on kordumatu v\u00e4limusega.<\/p>\n<p>K\u00e4epide on valmistatud mustast Canvas-Micarta\u00b4st (lina ja loodusliku vaigu segu), mis on l\u00f5hnavaba ja tohutult vastupidav materjal.<br \/>\nKaks roostevabast terasest neeti kinnitavad k\u00e4epideme tihedalt.<br \/>\nZEN sarja kokanugade teritusnurk on 10 kraadi.<br \/>\nS\u00f5na ZEN t\u00e4hendab t\u00f5lkes &#8220;k\u00f5ige tervislikum toit&#8221;.<\/p>","protected":false},"featured_media":19378,"template":"","meta":{"_acf_changed":false,"inline_featured_image":false},"product_brand":[],"product_cat":[140],"product_tag":[],"class_list":{"0":"post-19379","1":"product","2":"type-product","3":"status-publish","4":"has-post-thumbnail","6":"product_cat-kooginoad","7":"pa_kaubamark-yaxell","9":"first","10":"instock","11":"shipping-taxable","12":"purchasable","13":"product-type-simple"},"acf":[],"_links":{"self":[{"href":"https:\/\/farwell.ee\/ru\/wp-json\/wp\/v2\/product\/19379","targetHints":{"allow":["GET"]}}],"collection":[{"href":"https:\/\/farwell.ee\/ru\/wp-json\/wp\/v2\/product"}],"about":[{"href":"https:\/\/farwell.ee\/ru\/wp-json\/wp\/v2\/types\/product"}],"wp:featuredmedia":[{"embeddable":true,"href":"https:\/\/farwell.ee\/ru\/wp-json\/wp\/v2\/media\/19378"}],"wp:attachment":[{"href":"https:\/\/farwell.ee\/ru\/wp-json\/wp\/v2\/media?parent=19379"}],"wp:term":[{"taxonomy":"product_brand","embeddable":true,"href":"https:\/\/farwell.ee\/ru\/wp-json\/wp\/v2\/product_brand?post=19379"},{"taxonomy":"product_cat","embeddable":true,"href":"https:\/\/farwell.ee\/ru\/wp-json\/wp\/v2\/product_cat?post=19379"},{"taxonomy":"product_tag","embeddable":true,"href":"https:\/\/farwell.ee\/ru\/wp-json\/wp\/v2\/product_tag?post=19379"}],"curies":[{"name":"wp","href":"https:\/\/api.w.org\/{rel}","templated":true}]}}