{"id":19367,"date":"2023-01-26T17:00:03","date_gmt":"2023-01-26T15:00:03","guid":{"rendered":"https:\/\/farwell.ee\/toode\/frituur-2x6l-voimsus-2x33kw\/"},"modified":"2026-03-24T12:00:05","modified_gmt":"2026-03-24T10:00:05","slug":"frituur-2x6l-voimsus-2x33kw","status":"publish","type":"product","link":"https:\/\/farwell.ee\/ru\/product\/frituur-2x6l-voimsus-2x33kw\/","title":{"rendered":"Frit\u00fc\u00fcr 2x6L, v\u00f5imsus 2&#215;3,3kW"},"content":{"rendered":"","protected":false},"excerpt":{"rendered":"<p>\u2022 Lauapealne mudel<br \/>\n\u2022 Roostevabast terasest korpus ja \u00f5lianumad<br \/>\n\u2022 Eemaldatavad \u00f5livannid<br \/>\n\u2022 Sujuv temperatuuri reguleerimine kuni 190\u00b0 C<br \/>\n\u2022 Eemaldatavad k\u00fcttekehad tagavad kerge puhastamise.<br \/>\n\u2022 Lahtiv\u00f5etavatel juhtpaneelidel on t\u00e4iendav kaitses\u00fcsteem, mis l\u00fclitab frit\u00fc\u00fcri nende eemaldamise korral v\u00e4lja.<br \/>\n\u2022 &#8220;K\u00fclma tsooni&#8221; s\u00fcsteem &#8211; puru vajub \u00f5livanni p\u00f5hjale, ku \u00f5li temperatuur on madalam.<br \/>\n\u2022 Pika isoleeritud k\u00e4epidemega korvid.<br \/>\n\u2022 Komplektis 2 korvi ja 2 kaant.<br \/>\n\u2022 T\u00f6\u00f6tamise m\u00e4rgutuli.<br \/>\n\u2022 Turvatermostaat<br \/>\n\u2022 Maht: 2&#215;6 ltr.<br \/>\n\u2022 Elekter: 230 V \/ 1 faas \/ 2 x 3,3 kW<br \/>\n\u2022 M\u00f5\u00f5dud: 550 x 430 x 290 mm<\/p>","protected":false},"featured_media":31023,"template":"","meta":{"_acf_changed":false,"inline_featured_image":false},"product_brand":[],"product_cat":[8585],"product_tag":[],"class_list":{"0":"post-19367","1":"product","2":"type-product","3":"status-publish","4":"has-post-thumbnail","6":"product_cat-frituurid","7":"pa_kaubamark-hendi","9":"first","10":"instock","11":"shipping-taxable","12":"purchasable","13":"product-type-simple"},"acf":[],"_links":{"self":[{"href":"https:\/\/farwell.ee\/ru\/wp-json\/wp\/v2\/product\/19367","targetHints":{"allow":["GET"]}}],"collection":[{"href":"https:\/\/farwell.ee\/ru\/wp-json\/wp\/v2\/product"}],"about":[{"href":"https:\/\/farwell.ee\/ru\/wp-json\/wp\/v2\/types\/product"}],"wp:featuredmedia":[{"embeddable":true,"href":"https:\/\/farwell.ee\/ru\/wp-json\/wp\/v2\/media\/31023"}],"wp:attachment":[{"href":"https:\/\/farwell.ee\/ru\/wp-json\/wp\/v2\/media?parent=19367"}],"wp:term":[{"taxonomy":"product_brand","embeddable":true,"href":"https:\/\/farwell.ee\/ru\/wp-json\/wp\/v2\/product_brand?post=19367"},{"taxonomy":"product_cat","embeddable":true,"href":"https:\/\/farwell.ee\/ru\/wp-json\/wp\/v2\/product_cat?post=19367"},{"taxonomy":"product_tag","embeddable":true,"href":"https:\/\/farwell.ee\/ru\/wp-json\/wp\/v2\/product_tag?post=19367"}],"curies":[{"name":"wp","href":"https:\/\/api.w.org\/{rel}","templated":true}]}}