{"id":17184,"date":"2022-11-10T15:45:04","date_gmt":"2022-11-10T13:45:04","guid":{"rendered":"https:\/\/farwell.ee\/toode\/wok-pann-26cm-sobib-igale-pliidituubile\/"},"modified":"2025-07-01T13:30:07","modified_gmt":"2025-07-01T10:30:07","slug":"wok-pann-26cm-sobib-igale-pliidituubile","status":"publish","type":"product","link":"https:\/\/farwell.ee\/ru\/product\/wok-pann-26cm-sobib-igale-pliidituubile\/","title":{"rendered":"Wok-pann 26cm r\/v lameda p\u00f5hjaga, sobib igale pliidit\u00fc\u00fcbile"},"content":{"rendered":"","protected":false},"excerpt":{"rendered":"","protected":false},"featured_media":19357,"template":"","meta":{"_acf_changed":false,"inline_featured_image":false},"product_brand":[],"product_cat":[152],"product_tag":[6143,6145],"class_list":{"0":"post-17184","1":"product","2":"type-product","3":"status-publish","4":"has-post-thumbnail","6":"product_cat-pannid","7":"product_tag-praadimispann","8":"product_tag-praepann","9":"pa_kaubamark-abm","11":"first","12":"instock","13":"shipping-taxable","14":"purchasable","15":"product-type-simple"},"acf":[],"_links":{"self":[{"href":"https:\/\/farwell.ee\/ru\/wp-json\/wp\/v2\/product\/17184","targetHints":{"allow":["GET"]}}],"collection":[{"href":"https:\/\/farwell.ee\/ru\/wp-json\/wp\/v2\/product"}],"about":[{"href":"https:\/\/farwell.ee\/ru\/wp-json\/wp\/v2\/types\/product"}],"wp:featuredmedia":[{"embeddable":true,"href":"https:\/\/farwell.ee\/ru\/wp-json\/wp\/v2\/media\/19357"}],"wp:attachment":[{"href":"https:\/\/farwell.ee\/ru\/wp-json\/wp\/v2\/media?parent=17184"}],"wp:term":[{"taxonomy":"product_brand","embeddable":true,"href":"https:\/\/farwell.ee\/ru\/wp-json\/wp\/v2\/product_brand?post=17184"},{"taxonomy":"product_cat","embeddable":true,"href":"https:\/\/farwell.ee\/ru\/wp-json\/wp\/v2\/product_cat?post=17184"},{"taxonomy":"product_tag","embeddable":true,"href":"https:\/\/farwell.ee\/ru\/wp-json\/wp\/v2\/product_tag?post=17184"}],"curies":[{"name":"wp","href":"https:\/\/api.w.org\/{rel}","templated":true}]}}