{"id":16855,"date":"2022-09-26T11:16:38","date_gmt":"2022-09-26T08:16:38","guid":{"rendered":"https:\/\/farwell.ee\/toode\/jahukuhvel-28l\/"},"modified":"2026-03-05T16:00:12","modified_gmt":"2026-03-05T14:00:12","slug":"jahukuhvel-28l","status":"publish","type":"product","link":"https:\/\/farwell.ee\/ru\/product\/jahukuhvel-28l\/","title":{"rendered":"Jahuk\u00fchvel e. j\u00e4\u00e4k\u00fchvel 2,8L"},"content":{"rendered":"","protected":false},"excerpt":{"rendered":"","protected":false},"featured_media":36505,"template":"","meta":{"_acf_changed":false,"inline_featured_image":false},"product_brand":[],"product_cat":[12434],"product_tag":[8759,8757,8758],"class_list":{"0":"post-16855","1":"product","2":"type-product","3":"status-publish","4":"has-post-thumbnail","6":"product_cat-kuhvlid","7":"product_tag-kuhvel","8":"product_tag-kuivainekuhvel","9":"product_tag-kuivainete-kuhvel","10":"pa_kaubamark-paderno","12":"first","13":"outofstock","14":"shipping-taxable","15":"purchasable","16":"product-type-simple"},"acf":[],"_links":{"self":[{"href":"https:\/\/farwell.ee\/ru\/wp-json\/wp\/v2\/product\/16855","targetHints":{"allow":["GET"]}}],"collection":[{"href":"https:\/\/farwell.ee\/ru\/wp-json\/wp\/v2\/product"}],"about":[{"href":"https:\/\/farwell.ee\/ru\/wp-json\/wp\/v2\/types\/product"}],"wp:featuredmedia":[{"embeddable":true,"href":"https:\/\/farwell.ee\/ru\/wp-json\/wp\/v2\/media\/36505"}],"wp:attachment":[{"href":"https:\/\/farwell.ee\/ru\/wp-json\/wp\/v2\/media?parent=16855"}],"wp:term":[{"taxonomy":"product_brand","embeddable":true,"href":"https:\/\/farwell.ee\/ru\/wp-json\/wp\/v2\/product_brand?post=16855"},{"taxonomy":"product_cat","embeddable":true,"href":"https:\/\/farwell.ee\/ru\/wp-json\/wp\/v2\/product_cat?post=16855"},{"taxonomy":"product_tag","embeddable":true,"href":"https:\/\/farwell.ee\/ru\/wp-json\/wp\/v2\/product_tag?post=16855"}],"curies":[{"name":"wp","href":"https:\/\/api.w.org\/{rel}","templated":true}]}}