{"id":15913,"date":"2021-11-09T14:30:03","date_gmt":"2021-11-09T12:30:03","guid":{"rendered":"https:\/\/farwell.ee\/toode\/kastmepott-16cm-igale-pliidituubile\/"},"modified":"2026-02-18T17:00:04","modified_gmt":"2026-02-18T15:00:04","slug":"kastrul-1-2l-kaaneta-al-non-stick-r-v-kaepide-sobib-igale-pliidituubile","status":"publish","type":"product","link":"https:\/\/farwell.ee\/ru\/product\/kastrul-1-2l-kaaneta-al-non-stick-r-v-kaepide-sobib-igale-pliidituubile\/","title":{"rendered":"Kastrul 1,2L kaaneta, Al \/ Non-stick, r\/v k\u00e4epide, sobib igale pliidit\u00fc\u00fcbile ST1"},"content":{"rendered":"","protected":false},"excerpt":{"rendered":"<p>Sepistatud alumiinium, 4-millimeetrise paksusega korpus.<\/p>\n<p>AIR FLOW tehnoloogiaga k\u00e4epide on valmistatud harjatud roostevabast terasest: : kerge, ergonoomiline ja mittekuumenev.<br \/>\nK\u00e4epidme kinnitavad kaks eriti tugevat roostevabast terasest neeti.<\/p>\n<p>T\u00e4isinduktsioonp\u00f5hi sobib k\u00f5ikidele pliidit\u00fc\u00fcpidele, sh induktsioonile.<br \/>\nPFOA-vaba 3-kihiline mittenakkuv sisekate. T\u00e4nu karedale pinnakattele tagab see erakordse mittenakkuva tulemuse.<\/p>\n<p>N\u00f5udepesumasinas pestav.<br \/>\nPeske sobivate pesuvahenditega, v\u00e4ltides kloorip\u00f5hiseid tooteid ja pleegitusaineid.<\/p>\n<p>&nbsp;<\/p>","protected":false},"featured_media":15912,"template":"","meta":{"_acf_changed":false,"inline_featured_image":false},"product_brand":[],"product_cat":[158],"product_tag":[6111,8766,6113],"class_list":{"0":"post-15913","1":"product","2":"type-product","3":"status-publish","4":"has-post-thumbnail","6":"product_cat-potid-koogitarvikud","7":"product_tag-kastmekastrul","8":"product_tag-kastmepott","9":"product_tag-kastrul","10":"pa_kaubamark-pintinox","12":"first","13":"instock","14":"shipping-taxable","15":"purchasable","16":"product-type-simple"},"acf":[],"_links":{"self":[{"href":"https:\/\/farwell.ee\/ru\/wp-json\/wp\/v2\/product\/15913","targetHints":{"allow":["GET"]}}],"collection":[{"href":"https:\/\/farwell.ee\/ru\/wp-json\/wp\/v2\/product"}],"about":[{"href":"https:\/\/farwell.ee\/ru\/wp-json\/wp\/v2\/types\/product"}],"wp:featuredmedia":[{"embeddable":true,"href":"https:\/\/farwell.ee\/ru\/wp-json\/wp\/v2\/media\/15912"}],"wp:attachment":[{"href":"https:\/\/farwell.ee\/ru\/wp-json\/wp\/v2\/media?parent=15913"}],"wp:term":[{"taxonomy":"product_brand","embeddable":true,"href":"https:\/\/farwell.ee\/ru\/wp-json\/wp\/v2\/product_brand?post=15913"},{"taxonomy":"product_cat","embeddable":true,"href":"https:\/\/farwell.ee\/ru\/wp-json\/wp\/v2\/product_cat?post=15913"},{"taxonomy":"product_tag","embeddable":true,"href":"https:\/\/farwell.ee\/ru\/wp-json\/wp\/v2\/product_tag?post=15913"}],"curies":[{"name":"wp","href":"https:\/\/api.w.org\/{rel}","templated":true}]}}