{"id":15911,"date":"2021-11-09T14:30:02","date_gmt":"2021-11-09T12:30:02","guid":{"rendered":"https:\/\/farwell.ee\/toode\/pann-26cm-sobib-igale-pliidituubile-2\/"},"modified":"2026-04-07T12:30:11","modified_gmt":"2026-04-07T09:30:11","slug":"pann-26cm-sobib-igale-pliidituubile-2","status":"publish","type":"product","link":"https:\/\/farwell.ee\/ru\/product\/pann-26cm-sobib-igale-pliidituubile-2\/","title":{"rendered":"Praepann 28cm r\/v k\u00e4epide, sobib igale pliidit\u00fc\u00fcbile"},"content":{"rendered":"","protected":false},"excerpt":{"rendered":"<p>Sepistatud alumiinium, 4-millimeetrise paksusega korpus.<\/p>\n<p>AIR FLOW tehnoloogiaga k\u00e4epide on valmistatud harjatud roostevabast terasest: : kerge, ergonoomiline ja mittekuumenev.<br \/>\nK\u00e4epidme kinnitavad kaks eriti tugevat roostevabast terasest neeti.<\/p>\n<p>T\u00e4isinduktsioonp\u00f5hi sobib k\u00f5ikidele pliidit\u00fc\u00fcpidele, sh induktsioonile.<br \/>\nPFOA-vaba 3-kihiline mittenakkuv sisekate. T\u00e4nu karedale pinnakattele tagab see erakordse mittenakkuva tulemuse.<\/p>\n<p>N\u00f5udepesumasinas pestav.<br \/>\nPeske sobivate pesuvahenditega, v\u00e4ltides kloorip\u00f5hiseid tooteid ja pleegitusaineid.<\/p>","protected":false},"featured_media":32521,"template":"","meta":{"_acf_changed":false,"inline_featured_image":false},"product_brand":[],"product_cat":[152],"product_tag":[6143,6145],"class_list":{"0":"post-15911","1":"product","2":"type-product","3":"status-publish","4":"has-post-thumbnail","6":"product_cat-pannid","7":"product_tag-praadimispann","8":"product_tag-praepann","9":"pa_kaubamark-pintinox","11":"first","12":"instock","13":"shipping-taxable","14":"purchasable","15":"product-type-simple"},"acf":[],"_links":{"self":[{"href":"https:\/\/farwell.ee\/ru\/wp-json\/wp\/v2\/product\/15911","targetHints":{"allow":["GET"]}}],"collection":[{"href":"https:\/\/farwell.ee\/ru\/wp-json\/wp\/v2\/product"}],"about":[{"href":"https:\/\/farwell.ee\/ru\/wp-json\/wp\/v2\/types\/product"}],"wp:featuredmedia":[{"embeddable":true,"href":"https:\/\/farwell.ee\/ru\/wp-json\/wp\/v2\/media\/32521"}],"wp:attachment":[{"href":"https:\/\/farwell.ee\/ru\/wp-json\/wp\/v2\/media?parent=15911"}],"wp:term":[{"taxonomy":"product_brand","embeddable":true,"href":"https:\/\/farwell.ee\/ru\/wp-json\/wp\/v2\/product_brand?post=15911"},{"taxonomy":"product_cat","embeddable":true,"href":"https:\/\/farwell.ee\/ru\/wp-json\/wp\/v2\/product_cat?post=15911"},{"taxonomy":"product_tag","embeddable":true,"href":"https:\/\/farwell.ee\/ru\/wp-json\/wp\/v2\/product_tag?post=15911"}],"curies":[{"name":"wp","href":"https:\/\/api.w.org\/{rel}","templated":true}]}}