{"id":15662,"date":"2021-10-20T16:45:02","date_gmt":"2021-10-20T13:45:02","guid":{"rendered":"https:\/\/farwell.ee\/toode\/jahu-jaakuhvel-1l-r-v\/"},"modified":"2026-03-26T14:30:04","modified_gmt":"2026-03-26T12:30:04","slug":"jahu-jaakuhvel-1l-r-v","status":"publish","type":"product","link":"https:\/\/farwell.ee\/ru\/product\/jahu-jaakuhvel-1l-r-v\/","title":{"rendered":"Jahuk\u00fchvel e. j\u00e4\u00e4k\u00fchvel 1L"},"content":{"rendered":"","protected":false},"excerpt":{"rendered":"","protected":false},"featured_media":36500,"template":"","meta":{"_acf_changed":false,"inline_featured_image":false},"product_brand":[],"product_cat":[12434],"product_tag":[],"class_list":{"0":"post-15662","1":"product","2":"type-product","3":"status-publish","4":"has-post-thumbnail","6":"product_cat-kuhvlid","7":"pa_kaubamark-paderno","9":"first","10":"instock","11":"shipping-taxable","12":"purchasable","13":"product-type-simple"},"acf":[],"_links":{"self":[{"href":"https:\/\/farwell.ee\/ru\/wp-json\/wp\/v2\/product\/15662","targetHints":{"allow":["GET"]}}],"collection":[{"href":"https:\/\/farwell.ee\/ru\/wp-json\/wp\/v2\/product"}],"about":[{"href":"https:\/\/farwell.ee\/ru\/wp-json\/wp\/v2\/types\/product"}],"wp:featuredmedia":[{"embeddable":true,"href":"https:\/\/farwell.ee\/ru\/wp-json\/wp\/v2\/media\/36500"}],"wp:attachment":[{"href":"https:\/\/farwell.ee\/ru\/wp-json\/wp\/v2\/media?parent=15662"}],"wp:term":[{"taxonomy":"product_brand","embeddable":true,"href":"https:\/\/farwell.ee\/ru\/wp-json\/wp\/v2\/product_brand?post=15662"},{"taxonomy":"product_cat","embeddable":true,"href":"https:\/\/farwell.ee\/ru\/wp-json\/wp\/v2\/product_cat?post=15662"},{"taxonomy":"product_tag","embeddable":true,"href":"https:\/\/farwell.ee\/ru\/wp-json\/wp\/v2\/product_tag?post=15662"}],"curies":[{"name":"wp","href":"https:\/\/api.w.org\/{rel}","templated":true}]}}