{"id":15546,"date":"2021-08-18T14:27:35","date_gmt":"2021-08-18T11:27:35","guid":{"rendered":"https:\/\/farwell.ee\/?post_type=product&#038;p=15546"},"modified":"2023-10-09T00:51:52","modified_gmt":"2023-10-08T21:51:52","slug":"electrolux-mypro-zip-maksesusteem-electrolux-mypro-seeria-pesumasinatele","status":"publish","type":"product","link":"https:\/\/farwell.ee\/ru\/product\/electrolux-mypro-zip-maksesusteem-electrolux-mypro-seeria-pesumasinatele\/","title":{"rendered":"Electrolux MyPro ZIP makses\u00fcsteem Electrolux MyPro seeria pesumasinatele"},"content":{"rendered":"","protected":false},"excerpt":{"rendered":"<p>https:\/\/www.youtube.com\/watch?v=PcyUb3mzyJc<\/p>\n<p><span style=\"font-size: 14pt\"><strong>Omadused ja eelised<\/strong><\/span><\/p>\n<p>Traditsiooniline m\u00fcndimakse s\u00fcsteem<br \/>\niseteenindus-pesumajadele, korteri\u00fchistutele, hotellidele ja majutusasutustele<\/p>\n<p>MyPro ZIp makses\u00fcsteem on ette n\u00e4htud vastava ettevalmistuses Electrolux MyPro profimasinatele<br \/>\nCoinbox Duo EUR-m\u00fcntidega makses\u00fcsteem sisaldab kahte m\u00fcndilugejat ja on ette n\u00e4htud kahe masina juhtimiseks.<br \/>\nValige \u00fcksk\u00f5ik milline kahe myPROzip masina kombinatsioon (pesumasin\/pesumasin, pesumasin\/kuivati \u200b\u200bv\u00f5i kuivati\/kuivati) ja m\u00e4\u00e4rake igale m\u00fcndim\u00f5\u00f5tur masin pesu- v\u00f5i kuivatusts\u00fckli tasumiseks.<br \/>\nHinna programmeerimine ja aktiveerimine teostatakse pesumasina v\u00f5i kuivati men\u00fc\u00fcst.<\/p>\n<p>MyPro ZIP maksees\u00fcsteemis saab maksmisel kasutada k\u00f5iki m\u00fcnte alates 10 sendi v\u00e4\u00e4ringu m\u00fcndist.<\/p>","protected":false},"featured_media":15547,"template":"","meta":{"_acf_changed":false,"inline_featured_image":false},"product_brand":[],"product_cat":[4165],"product_tag":[],"class_list":{"0":"post-15546","1":"product","2":"type-product","3":"status-publish","4":"has-post-thumbnail","6":"product_cat-iseteenindus-pesumaja","8":"first","9":"outofstock","10":"shipping-taxable","11":"product-type-simple"},"acf":[],"_links":{"self":[{"href":"https:\/\/farwell.ee\/ru\/wp-json\/wp\/v2\/product\/15546","targetHints":{"allow":["GET"]}}],"collection":[{"href":"https:\/\/farwell.ee\/ru\/wp-json\/wp\/v2\/product"}],"about":[{"href":"https:\/\/farwell.ee\/ru\/wp-json\/wp\/v2\/types\/product"}],"wp:featuredmedia":[{"embeddable":true,"href":"https:\/\/farwell.ee\/ru\/wp-json\/wp\/v2\/media\/15547"}],"wp:attachment":[{"href":"https:\/\/farwell.ee\/ru\/wp-json\/wp\/v2\/media?parent=15546"}],"wp:term":[{"taxonomy":"product_brand","embeddable":true,"href":"https:\/\/farwell.ee\/ru\/wp-json\/wp\/v2\/product_brand?post=15546"},{"taxonomy":"product_cat","embeddable":true,"href":"https:\/\/farwell.ee\/ru\/wp-json\/wp\/v2\/product_cat?post=15546"},{"taxonomy":"product_tag","embeddable":true,"href":"https:\/\/farwell.ee\/ru\/wp-json\/wp\/v2\/product_tag?post=15546"}],"curies":[{"name":"wp","href":"https:\/\/api.w.org\/{rel}","templated":true}]}}