{"id":15531,"date":"2021-08-18T12:57:52","date_gmt":"2021-08-18T09:57:52","guid":{"rendered":"https:\/\/farwell.ee\/?post_type=product&#038;p=15531"},"modified":"2025-03-05T19:03:10","modified_gmt":"2025-03-05T17:03:10","slug":"desinfektsiooni-kapp-o-cab-300","status":"publish","type":"product","link":"https:\/\/farwell.ee\/ru\/product\/desinfektsiooni-kapp-o-cab-300\/","title":{"rendered":"Desinfektsiooni kapp ECO3\/300"},"content":{"rendered":"","protected":false},"excerpt":{"rendered":"<p>https:\/\/www.youtube.com\/watch?v=yZIp-qhpxuA&amp;t=7s<\/p>\n<p><span style=\"font-size: 14pt\"><strong>Omadused ja eelised<\/strong><\/span><\/p>\n<p>OZONE seeria desinfektsiooni kapid on ette n\u00e4htud erinevate r\u00f5ivaste, kangaste ja esemete<br \/>\nosooniga desodoreerimiseks ja desinfitseerimiseks. R\u00f5ivad ja esemed desinfitseeritakse loomulikul<br \/>\nviisil kemikaale kasutamata<\/p>\n<p><strong>Domus elektrooniline juhtpaneel:<\/strong><\/p>\n<ul>\n<li>Protsessorjuhtimine, automaatsed desinfektsiooni programmid<\/li>\n<li>Kolm erineva suurusega Desinfektsiooni kappi<\/li>\n<li>Ukse lukustamine kahe magnetilise lukuga tagab ukse suletuse ts\u00fckli v\u00e4ltel<\/li>\n<li>Ventilatsiooni \u00fchenduse vajadus puudub<\/li>\n<li>Aktiivs\u00f6e filtride tagavad osooni neutraliseerimise ja h\u00e4vitamise ts\u00fckli l\u00f5ppedes<\/li>\n<\/ul>\n<p><strong>T\u00f6\u00f6ts\u00fckkel:<\/strong><\/p>\n<ul>\n<li>Faas 1, osooni tekitamine kangastega t\u00e4idetud desinfektsiooni kapis<\/li>\n<li>Faas 2, osooni kontsentreerimine ja kapis asuvate kangaste ning esemete t\u00f6\u00f6tlemine<\/li>\n<li>Faas 3, osooni neutraliseerimine ja h\u00e4vitamine, ts\u00fckli l\u00f5pp<\/li>\n<\/ul>\n<p><strong>Seade eemaldab ebameeldiva l\u00f5hna ja desinfitseerib:<\/strong><\/p>\n<ul>\n<li>Kiivrid, kombinesoonid, p\u00e4\u00e4stjate lahingr\u00f5ivad<\/li>\n<li>Jalatsid, kotid, lemmikloomade esemed ja kangad, hobuste tekid, m\u00e4nguasjad<\/li>\n<li>Kardinad, padjad, madratsid, voodikatted,<\/li>\n<li>\u00dcleriided, joped, peakatted jms<\/li>\n<\/ul>\n<p>M\u00f5\u00f5tmed: 680(L) x 790(S) x1112(K)mm<br \/>\nMahutavus: 313 L<br \/>\nOsooni generaatori v\u00f5imsus 80W<br \/>\nOsooni tootlikkus 10g\/ h<br \/>\nOsooni generaatori ventilaatori v\u00f5imsus 40W<br \/>\nOsooni h\u00e4vitamise s\u00fcsteemi v\u00f5imsus 40W<br \/>\nelektrik\u00fcttega: 1 x230V; 0,2 kW<\/p>\n<p><strong>Tooteleht: <\/strong><a href=\"https:\/\/farwell.ee\/wp-content\/uploads\/ECO3-300_EN.pdf\">ECO3\/300<\/a><\/p>","protected":false},"featured_media":23982,"template":"","meta":{"_acf_changed":false,"inline_featured_image":false},"product_brand":[],"product_cat":[4133],"product_tag":[],"class_list":{"0":"post-15531","1":"product","2":"type-product","3":"status-publish","4":"has-post-thumbnail","6":"product_cat-o3-osoneerimise-ja-desinfektsiooni-seadmed","8":"first","9":"outofstock","10":"shipping-taxable","11":"purchasable","12":"product-type-simple"},"acf":[],"_links":{"self":[{"href":"https:\/\/farwell.ee\/ru\/wp-json\/wp\/v2\/product\/15531","targetHints":{"allow":["GET"]}}],"collection":[{"href":"https:\/\/farwell.ee\/ru\/wp-json\/wp\/v2\/product"}],"about":[{"href":"https:\/\/farwell.ee\/ru\/wp-json\/wp\/v2\/types\/product"}],"wp:featuredmedia":[{"embeddable":true,"href":"https:\/\/farwell.ee\/ru\/wp-json\/wp\/v2\/media\/23982"}],"wp:attachment":[{"href":"https:\/\/farwell.ee\/ru\/wp-json\/wp\/v2\/media?parent=15531"}],"wp:term":[{"taxonomy":"product_brand","embeddable":true,"href":"https:\/\/farwell.ee\/ru\/wp-json\/wp\/v2\/product_brand?post=15531"},{"taxonomy":"product_cat","embeddable":true,"href":"https:\/\/farwell.ee\/ru\/wp-json\/wp\/v2\/product_cat?post=15531"},{"taxonomy":"product_tag","embeddable":true,"href":"https:\/\/farwell.ee\/ru\/wp-json\/wp\/v2\/product_tag?post=15531"}],"curies":[{"name":"wp","href":"https:\/\/api.w.org\/{rel}","templated":true}]}}