{"id":15492,"date":"2021-08-16T13:48:21","date_gmt":"2021-08-16T10:48:21","guid":{"rendered":"https:\/\/farwell.ee\/?post_type=product&#038;p=15492"},"modified":"2025-01-30T16:04:51","modified_gmt":"2025-01-30T14:04:51","slug":"aurukapp-kitlite-pukste-viimistleja-frc1-2-3","status":"publish","type":"product","link":"https:\/\/farwell.ee\/ru\/product\/aurukapp-kitlite-pukste-viimistleja-frc1-2-3\/","title":{"rendered":"Aurukapp kitlite &amp; amp; p\u00fckste viimistleja FRC1-2-3"},"content":{"rendered":"","protected":false},"excerpt":{"rendered":"<p><span style=\"font-size: 14pt\"><strong>Suure tootlikkusega aurukapp p\u00f6\u00f6rleva mannekeeniga kitlite ja p\u00fckste viimistlemiseks<\/strong><\/span><\/p>\n<ul>\n<li>\u00dchtlaselt jaotuv aur niisutab riide ja eemaldab kortsud<\/li>\n<li>Kuum \u00f5hk pressib ja kuivab kangast<\/li>\n<li>Mannekeen vormib ja toetab r\u00f5ivastuse v\u00f5i p\u00fckste kuju<\/li>\n<li>Varrukate \/ klambrite hulk parandab viimistlust<\/li>\n<li>Integreeritud 10 v\u00f5i 12 kW aurukatel lihtsustab paigaldamist<\/li>\n<\/ul>\n<p><strong>Tootekood<\/strong><br \/>\nFRC1-2-3<\/p>\n<p><strong>M\u00f5\u00f5dud (LxSxK), mm<\/strong><br \/>\n1100 x 105 x 2040<\/p>\n<p><strong>Tooteleht: <\/strong><a href=\"https:\/\/farwell.ee\/wp-content\/uploads\/aurukapp_viimistleja_frc1_frc2_frc3_en.pdf\">FRC1-2-3<\/a><\/p>","protected":false},"featured_media":15493,"template":"","meta":{"_acf_changed":false,"inline_featured_image":false},"product_brand":[],"product_cat":[4131],"product_tag":[],"class_list":{"0":"post-15492","1":"product","2":"type-product","3":"status-publish","4":"has-post-thumbnail","6":"product_cat-triikimiskalandrid-ja-triikimis-seadmed","8":"first","9":"outofstock","10":"shipping-taxable","11":"product-type-simple"},"acf":[],"_links":{"self":[{"href":"https:\/\/farwell.ee\/ru\/wp-json\/wp\/v2\/product\/15492","targetHints":{"allow":["GET"]}}],"collection":[{"href":"https:\/\/farwell.ee\/ru\/wp-json\/wp\/v2\/product"}],"about":[{"href":"https:\/\/farwell.ee\/ru\/wp-json\/wp\/v2\/types\/product"}],"wp:featuredmedia":[{"embeddable":true,"href":"https:\/\/farwell.ee\/ru\/wp-json\/wp\/v2\/media\/15493"}],"wp:attachment":[{"href":"https:\/\/farwell.ee\/ru\/wp-json\/wp\/v2\/media?parent=15492"}],"wp:term":[{"taxonomy":"product_brand","embeddable":true,"href":"https:\/\/farwell.ee\/ru\/wp-json\/wp\/v2\/product_brand?post=15492"},{"taxonomy":"product_cat","embeddable":true,"href":"https:\/\/farwell.ee\/ru\/wp-json\/wp\/v2\/product_cat?post=15492"},{"taxonomy":"product_tag","embeddable":true,"href":"https:\/\/farwell.ee\/ru\/wp-json\/wp\/v2\/product_tag?post=15492"}],"curies":[{"name":"wp","href":"https:\/\/api.w.org\/{rel}","templated":true}]}}