{"id":15490,"date":"2021-08-16T13:42:16","date_gmt":"2021-08-16T10:42:16","guid":{"rendered":"https:\/\/farwell.ee\/?post_type=product&#038;p=15490"},"modified":"2025-01-30T16:09:06","modified_gmt":"2025-01-30T14:09:06","slug":"automaatne-pukste-viimistleja-ftt1","status":"publish","type":"product","link":"https:\/\/farwell.ee\/ru\/product\/automaatne-pukste-viimistleja-ftt1\/","title":{"rendered":"Automaatne p\u00fckste viimistleja FTT1"},"content":{"rendered":"","protected":false},"excerpt":{"rendered":"<p><strong>Automaatne universaalpink <\/strong><strong>p\u00fckste viimistlemiseks<\/strong><\/p>\n<ul>\n<li>Elektrooniline juhtimine v\u00f5imaldab valida erinevaid triikimisfuntsioone<\/li>\n<li>K\u00fcljelt-k\u00fcljele v\u00f6\u00f6koha pingutaja<\/li>\n<li>Individuaalsed seaded v\u00f6\u00f6koha, s\u00e4\u00e4rte ja klambrite pingutamiseks<\/li>\n<li>V\u00f6\u00f6 ja s\u00e4\u00e4reosa venitusvastane seada elastsest materjaklist p\u00fckste viimistlemiseks<\/li>\n<li>Mitmeotstarbeline pedaal t\u00f6\u00f6protsessiks<\/li>\n<\/ul>\n<p><strong>Tootekood<\/strong><br \/>\nFTT1<\/p>\n<p><strong>Elektri\u00fchendus, kW\/V\/Hz\/A<\/strong><br \/>\n2 \/ 400 \/ 50 \/ 10<\/p>\n<p><strong>M\u00f5\u00f5dud (LxSxK), mm<\/strong><br \/>\n885 x 905 x 2025<\/p>\n<p><strong>Tooteleht: <\/strong><a href=\"https:\/\/farwell.ee\/wp-content\/uploads\/universaalne_puekstepress_ftt1_en.pdf\">FTT1<\/a><\/p>","protected":false},"featured_media":15491,"template":"","meta":{"_acf_changed":false,"inline_featured_image":false},"product_brand":[],"product_cat":[4131],"product_tag":[],"class_list":{"0":"post-15490","1":"product","2":"type-product","3":"status-publish","4":"has-post-thumbnail","6":"product_cat-triikimiskalandrid-ja-triikimis-seadmed","8":"first","9":"outofstock","10":"shipping-taxable","11":"product-type-simple"},"acf":[],"_links":{"self":[{"href":"https:\/\/farwell.ee\/ru\/wp-json\/wp\/v2\/product\/15490","targetHints":{"allow":["GET"]}}],"collection":[{"href":"https:\/\/farwell.ee\/ru\/wp-json\/wp\/v2\/product"}],"about":[{"href":"https:\/\/farwell.ee\/ru\/wp-json\/wp\/v2\/types\/product"}],"wp:featuredmedia":[{"embeddable":true,"href":"https:\/\/farwell.ee\/ru\/wp-json\/wp\/v2\/media\/15491"}],"wp:attachment":[{"href":"https:\/\/farwell.ee\/ru\/wp-json\/wp\/v2\/media?parent=15490"}],"wp:term":[{"taxonomy":"product_brand","embeddable":true,"href":"https:\/\/farwell.ee\/ru\/wp-json\/wp\/v2\/product_brand?post=15490"},{"taxonomy":"product_cat","embeddable":true,"href":"https:\/\/farwell.ee\/ru\/wp-json\/wp\/v2\/product_cat?post=15490"},{"taxonomy":"product_tag","embeddable":true,"href":"https:\/\/farwell.ee\/ru\/wp-json\/wp\/v2\/product_tag?post=15490"}],"curies":[{"name":"wp","href":"https:\/\/api.w.org\/{rel}","templated":true}]}}