{"id":15488,"date":"2021-08-16T13:35:46","date_gmt":"2021-08-16T10:35:46","guid":{"rendered":"https:\/\/farwell.ee\/?post_type=product&#038;p=15488"},"modified":"2025-02-03T17:23:42","modified_gmt":"2025-02-03T15:23:42","slug":"triikimislaud-fit1","status":"publish","type":"product","link":"https:\/\/farwell.ee\/ru\/product\/triikimislaud-fit1\/","title":{"rendered":"Triikimislaud FIT1"},"content":{"rendered":"","protected":false},"excerpt":{"rendered":"<p><span style=\"font-size: 14pt\"><strong>Vaakumiga triikimislaud koos v\u00e4lise auruboileri ja elektrilise aurutriikrauaga<\/strong><\/span><\/p>\n<p><span style=\"font-size: 14pt\"><strong>Omadused ja eelised<\/strong><\/span><\/p>\n<ul>\n<li><span style=\"font-size: 12pt\">K\u00fcttega triikimislaud kiirendamaks t<\/span>oodete kuivamist<\/li>\n<li>Reguleeritav t\u00f6\u00f6pinna k\u00f5rgus<\/li>\n<li>Jalgpedaal seadme kergemaks kasutamiseks<\/li>\n<li>Elektriline triikraud auruboileriga<\/li>\n<\/ul>\n<p><strong>Tootekood<\/strong><br \/>\nFIT1<\/p>\n<p><strong>Elektri\u00fchendus, kW\/V\/Hz\/A<\/strong><br \/>\n1,55 \/ 230 \/ 50 \/ 10<\/p>\n<p><strong>M\u00f5\u00f5dud (LxSxK), mm<\/strong><br \/>\n1420 x 440 x 850<\/p>\n<p><strong>Tooteleht: <\/strong><a href=\"https:\/\/farwell.ee\/wp-content\/uploads\/triikimislaud_fit1_en.pdf\">FIT1<\/a><\/p>","protected":false},"featured_media":15489,"template":"","meta":{"_acf_changed":false,"inline_featured_image":false},"product_brand":[],"product_cat":[4131],"product_tag":[],"class_list":{"0":"post-15488","1":"product","2":"type-product","3":"status-publish","4":"has-post-thumbnail","6":"product_cat-triikimiskalandrid-ja-triikimis-seadmed","8":"first","9":"outofstock","10":"shipping-taxable","11":"purchasable","12":"product-type-simple"},"acf":[],"_links":{"self":[{"href":"https:\/\/farwell.ee\/ru\/wp-json\/wp\/v2\/product\/15488","targetHints":{"allow":["GET"]}}],"collection":[{"href":"https:\/\/farwell.ee\/ru\/wp-json\/wp\/v2\/product"}],"about":[{"href":"https:\/\/farwell.ee\/ru\/wp-json\/wp\/v2\/types\/product"}],"wp:featuredmedia":[{"embeddable":true,"href":"https:\/\/farwell.ee\/ru\/wp-json\/wp\/v2\/media\/15489"}],"wp:attachment":[{"href":"https:\/\/farwell.ee\/ru\/wp-json\/wp\/v2\/media?parent=15488"}],"wp:term":[{"taxonomy":"product_brand","embeddable":true,"href":"https:\/\/farwell.ee\/ru\/wp-json\/wp\/v2\/product_brand?post=15488"},{"taxonomy":"product_cat","embeddable":true,"href":"https:\/\/farwell.ee\/ru\/wp-json\/wp\/v2\/product_cat?post=15488"},{"taxonomy":"product_tag","embeddable":true,"href":"https:\/\/farwell.ee\/ru\/wp-json\/wp\/v2\/product_tag?post=15488"}],"curies":[{"name":"wp","href":"https:\/\/api.w.org\/{rel}","templated":true}]}}