{"id":15479,"date":"2021-08-12T14:32:47","date_gmt":"2021-08-12T11:32:47","guid":{"rendered":"https:\/\/farwell.ee\/?post_type=product&#038;p=15479"},"modified":"2025-02-10T16:32:53","modified_gmt":"2025-02-10T14:32:53","slug":"triikimiskalander-spe-330-100","status":"publish","type":"product","link":"https:\/\/farwell.ee\/ru\/product\/triikimiskalander-spe-330-100\/","title":{"rendered":"Triikimiskalander SPE-330\/100"},"content":{"rendered":"","protected":false},"excerpt":{"rendered":"<p>https:\/\/www.youtube.com\/watch?v=RseVpn5klgc&amp;t=16s<\/p>\n<p><span style=\"font-size: 14pt\"><strong>Omadused ja eelised<\/strong><\/span><\/p>\n<p><strong>LCD puutetundlik juhtpaneel:<\/strong><\/p>\n<ul>\n<li>Protsessorjuhtimine, digitaalne juhttabloo, t\u00e4pne temperatuuri ja triikimiskiiruse seadistamise v\u00f5imalus.<\/li>\n<li>Vabalt programmeeritavad triikimis- ja voltimisprogrammid<\/li>\n<li>Triikimisrulli laius 3,3m; triikimisrulli l\u00e4bim\u00f5\u00f5t 0,8m<\/li>\n<li>Triikimisj\u00f5udlus kuni 290kg\/h<\/li>\n<li>Triikimiskiirus 4 \u2013 18m\/min<\/li>\n<li>Automaatne triikimiskiiruse valik vastavalt pesu niiskustasemele.<\/li>\n<li>Lineaarne triikimiss\u00fcsteem, triikimisrulli surve vastavalt triigitavale kangale<\/li>\n<li>Automaatne triikimisrulli mahajahutus t\u00f6\u00f6 l\u00f5petamisel<\/li>\n<li>Lina tagastus masina esik\u00fcljest<\/li>\n<li>Nomex\u00ae kattega surverull tagab suurep\u00e4rase triikimistulemuse.<\/li>\n<li>Nomex\u00ae-kangast vastupidavad triikimisrihmad taluvad temperatuuri \u00fcle 220 \u00b0C.<\/li>\n<li>S\u00f5rmekaitse ohutu t\u00f6\u00f6 tagamiseks.<\/li>\n<li>Kroomkattega s\u00fcsinikterasest triikimissilinder tagab s\u00fcsnikiterase hea temperatuuriinertsi ja kroomkate v\u00e4listab rooste tekke<\/li>\n<li>V\u00f5imalus t\u00f6\u00f6tada kahes teineteisest s\u00f5ltumatus triikimistsoonis<\/li>\n<\/ul>\n<p><strong>SPE integreeritud pneumaatiline pikivoltimiss\u00fcsteem ja ristivoltimise \/ virnastamise s\u00fcsteem<\/strong><\/p>\n<ul>\n<li>Masin on varustatud pneumaatlise linade pikivoltimiss\u00fcsteemiga mille voltimise t\u00e4psus on oluliselt parem mehaanlistest voltimiss\u00fcsteemidest<\/li>\n<li>T\u00e4pne suru\u00f5huga voltimise s\u00fcsteem, v\u00f5imalus voltida lina \u00fches v\u00f5i kahes eraldi individuaalses<br \/>\nt\u00f6\u00f6tsoonis kus kalandri t\u00f6\u00f6pind on jaotatud pooleks ja kumbki operator saab t\u00f6\u00f6tada ja voltida linu<br \/>\nvastavalt temale sobivale reziimile ja programmile<\/li>\n<li>Masin on varustatud automaatse ristivoltimise s\u00fcsteemi , virnastusseadme ja v\u00e4ljastuskonveieriga<\/li>\n<li>Virnastusseade paremal v\u00f5i vasakul seadme k\u00fcljel<\/li>\n<li>Kuni 3 ristivolti, \u00fches virnas 10-15 lina ja kuni 10 tekikotti<\/li>\n<\/ul>\n<p><strong>Lisav\u00f5imalused<\/strong><\/p>\n<ul>\n<li>Hooldusvaba keraamiline infrapuna-t\u00fc\u00fcpi gaasip\u00f5leti, suurem efektiivsus ja s\u00e4\u00e4stlikkus<\/li>\n<li>Primer tsentraalse monitoorimiss\u00fcsteemiga \u00fchendamise valmidus<\/li>\n<li>L\u00e4bis\u00f6\u00f6tmise funktsiooniga<\/li>\n<li>Topelt-\u00f5husurve paksemate kangaste voltimisel<\/li>\n<\/ul>\n<p>M\u00f5\u00f5tmed:<br \/>\nSPE-330\/100 5805(L) x 2476(S) x 2480(K)mm<br \/>\nTriikimisrulli laius<br \/>\nSPE-330\/100 3300 mm<br \/>\nTriikimisrulli l\u00e4bim\u00f5\u00f5t 1000 mm<br \/>\nTriikimiskiirus 4 \u2013 18 m\/min<br \/>\nVee aurustamise j\u00f5udlus kuni 130 L\/h<br \/>\nTriikimisj\u00f5udlus 250 \u2013 290 kg\/h<br \/>\nK\u00fcte Elekter 3x380V; 90kW<br \/>\nGaas 156kW (maagaas 20Mbar) \/ 159kW (LPG); elektri\u00fchendus 3,9kW<br \/>\nAur 150kW; elektri\u00fchendus 3,9kW<\/p>","protected":false},"featured_media":32193,"template":"","meta":{"_acf_changed":false,"inline_featured_image":false},"product_brand":[],"product_cat":[4131],"product_tag":[],"class_list":{"0":"post-15479","1":"product","2":"type-product","3":"status-publish","4":"has-post-thumbnail","6":"product_cat-triikimiskalandrid-ja-triikimis-seadmed","8":"first","9":"outofstock","10":"shipping-taxable","11":"product-type-simple"},"acf":[],"_links":{"self":[{"href":"https:\/\/farwell.ee\/ru\/wp-json\/wp\/v2\/product\/15479","targetHints":{"allow":["GET"]}}],"collection":[{"href":"https:\/\/farwell.ee\/ru\/wp-json\/wp\/v2\/product"}],"about":[{"href":"https:\/\/farwell.ee\/ru\/wp-json\/wp\/v2\/types\/product"}],"wp:featuredmedia":[{"embeddable":true,"href":"https:\/\/farwell.ee\/ru\/wp-json\/wp\/v2\/media\/32193"}],"wp:attachment":[{"href":"https:\/\/farwell.ee\/ru\/wp-json\/wp\/v2\/media?parent=15479"}],"wp:term":[{"taxonomy":"product_brand","embeddable":true,"href":"https:\/\/farwell.ee\/ru\/wp-json\/wp\/v2\/product_brand?post=15479"},{"taxonomy":"product_cat","embeddable":true,"href":"https:\/\/farwell.ee\/ru\/wp-json\/wp\/v2\/product_cat?post=15479"},{"taxonomy":"product_tag","embeddable":true,"href":"https:\/\/farwell.ee\/ru\/wp-json\/wp\/v2\/product_tag?post=15479"}],"curies":[{"name":"wp","href":"https:\/\/api.w.org\/{rel}","templated":true}]}}