{"id":15435,"date":"2021-07-29T13:55:32","date_gmt":"2021-07-29T10:55:32","guid":{"rendered":"https:\/\/farwell.ee\/?post_type=product&#038;p=15435"},"modified":"2025-02-10T15:17:25","modified_gmt":"2025-02-10T13:17:25","slug":"triikimiskalander-imesa-fi-1750-33","status":"publish","type":"product","link":"https:\/\/farwell.ee\/ru\/product\/triikimiskalander-imesa-fi-1750-33\/","title":{"rendered":"Triikimiskalander IMESA FI 1750\/33"},"content":{"rendered":"","protected":false},"excerpt":{"rendered":"<p>https:\/\/www.youtube.com\/watch?v=fHVmi4tVa6s<\/p>\n<p><span style=\"font-size: 14pt\"><strong>Omadused ja eelised<\/strong><\/span><\/p>\n<p><strong>Imesa elektrooniline juhtpaneel:<\/strong><\/p>\n<ul>\n<li>IM 10 protsessorjuhtimine, digitaalne juhttabloo, t\u00e4pne temperatuuri ja triikimiskiiruse seadistamise v\u00f5imalus.<\/li>\n<li>Automaatsed triikimisprogrammid, parameetrite muutmise v\u00f5imalus triikimists\u00fckli ajal.<\/li>\n<li>Automaatne triikimiskiiruse valik vastavalt pesu niiskustasemele.<\/li>\n<li>Lineaarne triikimiss\u00fcsteem, triikimisrulli surve vastavalt triigitavale kangale<\/li>\n<li>Automaatne triikimisrulli mahajahutus t\u00f6\u00f6 l\u00f5petamisel<\/li>\n<li>Lina tagastus masina esik\u00fcljest<\/li>\n<li>S\u00f5rmekaitse ohutu t\u00f6\u00f6 tagamiseks.<\/li>\n<li>Nomex kattega triikimisrull mis talub temperatuure \u00fcle 200 \u00b0C .<\/li>\n<li>Reguleeritava k\u00f5rgusega kasutajas\u00f5bralik puidust etteandelaud.<\/li>\n<li>Kroomkattega s\u00fcsinikterasest triikimissilinder tagab s\u00fcsnikiterase hea temperatuuriinertsi ja kroomkate v\u00e4listab rooste tekke<\/li>\n<\/ul>\n<p><strong>Lisav\u00f5imalused<\/strong><\/p>\n<ul>\n<li>M\u00fcndiloenduri kasutamine.<\/li>\n<\/ul>\n<p>M\u00f5\u00f5tmed: 2263(L) x 671(S) x 1157(K)mm<br \/>\nTriikimisrulli laius 1750mm<br \/>\nTriikimisrulli l\u00e4bim\u00f5\u00f5t 330mm<br \/>\nTriikimiskiirus 1 &#8211; 6 m\/min<br \/>\nTriikimisj\u00f5udlus kuni 50kg\/h<br \/>\nelektrik\u00fcttega: 1 x230V \/ 3x380V; 11kW<\/p>","protected":false},"featured_media":32184,"template":"","meta":{"_acf_changed":false,"inline_featured_image":false},"product_brand":[],"product_cat":[4131],"product_tag":[],"class_list":{"0":"post-15435","1":"product","2":"type-product","3":"status-publish","4":"has-post-thumbnail","6":"product_cat-triikimiskalandrid-ja-triikimis-seadmed","8":"first","9":"outofstock","10":"shipping-taxable","11":"purchasable","12":"product-type-simple"},"acf":[],"_links":{"self":[{"href":"https:\/\/farwell.ee\/ru\/wp-json\/wp\/v2\/product\/15435","targetHints":{"allow":["GET"]}}],"collection":[{"href":"https:\/\/farwell.ee\/ru\/wp-json\/wp\/v2\/product"}],"about":[{"href":"https:\/\/farwell.ee\/ru\/wp-json\/wp\/v2\/types\/product"}],"wp:featuredmedia":[{"embeddable":true,"href":"https:\/\/farwell.ee\/ru\/wp-json\/wp\/v2\/media\/32184"}],"wp:attachment":[{"href":"https:\/\/farwell.ee\/ru\/wp-json\/wp\/v2\/media?parent=15435"}],"wp:term":[{"taxonomy":"product_brand","embeddable":true,"href":"https:\/\/farwell.ee\/ru\/wp-json\/wp\/v2\/product_brand?post=15435"},{"taxonomy":"product_cat","embeddable":true,"href":"https:\/\/farwell.ee\/ru\/wp-json\/wp\/v2\/product_cat?post=15435"},{"taxonomy":"product_tag","embeddable":true,"href":"https:\/\/farwell.ee\/ru\/wp-json\/wp\/v2\/product_tag?post=15435"}],"curies":[{"name":"wp","href":"https:\/\/api.w.org\/{rel}","templated":true}]}}