{"id":15426,"date":"2021-07-29T12:36:31","date_gmt":"2021-07-29T09:36:31","guid":{"rendered":"https:\/\/farwell.ee\/?post_type=product&#038;p=15426"},"modified":"2021-08-16T12:52:13","modified_gmt":"2021-08-16T09:52:13","slug":"triikimiskalander-c-flex-900","status":"publish","type":"product","link":"https:\/\/farwell.ee\/ru\/product\/triikimiskalander-c-flex-900\/","title":{"rendered":"Triikimiskalander C-Flex 900"},"content":{"rendered":"","protected":false},"excerpt":{"rendered":"<p><span style=\"font-size: 14pt\"><strong>Suure tootlikkusega t\u00f6\u00f6stuslik kalander<\/strong><\/span><\/p>\n<p>https:\/\/youtu.be\/ep4aUEQbq-E<\/p>\n<p><span style=\"font-size: 14pt\"><strong>Omadused ja eelised<\/strong><\/span><\/p>\n<ul>\n<li>Nn \u201cChest\u201d v\u00f5i \u201cBed\u201d t\u00fc\u00fcpi fikseeritud rulli ja liikuva triikimispinnaga kalander tagab konstantse surve ja maksimaalse triikimispinnaga prima v\u00f5imal\u00f6iku triikimise kvaliteedi.<\/li>\n<li>Auru v\u00f5i termilise vedeliku k\u00fcte<\/li>\n<li>Triikimispinna ja rulli unikaalne disain kombineerituna parendatud soojusisolatsiooniga annab soojusenergia v\u00e4ljundiks 97%<\/li>\n<li>V\u00f5imalik paigaldada kuni kolm triikimis\u00fcksust saavutamaks triikimiskiiruseks 50 m\/min<\/li>\n<li>Fikseeritud rulli tehnoloogia tagab sujuva t\u00f6\u00f6protsessi<\/li>\n<li>Reguleeritav rulle imemisv\u00f5imsus<\/li>\n<\/ul>\n<p><strong>Tootekood<\/strong><br \/>\nC-FLEX 900<\/p>\n<p><strong>M\u00f5\u00f5dud (LxSxK), mm<\/strong><br \/>\n3900-4700 \/ 1685-4225 \/ 1560<\/p>\n<p><strong>Triikimisrulli laius, mm<\/strong><br \/>\n2700 \/ 3000 \/ 3300 \/ 3500<\/p>\n<p><strong>Triikimisrulli l\u00e4bim\u00f5\u00f5t, mm<\/strong><br \/>\n900 (1-3 rulli)<\/p>\n<p><strong>Tootlikkus<\/strong><br \/>\n330-435 \/ 660-870 \/ 940-1305<\/p>\n<p><strong>Triikimiskiirus, m\/min<\/strong><br \/>\n4-51<\/p>\n<p><strong>Vee aurustamise v\u00f5imsus, l\/h<\/strong><br \/>\n206-795<\/p>\n<p><strong>K\u00fcte<\/strong><br \/>\nAur<\/p>\n<p><strong>Elektri\u00fchendus, kW\/V\/Hz\/A<\/strong><br \/>\n4,6-22 \/ 400 \/ 50<\/p>","protected":false},"featured_media":15427,"template":"","meta":{"_acf_changed":false,"inline_featured_image":false},"product_brand":[],"product_cat":[4131],"product_tag":[],"class_list":{"0":"post-15426","1":"product","2":"type-product","3":"status-publish","4":"has-post-thumbnail","6":"product_cat-triikimiskalandrid-ja-triikimis-seadmed","8":"first","9":"outofstock","10":"shipping-taxable","11":"product-type-simple"},"acf":[],"_links":{"self":[{"href":"https:\/\/farwell.ee\/ru\/wp-json\/wp\/v2\/product\/15426","targetHints":{"allow":["GET"]}}],"collection":[{"href":"https:\/\/farwell.ee\/ru\/wp-json\/wp\/v2\/product"}],"about":[{"href":"https:\/\/farwell.ee\/ru\/wp-json\/wp\/v2\/types\/product"}],"wp:featuredmedia":[{"embeddable":true,"href":"https:\/\/farwell.ee\/ru\/wp-json\/wp\/v2\/media\/15427"}],"wp:attachment":[{"href":"https:\/\/farwell.ee\/ru\/wp-json\/wp\/v2\/media?parent=15426"}],"wp:term":[{"taxonomy":"product_brand","embeddable":true,"href":"https:\/\/farwell.ee\/ru\/wp-json\/wp\/v2\/product_brand?post=15426"},{"taxonomy":"product_cat","embeddable":true,"href":"https:\/\/farwell.ee\/ru\/wp-json\/wp\/v2\/product_cat?post=15426"},{"taxonomy":"product_tag","embeddable":true,"href":"https:\/\/farwell.ee\/ru\/wp-json\/wp\/v2\/product_tag?post=15426"}],"curies":[{"name":"wp","href":"https:\/\/api.w.org\/{rel}","templated":true}]}}