{"id":15424,"date":"2021-07-28T14:31:54","date_gmt":"2021-07-28T11:31:54","guid":{"rendered":"https:\/\/farwell.ee\/?post_type=product&#038;p=15424"},"modified":"2025-02-03T17:41:11","modified_gmt":"2025-02-03T15:41:11","slug":"triikimiskalander-ib5725-ib5733-f","status":"publish","type":"product","link":"https:\/\/farwell.ee\/ru\/product\/triikimiskalander-ib5725-ib5733-f\/","title":{"rendered":"Triikimiskalander IB5725-IB5733\/ -F"},"content":{"rendered":"","protected":false},"excerpt":{"rendered":"<p><span style=\"font-size: 14pt\"><strong>Omadused ja eelised<\/strong><\/span><\/p>\n<p><strong>Suure tootlikkusega t\u00f6\u00f6stuslik kalander<\/strong><\/p>\n<ul>\n<li>Fikseeritud rulli ja liikuva triikimispinnaga t\u00f6\u00f6stuslik kalander, mis tagab p\u00fcsiva triikimissurve ja maksimaalse triikimispinna \u00e4ra kasutamise.<\/li>\n<li>Triikimissurve reguleerimiseks on masinal h\u00fcdraulilised kolvid.<\/li>\n<li>234-kraadine triikimispinna\/rulli kontaktpind (vastupidiselt tavap\u00e4rasele 180-kraadisele), mis saavutatud 700 mm l\u00e4bim\u00f5\u00f5duga triikimisrulli ja seda \u00fcmbritseva \u00fclipainduva 800 mm l\u00e4bim\u00f5\u00f5duga triikimispinna kasutamisega.<\/li>\n<li>Triikimisrullis olev gaasi v\u00f5i elektri abil soojendatud termo\u00f5li tagab \u00fchtlase triikimistemperatuuri kogu triikimispinna ulatuses.<\/li>\n<li>Gaasi abil soojendatud termo\u00f5liga masinatel on moduleeritud gaasip\u00f5leti.<\/li>\n<li>\u00dclit\u00e4pne temperatuuriseadistus (\u00fchekraadise t\u00e4psusega vahemikus 150\u2013200 \u00b0C) mitmesuguste kangaste ja tekstiilide t\u00f6\u00f6tlemiseks.<\/li>\n<li>\u00dclit\u00e4pne triikimiskiiruse seadistus (3\u201312 m\/min) mitmesuguste kangaste ja niiskussisalduste k\u00e4sitsemiseks.<\/li>\n<li>Suur 7,5-tolline v\u00e4rviline puutetundlik juhtpaneel, mis v\u00f5imaldab luua 99 erinevat valikprogrammi.<\/li>\n<li>Vedrupressi polster on kaetud Nomex\u00ae-i viltkattega.<\/li>\n<li>Reguleeritav rulli imemisv\u00f5imsus triikimiskiiruse optimiseerimiseks.<\/li>\n<li>Metallist kaabitsad esemete v\u00e4lja l\u00fckkamiseks ilma kangale j\u00e4lgi j\u00e4tmata.<\/li>\n<li>Andmete \u00fcles- ja allalaadimine (programmid, ajalugu jne) USB-m\u00e4lupulga kaudu.<\/li>\n<\/ul>\n<p><strong>Lisav\u00f5imalused<\/strong><\/p>\n<ul>\n<li>Sisseehitatud automaatne \u00fcksiketteanne (etteandehaaratsite abil) suurte esemete masinasse sisestamiseks \u00fches reas. Haaratsid on v\u00f5imalik kokku l\u00fckata ja sisestada v\u00e4ikesed esemed k\u00e4sitsi mitmes reas.<\/li>\n<li>Vaakump\u00f5him\u00f5ttel t\u00f6\u00f6tav sisseehitatud etteandelaud parema triikimistulemuse tagamiseks (ei ole saadaval koos etteandehaaratsitega).<\/li>\n<li>Jalapedaal etteandelaua k\u00e4ivitamiseks\/peatamiseks.<\/li>\n<li>Kiirt\u00f6\u00f6 re\u017eiimiga mudel, mis t\u00f6\u00f6tab kiirustel 4\u201316 m\/min.<\/li>\n<li>Pesude kinnij\u00e4\u00e4mise j\u00e4lgimiss\u00fcsteem v\u00e4ljastamisel.<\/li>\n<\/ul>\n<p><strong>Tootekood<\/strong><br \/>\nIB5725-IB5733\/ -F<\/p>\n<p><strong>M\u00f5\u00f5dud (LxSxK), mm<\/strong><br \/>\n3750-4550 x 1440\/2036 x 1386<\/p>\n<p><strong>Triikimisrulli laius, mm<\/strong><br \/>\n2500 \/ 3000 \/ 3300<\/p>\n<p><strong>Triikimisrulli l\u00e4bim\u00f5\u00f5t, mm<\/strong><br \/>\n700<\/p>\n<p><strong>Triikimiskiirus, m\/min<\/strong><br \/>\n3-12<\/p>\n<p><strong>Vee aurustamise v\u00f5imsus, l\/h<\/strong><br \/>\n90-125<\/p>\n<p><strong>K\u00fcte<\/strong><br \/>\nElekter \/ Gaas \/ Aur<\/p>\n<p><strong>K\u00fcttev\u00f5imsus, kW<\/strong><br \/>\n75-189<\/p>\n<p><strong>Elektri\u00fchendus, kW\/V\/Hz\/A<\/strong><br \/>\n82-99 \/ 400 \/ 50 \/<\/p>\n<p><strong>Tooteleht:\u00a0<\/strong><a href=\"https:\/\/farwell.ee\/wp-content\/uploads\/t-stuslik_kalander_ib5725-f_-ib5730-f_ib5733-f_ee.pdf\">IB5725-IB5733\/ -F<\/a><\/p>","protected":false},"featured_media":15425,"template":"","meta":{"_acf_changed":false,"inline_featured_image":false},"product_brand":[],"product_cat":[4131],"product_tag":[],"class_list":{"0":"post-15424","1":"product","2":"type-product","3":"status-publish","4":"has-post-thumbnail","6":"product_cat-triikimiskalandrid-ja-triikimis-seadmed","8":"first","9":"outofstock","10":"shipping-taxable","11":"product-type-simple"},"acf":[],"_links":{"self":[{"href":"https:\/\/farwell.ee\/ru\/wp-json\/wp\/v2\/product\/15424","targetHints":{"allow":["GET"]}}],"collection":[{"href":"https:\/\/farwell.ee\/ru\/wp-json\/wp\/v2\/product"}],"about":[{"href":"https:\/\/farwell.ee\/ru\/wp-json\/wp\/v2\/types\/product"}],"wp:featuredmedia":[{"embeddable":true,"href":"https:\/\/farwell.ee\/ru\/wp-json\/wp\/v2\/media\/15425"}],"wp:attachment":[{"href":"https:\/\/farwell.ee\/ru\/wp-json\/wp\/v2\/media?parent=15424"}],"wp:term":[{"taxonomy":"product_brand","embeddable":true,"href":"https:\/\/farwell.ee\/ru\/wp-json\/wp\/v2\/product_brand?post=15424"},{"taxonomy":"product_cat","embeddable":true,"href":"https:\/\/farwell.ee\/ru\/wp-json\/wp\/v2\/product_cat?post=15424"},{"taxonomy":"product_tag","embeddable":true,"href":"https:\/\/farwell.ee\/ru\/wp-json\/wp\/v2\/product_tag?post=15424"}],"curies":[{"name":"wp","href":"https:\/\/api.w.org\/{rel}","templated":true}]}}