{"id":15410,"date":"2021-07-28T12:37:59","date_gmt":"2021-07-28T09:37:59","guid":{"rendered":"https:\/\/farwell.ee\/?post_type=product&#038;p=15410"},"modified":"2021-08-12T15:56:14","modified_gmt":"2021-08-12T12:56:14","slug":"triikimiskalander-ic44819-ic44832-f-r-flf","status":"publish","type":"product","link":"https:\/\/farwell.ee\/ru\/product\/triikimiskalander-ic44819-ic44832-f-r-flf\/","title":{"rendered":"Triikimiskalander IC44819-IC44832 F-R\/FLF"},"content":{"rendered":"","protected":false},"excerpt":{"rendered":"<p><span style=\"font-size: 14pt\"><strong>Omadused ja eelised<\/strong><\/span><\/p>\n<ul>\n<li>Elektriline etteanne suru\u00f5hu vajaduseta, mis tagab tavap\u00e4rase, vaikse ja sujuva t\u00f6\u00f6.<\/li>\n<li>Elektromehhaanilised haaratsid, automaatne riidetuvastus, sujuv sulgemine ja kanga hoidmine, sujuv avamine ja triigitava eseme etteanne (kanga elastsust arvestav s\u00fcsteem).<\/li>\n<li>H\u00f5lpsastikasutatav elektrooniline juhtpaneel, \u00fchtib RABC-standardiga (EN 14065: riskianal\u00fc\u00fcs ja bioloogilise saastatuse ohje).<\/li>\n<li>DIAMMS-s\u00fcsteem (triikimismasina t\u00e4iustatud niiskuskontrolli s\u00fcsteem); automaatne kiiruse reguleerimine koos niiskusanduritega tagavad ideaalse tulemuse.<\/li>\n<li>Survevedrudega triikimisrull tagab suurep\u00e4rased triikimistulemused.<\/li>\n<li>Nomex\u00ae-kangast vastupidavad triikimisrihmad taluvad temperatuure \u00fcle 220 \u00b0C.<\/li>\n<li>T\u00e4ielikult kaetud masinaosad energia s\u00e4\u00e4stmiseks ja parima ohutuse tagamiseks t\u00f6\u00f6kohal.<\/li>\n<li>S\u00f5rmekaitse operaatori turvalisuse veelgi paremaks tagamiseks<\/li>\n<li>Nikeldatud triikimissilinder hoiab \u00e4ra rooste tekke ja pikendab masina kasutusiga.<\/li>\n<li><strong>Hooldusvaba keraamiline gaasip\u00f5leti<\/strong> t\u00f6\u00f6seisakute v\u00e4ltimiseks 20% t\u00f5husam kui tavalised sinise leegiga gaasip\u00f5letid. Ainulaadne patenteeritud p\u00f5leti Electroluxilt.<\/li>\n<li>V\u00e4ljastus eest, et masina saaks ruumi maksimaalseks \u00e4rakasutamiseks paigaldada seina \u00e4\u00e4rde.<\/li>\n<li>T\u00f6\u00f6j\u00f5udu kokkuhoidev automaatse etteandega pikuti voltimise seade (FLF-mudel).<\/li>\n<li>Automaatse etteandega tagumine v\u00e4ljastusava (F-R-mudel).<\/li>\n<li>Lihtne ligip\u00e4\u00e4s k\u00f5igile masinaosadele tagab kergema masinahoolduse.<\/li>\n<\/ul>\n<p><strong>Lisav\u00f5imalused<\/strong><\/p>\n<ul>\n<li>Dubixium\u2122-i mitmekihiline triikimissilinder parema tootlikkuse tagamiseks elektri- ja gaasisoojendusega masinatel.<\/li>\n<li>CMIS-\u00fchendus (Certus Management Information System) t\u00f6\u00f6k\u00e4igu j\u00e4lgimiseks Euroopa standardi EN14065 kohaselt.<\/li>\n<\/ul>\n<p><strong>Tootekood<\/strong><br \/>\nIC44819-IC44832 F-R\/FLF<\/p>\n<p><strong>M\u00f5\u00f5dud (LxSxK), mm<\/strong><br \/>\n2575-3835 x 1280 x 1460<\/p>\n<p><strong>Triikimisrulli laius, mm<\/strong><br \/>\n1910\/2120\/2540\/2750\/3170<\/p>\n<p><strong>Triikimisrulli l\u00e4bim\u00f5\u00f5t, mm<\/strong><br \/>\n479 (el, gaas) \/ 457 (aur)<\/p>\n<p><strong>Triikimiskiirus, m\/min<\/strong><br \/>\n1,5-9<\/p>\n<p><strong>Vee aurustamise v\u00f5imsus, l\/h<\/strong><br \/>\n38-93<\/p>\n<p><strong>K\u00fcte<\/strong><br \/>\nElekter \/ Gaas \/ Aur<\/p>\n<p><strong>K\u00fcttev\u00f5imsus, kW<\/strong><br \/>\n33-65<\/p>\n<p><strong>Elektri\u00fchendus, kW\/V\/Hz\/A<\/strong><br \/>\n35-56 \/ 400 \/ 50 \/ 63-100<\/p>","protected":false},"featured_media":15411,"template":"","meta":{"_acf_changed":false,"inline_featured_image":false},"product_brand":[],"product_cat":[4131],"product_tag":[],"class_list":{"0":"post-15410","1":"product","2":"type-product","3":"status-publish","4":"has-post-thumbnail","6":"product_cat-triikimiskalandrid-ja-triikimis-seadmed","8":"first","9":"outofstock","10":"shipping-taxable","11":"product-type-simple"},"acf":[],"_links":{"self":[{"href":"https:\/\/farwell.ee\/ru\/wp-json\/wp\/v2\/product\/15410","targetHints":{"allow":["GET"]}}],"collection":[{"href":"https:\/\/farwell.ee\/ru\/wp-json\/wp\/v2\/product"}],"about":[{"href":"https:\/\/farwell.ee\/ru\/wp-json\/wp\/v2\/types\/product"}],"wp:featuredmedia":[{"embeddable":true,"href":"https:\/\/farwell.ee\/ru\/wp-json\/wp\/v2\/media\/15411"}],"wp:attachment":[{"href":"https:\/\/farwell.ee\/ru\/wp-json\/wp\/v2\/media?parent=15410"}],"wp:term":[{"taxonomy":"product_brand","embeddable":true,"href":"https:\/\/farwell.ee\/ru\/wp-json\/wp\/v2\/product_brand?post=15410"},{"taxonomy":"product_cat","embeddable":true,"href":"https:\/\/farwell.ee\/ru\/wp-json\/wp\/v2\/product_cat?post=15410"},{"taxonomy":"product_tag","embeddable":true,"href":"https:\/\/farwell.ee\/ru\/wp-json\/wp\/v2\/product_tag?post=15410"}],"curies":[{"name":"wp","href":"https:\/\/api.w.org\/{rel}","templated":true}]}}