{"id":15401,"date":"2021-07-26T13:34:23","date_gmt":"2021-07-26T10:34:23","guid":{"rendered":"https:\/\/farwell.ee\/?post_type=product&#038;p=15401"},"modified":"2025-02-10T15:25:20","modified_gmt":"2025-02-10T13:25:20","slug":"triikimiskalander-c-160-32","status":"publish","type":"product","link":"https:\/\/farwell.ee\/ru\/product\/triikimiskalander-c-160-32\/","title":{"rendered":"Triikimiskalander CM-1632"},"content":{"rendered":"","protected":false},"excerpt":{"rendered":"<p>https:\/\/www.youtube.com\/watch?v=RJxWDkxq8-U<\/p>\n<p><span style=\"font-size: 14pt\"><strong>Omadused ja eelised<\/strong><\/span><\/p>\n<p><strong>Domus elektrooniline juhtpaneel:<\/strong><\/p>\n<ul>\n<li>Digitaalne juhttabloo, protsessorjuhtimine, t\u00e4pne temperatuuri ja triikimiskiiruse seadistamise<br \/>\nv\u00f5imalus<\/li>\n<li>Lina tagastus masina esik\u00fcljest<\/li>\n<li>S\u00f5rmekaitse ohutu t\u00f6\u00f6 tagamiseks.<\/li>\n<li>Nomex\u00ae kattega surverull tagab suurep\u00e4rase triikimistulemuse.<\/li>\n<li>Nomex\u00ae-kangast vastupidavad triikimisrihmad taluvad temperatuuri \u00fcle 220 \u00b0C.<\/li>\n<li>Kroomkattega s\u00fcsinikterasest triikimissilinder tagab s\u00fcsnikiterase hea temperatuuriinertsi ja<br \/>\nkroomkate v\u00e4listab rooste tekke<\/li>\n<li>Suure efektiivsusega hooldusvaba gaasip\u00f5leti gaasik\u00fcttega seadmel<\/li>\n<\/ul>\n<p><strong>Lisav\u00f5imalused<\/strong><\/p>\n<ul>\n<li>Smart Iron automaatne triikimiskiiruse kontrolli s\u00fcsteem, vastavalt pesu niiskustasemele<br \/>\nvalitakse automaatselt triikimiskiirus (koosk\u00f5las RABC starndardiga)<\/li>\n<li>Primer Net monitoorimiss\u00fcsteemiga \u00fchendamise valmidus<\/li>\n<\/ul>\n<p>M\u00f5\u00f5tmed: 2210(L) x 644(S) x 1107(K)mm<br \/>\nTriikimisrulli laius 1600 mm<br \/>\nTriikimisrulli l\u00e4bim\u00f5\u00f5t 325 mm<br \/>\nTriikimiskiirus 1 \u2013 6,5 m\/min<br \/>\nVee aurustamise j\u00f5udlus 18L\/h<br \/>\nTriikimisj\u00f5udlus kuni 30kg\/h<br \/>\nK\u00fcte elekter 3x380V; 16,57kW<br \/>\nGaas 22,5kW; elektri\u00fchendus 0,37kW<\/p>","protected":false},"featured_media":32186,"template":"","meta":{"_acf_changed":false,"inline_featured_image":false},"product_brand":[],"product_cat":[4131],"product_tag":[],"class_list":{"0":"post-15401","1":"product","2":"type-product","3":"status-publish","4":"has-post-thumbnail","6":"product_cat-triikimiskalandrid-ja-triikimis-seadmed","8":"first","9":"outofstock","10":"shipping-taxable","11":"purchasable","12":"product-type-simple"},"acf":[],"_links":{"self":[{"href":"https:\/\/farwell.ee\/ru\/wp-json\/wp\/v2\/product\/15401","targetHints":{"allow":["GET"]}}],"collection":[{"href":"https:\/\/farwell.ee\/ru\/wp-json\/wp\/v2\/product"}],"about":[{"href":"https:\/\/farwell.ee\/ru\/wp-json\/wp\/v2\/types\/product"}],"wp:featuredmedia":[{"embeddable":true,"href":"https:\/\/farwell.ee\/ru\/wp-json\/wp\/v2\/media\/32186"}],"wp:attachment":[{"href":"https:\/\/farwell.ee\/ru\/wp-json\/wp\/v2\/media?parent=15401"}],"wp:term":[{"taxonomy":"product_brand","embeddable":true,"href":"https:\/\/farwell.ee\/ru\/wp-json\/wp\/v2\/product_brand?post=15401"},{"taxonomy":"product_cat","embeddable":true,"href":"https:\/\/farwell.ee\/ru\/wp-json\/wp\/v2\/product_cat?post=15401"},{"taxonomy":"product_tag","embeddable":true,"href":"https:\/\/farwell.ee\/ru\/wp-json\/wp\/v2\/product_tag?post=15401"}],"curies":[{"name":"wp","href":"https:\/\/api.w.org\/{rel}","templated":true}]}}