{"id":15399,"date":"2021-07-26T13:23:52","date_gmt":"2021-07-26T10:23:52","guid":{"rendered":"https:\/\/farwell.ee\/?post_type=product&#038;p=15399"},"modified":"2025-02-10T15:12:35","modified_gmt":"2025-02-10T13:12:35","slug":"triikimiskalander-pn-200-25","status":"publish","type":"product","link":"https:\/\/farwell.ee\/ru\/product\/triikimiskalander-pn-200-25\/","title":{"rendered":"Triikimiskalander PR-2025"},"content":{"rendered":"","protected":false},"excerpt":{"rendered":"<p><span style=\"font-size: 14pt\"><strong>Omadused ja eelised<\/strong><\/span><\/p>\n<p><strong>Domus elektrooniline juhtpaneel:<\/strong><\/p>\n<ul>\n<li>Ekstra laia triikmisrulliga \u201ePN\u201c seeria kalander, triikimislaius 2,0m<\/li>\n<li>Digitaalne juhttabloo, t\u00e4pne temperatuuri seadistamise v\u00f5imalus, fikseeritud triikimiskiirus<\/li>\n<li>Lina tagastus masina esik\u00fcljest<\/li>\n<li>S\u00f5rmekaitse ohutu t\u00f6\u00f6 tagamiseks.<\/li>\n<li>Seadistatav temperatuur.<\/li>\n<li>terasvilla ja vildiga katud triikimisrull.<\/li>\n<li>Kasutajas\u00f5bralik puidust etteandelaud.<\/li>\n<\/ul>\n<p><strong>Lisav\u00f5imalused<\/strong><\/p>\n<ul>\n<li>Nomex kattega triikimisrull mis talub temperatuure \u00fcle 200 \u00b0C<\/li>\n<li>M\u00fcndiloenduri kasutamine.<\/li>\n<li>Muudetav kiirus.<\/li>\n<\/ul>\n<p>M\u00f5\u00f5tmed: 2462(L) x 484(S) x 985(K)mm<br \/>\nTriikimisrulli laius 2000mm<br \/>\nTriikimisrulli l\u00e4bim\u00f5\u00f5t 250mm<br \/>\nTriikimiskiirus 4,2 m\/min<br \/>\nTriikimisj\u00f5udlus kuni 40kg\/h<br \/>\nelektrik\u00fcttega: 1 x230V \/ 3x380V; 12 kW<\/p>","protected":false},"featured_media":32183,"template":"","meta":{"_acf_changed":false,"inline_featured_image":false},"product_brand":[],"product_cat":[4131],"product_tag":[],"class_list":{"0":"post-15399","1":"product","2":"type-product","3":"status-publish","4":"has-post-thumbnail","6":"product_cat-triikimiskalandrid-ja-triikimis-seadmed","8":"first","9":"outofstock","10":"shipping-taxable","11":"purchasable","12":"product-type-simple"},"acf":[],"_links":{"self":[{"href":"https:\/\/farwell.ee\/ru\/wp-json\/wp\/v2\/product\/15399","targetHints":{"allow":["GET"]}}],"collection":[{"href":"https:\/\/farwell.ee\/ru\/wp-json\/wp\/v2\/product"}],"about":[{"href":"https:\/\/farwell.ee\/ru\/wp-json\/wp\/v2\/types\/product"}],"wp:featuredmedia":[{"embeddable":true,"href":"https:\/\/farwell.ee\/ru\/wp-json\/wp\/v2\/media\/32183"}],"wp:attachment":[{"href":"https:\/\/farwell.ee\/ru\/wp-json\/wp\/v2\/media?parent=15399"}],"wp:term":[{"taxonomy":"product_brand","embeddable":true,"href":"https:\/\/farwell.ee\/ru\/wp-json\/wp\/v2\/product_brand?post=15399"},{"taxonomy":"product_cat","embeddable":true,"href":"https:\/\/farwell.ee\/ru\/wp-json\/wp\/v2\/product_cat?post=15399"},{"taxonomy":"product_tag","embeddable":true,"href":"https:\/\/farwell.ee\/ru\/wp-json\/wp\/v2\/product_tag?post=15399"}],"curies":[{"name":"wp","href":"https:\/\/api.w.org\/{rel}","templated":true}]}}