{"id":15395,"date":"2021-07-26T12:33:26","date_gmt":"2021-07-26T09:33:26","guid":{"rendered":"https:\/\/farwell.ee\/?post_type=product&#038;p=15395"},"modified":"2025-02-10T15:27:15","modified_gmt":"2025-02-10T13:27:15","slug":"triikimiskalander-pn-120-18","status":"publish","type":"product","link":"https:\/\/farwell.ee\/ru\/product\/triikimiskalander-pn-120-18\/","title":{"rendered":"Triikimiskalander PR-1218"},"content":{"rendered":"","protected":false},"excerpt":{"rendered":"<p><span style=\"font-size: 14pt\"><strong>Omadused ja eelised<\/strong><\/span><\/p>\n<p><strong>Domus elektrooniline juhtpaneel:<\/strong><\/p>\n<ul>\n<li>Start \/ stop klahv, neli temperatuurivalikut, fikseeritud triikimiskiirus<\/li>\n<li>Lina tagastus masina esik\u00fcljest<\/li>\n<li>S\u00f5rmekaitse ohutu t\u00f6\u00f6 tagamiseks.<\/li>\n<li>Seadistatav temperatuur.<\/li>\n<li>terasvilla ja vildiga katud triikimisrull.<\/li>\n<li>Ergonoomiline juhtpedaal.<\/li>\n<li>Kasutajas\u00f5bralik puidust etteande- ja tagastuslaud.<\/li>\n<\/ul>\n<p><strong>Lisav\u00f5imalused<\/strong><\/p>\n<ul>\n<li>Nomex kattega triikimisrull mis talub temperatuure \u00fcle 200 \u00b0C<\/li>\n<li>M\u00fcndiloenduri kasutamine.<\/li>\n<li>Muudetav kiirus.<\/li>\n<\/ul>\n<p>M\u00f5\u00f5tmed: 1570(L) x 400(S) x 952(K)mm<br \/>\nTriikimisrulli laius 1200mm<br \/>\nTriikimisrulli l\u00e4bim\u00f5\u00f5t 180mm<br \/>\nTriikimiskiirus 2,02 m\/min<br \/>\nelektrik\u00fcttega: 1 x230V; 4 kW<\/p>","protected":false},"featured_media":32187,"template":"","meta":{"_acf_changed":false,"inline_featured_image":false},"product_brand":[],"product_cat":[4131],"product_tag":[],"class_list":{"0":"post-15395","1":"product","2":"type-product","3":"status-publish","4":"has-post-thumbnail","6":"product_cat-triikimiskalandrid-ja-triikimis-seadmed","8":"first","9":"outofstock","10":"shipping-taxable","11":"purchasable","12":"product-type-simple"},"acf":[],"_links":{"self":[{"href":"https:\/\/farwell.ee\/ru\/wp-json\/wp\/v2\/product\/15395","targetHints":{"allow":["GET"]}}],"collection":[{"href":"https:\/\/farwell.ee\/ru\/wp-json\/wp\/v2\/product"}],"about":[{"href":"https:\/\/farwell.ee\/ru\/wp-json\/wp\/v2\/types\/product"}],"wp:featuredmedia":[{"embeddable":true,"href":"https:\/\/farwell.ee\/ru\/wp-json\/wp\/v2\/media\/32187"}],"wp:attachment":[{"href":"https:\/\/farwell.ee\/ru\/wp-json\/wp\/v2\/media?parent=15395"}],"wp:term":[{"taxonomy":"product_brand","embeddable":true,"href":"https:\/\/farwell.ee\/ru\/wp-json\/wp\/v2\/product_brand?post=15395"},{"taxonomy":"product_cat","embeddable":true,"href":"https:\/\/farwell.ee\/ru\/wp-json\/wp\/v2\/product_cat?post=15395"},{"taxonomy":"product_tag","embeddable":true,"href":"https:\/\/farwell.ee\/ru\/wp-json\/wp\/v2\/product_tag?post=15395"}],"curies":[{"name":"wp","href":"https:\/\/api.w.org\/{rel}","templated":true}]}}