{"id":15375,"date":"2021-07-20T14:19:20","date_gmt":"2021-07-20T11:19:20","guid":{"rendered":"https:\/\/farwell.ee\/?post_type=product&#038;p=15375"},"modified":"2022-09-03T18:56:37","modified_gmt":"2022-09-03T15:56:37","slug":"triikimiskalander-ic43316","status":"publish","type":"product","link":"https:\/\/farwell.ee\/ru\/product\/triikimiskalander-ic43316\/","title":{"rendered":"Triikimiskalander IC43316"},"content":{"rendered":"","protected":false},"excerpt":{"rendered":"<p><span style=\"font-size: 14pt\"><strong>Omadused ja eelised<\/strong><\/span><\/p>\n<ul>\n<li>Lihtsalt kasutatav juhtpaneel.<\/li>\n<li>Ergonoomiline t\u00f6\u00f6k\u00f5rgus.<\/li>\n<li>S\u00f5rmekaitse operaatori veelgi paremaks turvalisuse tagamiseks.<\/li>\n<li>Surverull Nomex\u00ae-i kangast kattega, mis tagab suurep\u00e4rase triikimistulemuse.<\/li>\n<li>Nomex\u00ae-kangast vastupidavad triikimisrihmad,taluvad temperatuure \u00fcle 220 \u00b0C.<\/li>\n<li>Roostevabast terasest triikimissilinder takistab rooste teket ja pikendab masina kasutusiga.<\/li>\n<li><strong>Hooldusvaba keraamiline gaasip\u00f5leti<\/strong> t\u00f6\u00f6seisakute v\u00e4 20% t\u00f5husam kui tavalised sinise liigiga gaasip\u00f5letid. Ainulaadne patenteeritud p\u00f5leti Electroluxilt.<\/li>\n<li>Tagasiandega, et masina saaks ruumi parimaks \u00e4rakasutamiseks paigaldada seina \u00e4\u00e4rde.<\/li>\n<li>Kokkuvolditav etteandelaud, et suured esemed ei puutuks vastu maad.<\/li>\n<\/ul>\n<p><strong>Lisav\u00f5imalused<\/strong><\/p>\n<ul>\n<li>Elektrooniline juhtpaneel koos automaatse triikimiskiiruse reguleerimiss\u00fcsteemiga (DIAMMS*), mis \u00fchtib triikimisparameetrite j\u00e4rgimise RABC-standardiga**;<\/li>\n<\/ul>\n<p>vilkuv tuluke, mis teavitab eseme l\u00f5puni kuivatamata j\u00e4tmisest.<\/p>\n<ul>\n<li>CMIS-\u00fchendus automaatseks triikimisparameetrite salvestamiseks.<\/li>\n<li>Nikliga kaetud triikimissilinder annab puuvilla t\u00f6\u00f6tlemisel parimad tulemused.<\/li>\n<li>Voltimisalus masinakasutajale esemete k\u00e4sitsi voltimiseks.<\/li>\n<li>Hoob etteanderihmade juhtimiseks makses\u00fcsteemide kasutamisel (ei sisalda makses\u00fcsteemi).<\/li>\n<\/ul>\n<p><strong>Tootekood<\/strong><br \/>\nIC43316<\/p>\n<p><strong>M\u00f5\u00f5dud (LxSxK), mm<\/strong><br \/>\n2030 x 690 x 1145<\/p>\n<p><strong>Triikimisrulli laius, mm<\/strong><br \/>\n1650<\/p>\n<p><strong>Triikimisrulli l\u00e4bim\u00f5\u00f5t, mm<\/strong><br \/>\n325<\/p>\n<p><strong>Triikimiskiirus, m\/min<\/strong><br \/>\n0,5-5,5<\/p>\n<p><strong>Vee aurustamise v\u00f5imsus, l\/h<\/strong><br \/>\n19,5<\/p>\n<p><strong>K\u00fcte<\/strong><br \/>\nElekter \/ Gaas<\/p>\n<p><strong>K\u00fcttev\u00f5imsus, kW<\/strong><br \/>\n18 \/ 20<\/p>\n<p><strong>Elektri\u00fchendus, kW\/V\/Hz\/A<\/strong><br \/>\n18 \/ 400 \/ 50 \/ 32<\/p>","protected":false},"featured_media":15376,"template":"","meta":{"_acf_changed":false,"inline_featured_image":false},"product_brand":[],"product_cat":[4131],"product_tag":[],"class_list":{"0":"post-15375","1":"product","2":"type-product","3":"status-publish","4":"has-post-thumbnail","6":"product_cat-triikimiskalandrid-ja-triikimis-seadmed","8":"first","9":"outofstock","10":"shipping-taxable","11":"purchasable","12":"product-type-simple"},"acf":[],"_links":{"self":[{"href":"https:\/\/farwell.ee\/ru\/wp-json\/wp\/v2\/product\/15375","targetHints":{"allow":["GET"]}}],"collection":[{"href":"https:\/\/farwell.ee\/ru\/wp-json\/wp\/v2\/product"}],"about":[{"href":"https:\/\/farwell.ee\/ru\/wp-json\/wp\/v2\/types\/product"}],"wp:featuredmedia":[{"embeddable":true,"href":"https:\/\/farwell.ee\/ru\/wp-json\/wp\/v2\/media\/15376"}],"wp:attachment":[{"href":"https:\/\/farwell.ee\/ru\/wp-json\/wp\/v2\/media?parent=15375"}],"wp:term":[{"taxonomy":"product_brand","embeddable":true,"href":"https:\/\/farwell.ee\/ru\/wp-json\/wp\/v2\/product_brand?post=15375"},{"taxonomy":"product_cat","embeddable":true,"href":"https:\/\/farwell.ee\/ru\/wp-json\/wp\/v2\/product_cat?post=15375"},{"taxonomy":"product_tag","embeddable":true,"href":"https:\/\/farwell.ee\/ru\/wp-json\/wp\/v2\/product_tag?post=15375"}],"curies":[{"name":"wp","href":"https:\/\/api.w.org\/{rel}","templated":true}]}}