{"id":15373,"date":"2021-07-20T14:09:05","date_gmt":"2021-07-20T11:09:05","guid":{"rendered":"https:\/\/farwell.ee\/?post_type=product&#038;p=15373"},"modified":"2022-09-03T18:55:07","modified_gmt":"2022-09-03T15:55:07","slug":"triikimiskalander-ib42316","status":"publish","type":"product","link":"https:\/\/farwell.ee\/ru\/product\/triikimiskalander-ib42316\/","title":{"rendered":"Triikimiskalander IB42316"},"content":{"rendered":"","protected":false},"excerpt":{"rendered":"<p><span style=\"font-size: 14pt\"><strong>Omadused ja eelised<\/strong><\/span><\/p>\n<ul>\n<li>Tagasiandes\u00fcsteem ehk v\u00e4ljastus eest.<\/li>\n<li>S\u00f5rmekaitse operaatori turvalisuse veelgi paremaks tagamiseks.<\/li>\n<li>Seadistatav temperatuur.<\/li>\n<li>Pikema kasutusea ja linade parema etteande tagamiseks on triikimissilinder kaetud terasvilla ja puuvillavildiga.<\/li>\n<li>Ergonoomiline juhtpedaal.<\/li>\n<li>Terasest etteande- ja tagastuslaud.<\/li>\n<li>Silindril on Nomex\u00ae-kate, mis talub temperatuure \u00fcle 200 \u00b0C.<\/li>\n<\/ul>\n<p><strong>Lisav\u00f5imalused<\/strong><\/p>\n<ul>\n<li>M\u00fcndiloenduri kasutamine.<\/li>\n<li>Muudetav kiirus.<\/li>\n<\/ul>\n<p><strong>Tootekood<\/strong><br \/>\nIB42316<\/p>\n<p><strong>M\u00f5\u00f5dud (LxSxK), mm<\/strong><br \/>\n2045x510x1025<\/p>\n<p><strong>Triikimisrulli laius, mm<\/strong><br \/>\n1650<\/p>\n<p><strong>Triikimisrulli l\u00e4bim\u00f5\u00f5t, mm<\/strong><br \/>\n230<\/p>\n<p><strong>Triikimiskiirus, m\/min<\/strong><br \/>\n3,4<\/p>\n<p><strong>Vee aurustamise v\u00f5imsus, l\/h<\/strong><br \/>\n8,1<\/p>\n<p><strong>K\u00fcttev\u00f5imsus, kW<\/strong><br \/>\n8,4<\/p>\n<p><strong>Elektri\u00fchendus, kW\/V\/Hz\/A<\/strong><br \/>\n8,7 \/ 400 \/ 50 \/ 16<\/p>","protected":false},"featured_media":15374,"template":"","meta":{"_acf_changed":false,"inline_featured_image":false},"product_brand":[],"product_cat":[4131],"product_tag":[],"class_list":{"0":"post-15373","1":"product","2":"type-product","3":"status-publish","4":"has-post-thumbnail","6":"product_cat-triikimiskalandrid-ja-triikimis-seadmed","8":"first","9":"outofstock","10":"shipping-taxable","11":"purchasable","12":"product-type-simple"},"acf":[],"_links":{"self":[{"href":"https:\/\/farwell.ee\/ru\/wp-json\/wp\/v2\/product\/15373","targetHints":{"allow":["GET"]}}],"collection":[{"href":"https:\/\/farwell.ee\/ru\/wp-json\/wp\/v2\/product"}],"about":[{"href":"https:\/\/farwell.ee\/ru\/wp-json\/wp\/v2\/types\/product"}],"wp:featuredmedia":[{"embeddable":true,"href":"https:\/\/farwell.ee\/ru\/wp-json\/wp\/v2\/media\/15374"}],"wp:attachment":[{"href":"https:\/\/farwell.ee\/ru\/wp-json\/wp\/v2\/media?parent=15373"}],"wp:term":[{"taxonomy":"product_brand","embeddable":true,"href":"https:\/\/farwell.ee\/ru\/wp-json\/wp\/v2\/product_brand?post=15373"},{"taxonomy":"product_cat","embeddable":true,"href":"https:\/\/farwell.ee\/ru\/wp-json\/wp\/v2\/product_cat?post=15373"},{"taxonomy":"product_tag","embeddable":true,"href":"https:\/\/farwell.ee\/ru\/wp-json\/wp\/v2\/product_tag?post=15373"}],"curies":[{"name":"wp","href":"https:\/\/api.w.org\/{rel}","templated":true}]}}