{"id":15367,"date":"2021-07-20T13:09:17","date_gmt":"2021-07-20T10:09:17","guid":{"rendered":"https:\/\/farwell.ee\/?post_type=product&#038;p=15367"},"modified":"2025-01-30T15:55:09","modified_gmt":"2025-01-30T13:55:09","slug":"trummelkuivati-t4900","status":"publish","type":"product","link":"https:\/\/farwell.ee\/ru\/product\/trummelkuivati-t4900\/","title":{"rendered":"Trummelkuivati T4900"},"content":{"rendered":"","protected":false},"excerpt":{"rendered":"<p><span style=\"font-size: 14pt\"><strong>Omadused ja eelised<\/strong><\/span><\/p>\n<ul>\n<li>Suur tootlikkus, koguni 2 masinat\u00e4it tunnis<\/li>\n<li>Kuivatustemperatuuri ja -aja seadistamine masina lihtsaks kasutamiseks<\/li>\n<li>Suur luugiava pesu mugavaks sissepanemiseks ja v\u00e4ljav\u00f5tmiseks<\/li>\n<li>Suur isepuhastuv ebemefilter tagab kergema masinahoolduse<\/li>\n<li>Lihtne ligip\u00e4\u00e4s hooldatavatele masinaosadele nii masina eest kui ka tagant<\/li>\n<li>Vabalt programmeeritav Selecta juhtpaneel<\/li>\n<li>P\u00f6\u00f6rlemissuunda muutev trummel<\/li>\n<li>H\u00e4daseiskamine<\/li>\n<li>Lahkl\u00fcliti<\/li>\n<li>Gaasi l\u00e4htestamine masina eest (gaasiversioonil).<\/li>\n<\/ul>\n<p><strong>Lisav\u00f5imalused<\/strong><\/p>\n<ul>\n<li>Roostevabast terasest esipaneel<\/li>\n<li>Roostevabast terasest trummel<\/li>\n<li>Sagedusjuhtimisega mootor<\/li>\n<li>V\u00e4lis\u00f5hu sisselase<\/li>\n<li>Indikaatortuluke, mis teavitab kuivatsts\u00fckli l\u00f5ppemisest<\/li>\n<li>J\u00e4\u00e4kniiskuse kontroll (RMC)<\/li>\n<li>L\u00fckanduks (eraldi andmeleht)<\/li>\n<li>Ettepoole kallutamine (eraldi andmeleht)<\/li>\n<li>CMIS-\u00fchendus<\/li>\n<\/ul>\n<p><strong>Tootekood<\/strong><br \/>\nT4900<\/p>\n<p><strong>Mahutavus, kg<\/strong><br \/>\n45<\/p>\n<p><strong>Trumli maht, L<\/strong><br \/>\n900<\/p>\n<p><strong>Trumli l\u00e4bim\u00f5\u00f5t, mm<\/strong><br \/>\n1240<\/p>\n<p><strong>K\u00fcte<\/strong><br \/>\nGaas \/ Aur \/ Elekter<\/p>\n<p><strong>Elektri\u00fchendus, kW\/V\/Hz\/A<\/strong><br \/>\n3,3 \/ 400 \/ 50 \/ 16<\/p>\n<p><strong>Kuivatusprogrammi kestus, min<\/strong><br \/>\n26<\/p>\n<p><strong>Programmi energiakulu, kWh<\/strong><br \/>\n26,2<\/p>\n<p><strong>M\u00f5\u00f5dud (LxSxK), mm<\/strong><br \/>\n1290x1295x2465<\/p>\n<p><strong>Tooteleht: <\/strong><a href=\"https:\/\/farwell.ee\/wp-content\/uploads\/trummelkuivati_t4900-t41200_est.pdf\">T4900<\/a><\/p>","protected":false},"featured_media":15368,"template":"","meta":{"_acf_changed":false,"inline_featured_image":false},"product_brand":[],"product_cat":[4130],"product_tag":[],"class_list":{"0":"post-15367","1":"product","2":"type-product","3":"status-publish","4":"has-post-thumbnail","6":"product_cat-toostuslikud-kuivatid","8":"first","9":"outofstock","10":"shipping-taxable","11":"purchasable","12":"product-type-simple"},"acf":[],"_links":{"self":[{"href":"https:\/\/farwell.ee\/ru\/wp-json\/wp\/v2\/product\/15367","targetHints":{"allow":["GET"]}}],"collection":[{"href":"https:\/\/farwell.ee\/ru\/wp-json\/wp\/v2\/product"}],"about":[{"href":"https:\/\/farwell.ee\/ru\/wp-json\/wp\/v2\/types\/product"}],"wp:featuredmedia":[{"embeddable":true,"href":"https:\/\/farwell.ee\/ru\/wp-json\/wp\/v2\/media\/15368"}],"wp:attachment":[{"href":"https:\/\/farwell.ee\/ru\/wp-json\/wp\/v2\/media?parent=15367"}],"wp:term":[{"taxonomy":"product_brand","embeddable":true,"href":"https:\/\/farwell.ee\/ru\/wp-json\/wp\/v2\/product_brand?post=15367"},{"taxonomy":"product_cat","embeddable":true,"href":"https:\/\/farwell.ee\/ru\/wp-json\/wp\/v2\/product_cat?post=15367"},{"taxonomy":"product_tag","embeddable":true,"href":"https:\/\/farwell.ee\/ru\/wp-json\/wp\/v2\/product_tag?post=15367"}],"curies":[{"name":"wp","href":"https:\/\/api.w.org\/{rel}","templated":true}]}}