{"id":15315,"date":"2021-07-09T14:17:14","date_gmt":"2021-07-09T11:17:14","guid":{"rendered":"https:\/\/farwell.ee\/?post_type=product&#038;p=15315"},"modified":"2025-01-30T15:32:43","modified_gmt":"2025-01-30T13:32:43","slug":"trummelkuivati-td6-10","status":"publish","type":"product","link":"https:\/\/farwell.ee\/ru\/product\/trummelkuivati-td6-10\/","title":{"rendered":"Trummelkuivati TD6-10"},"content":{"rendered":"","protected":false},"excerpt":{"rendered":"<p><span style=\"font-size: 14pt\"><strong>Omadused ja eelised<\/strong><\/span><\/p>\n<ul>\n<li>Compass Pro\u00ae juhtpaneel:\n<ul>\n<li>suur ekraan lihtsaks programmide valimiseks<\/li>\n<\/ul>\n<\/li>\n<li>keelevalik<\/li>\n<li>kiirseadistuste ja valikute nupud enimkasutatavatele kuivatusprogrammidele ja seadistustele<br \/>\ns\u00e4\u00e4stlikkusele, r\u00f5ivahooldusele ja aja kokkuhoiule h\u00e4\u00e4lestatud kuivatusprogrammid<\/li>\n<li>USB-\u00fchendus<\/li>\n<li>Suur tootlikkus, koguni 2 masinat\u00e4it tunnis.<\/li>\n<li>Parimat v\u00f5imalikku t\u00f5husust tagav madal energiatarve.<\/li>\n<li>Muudetav uksepoolsus mugavaks pesude k\u00e4sitlemiseks.<\/li>\n<li>Lihtne ligip\u00e4\u00e4s hooldatavatele masinaosadele nii masina eest kui ka tagant.<\/li>\n<li>J\u00e4\u00e4kniiskuse kontroll (MB) tagab t\u00e4pselt soovitud kuivatustulemuse ja madala energiatarbe.<\/li>\n<li>V\u00e4hem suurem\u00f5\u00f5dulise pesu s\u00f5lmeminekuid t\u00e4nu p\u00f6\u00f6rlemissuunda muutvale trumlile.<\/li>\n<\/ul>\n<p><strong>Lisav\u00f5imalused<\/strong><\/p>\n<ul>\n<li>Roostevabast terasest trummel.<\/li>\n<li>\u00dchendatav broneerimis- ja makses\u00fcsteemide v\u00f5i m\u00fcndiloenduritega<\/li>\n<li>Roostevabast terasest alusraam.<\/li>\n<\/ul>\n<p><strong>Tootekood<\/strong><br \/>\nTD6-10<\/p>\n<p><strong>Mahutavus, kg<\/strong><br \/>\n10,6<\/p>\n<p><strong>Trumli maht, L<\/strong><br \/>\n190<\/p>\n<p><strong>Trumli l\u00e4bim\u00f5\u00f5t, mm<\/strong><br \/>\n680<\/p>\n<p><strong>K\u00fcte<\/strong><br \/>\nElekter \/ Gaas<\/p>\n<p><strong>Elektri\u00fchendus, kW\/V\/Hz\/A<\/strong><br \/>\n8,3 \/ 400 \/ 50 \/ 16<\/p>\n<p><strong>Kuivatusprogrammi kestus, min<\/strong><br \/>\n27<\/p>\n<p><strong>Programmi energiakulu, kWh<\/strong><br \/>\n3,53<\/p>\n<p><strong>M\u00f5\u00f5dud (LxSxK), mm<\/strong><br \/>\n721x759x1114<\/p>\n<p><strong>Tooteleht: <\/strong><a href=\"https:\/\/farwell.ee\/wp-content\/uploads\/Trummelkuivati_TD6-10_EE.pdf\">TD6-10<\/a><\/p>","protected":false},"featured_media":15316,"template":"","meta":{"_acf_changed":false,"inline_featured_image":false},"product_brand":[],"product_cat":[4130],"product_tag":[],"class_list":{"0":"post-15315","1":"product","2":"type-product","3":"status-publish","4":"has-post-thumbnail","6":"product_cat-toostuslikud-kuivatid","8":"first","9":"outofstock","10":"shipping-taxable","11":"purchasable","12":"product-type-simple"},"acf":[],"_links":{"self":[{"href":"https:\/\/farwell.ee\/ru\/wp-json\/wp\/v2\/product\/15315","targetHints":{"allow":["GET"]}}],"collection":[{"href":"https:\/\/farwell.ee\/ru\/wp-json\/wp\/v2\/product"}],"about":[{"href":"https:\/\/farwell.ee\/ru\/wp-json\/wp\/v2\/types\/product"}],"wp:featuredmedia":[{"embeddable":true,"href":"https:\/\/farwell.ee\/ru\/wp-json\/wp\/v2\/media\/15316"}],"wp:attachment":[{"href":"https:\/\/farwell.ee\/ru\/wp-json\/wp\/v2\/media?parent=15315"}],"wp:term":[{"taxonomy":"product_brand","embeddable":true,"href":"https:\/\/farwell.ee\/ru\/wp-json\/wp\/v2\/product_brand?post=15315"},{"taxonomy":"product_cat","embeddable":true,"href":"https:\/\/farwell.ee\/ru\/wp-json\/wp\/v2\/product_cat?post=15315"},{"taxonomy":"product_tag","embeddable":true,"href":"https:\/\/farwell.ee\/ru\/wp-json\/wp\/v2\/product_tag?post=15315"}],"curies":[{"name":"wp","href":"https:\/\/api.w.org\/{rel}","templated":true}]}}