{"id":15311,"date":"2021-07-09T14:00:59","date_gmt":"2021-07-09T11:00:59","guid":{"rendered":"https:\/\/farwell.ee\/?post_type=product&#038;p=15311"},"modified":"2025-01-30T15:26:37","modified_gmt":"2025-01-30T13:26:37","slug":"trummelkuivati-td6-6c","status":"publish","type":"product","link":"https:\/\/farwell.ee\/ru\/product\/trummelkuivati-td6-6c\/","title":{"rendered":"Trummelkuivati TD6-6C"},"content":{"rendered":"","protected":false},"excerpt":{"rendered":"<p><span style=\"font-size: 14pt\"><strong>Omadused ja eelised<\/strong><\/span><\/p>\n<p><strong>Kondenseeriv kuivati ei vaja ventilatsiooni \u00fchendust<\/strong><\/p>\n<ul>\n<li>Compass Pro\u00ae juhtpaneel:\n<ul>\n<li>suur ekraan ja \u00fcksainus juhtnupp lihtsaks programmide valimiseks<\/li>\n<li>keelevalik<\/li>\n<li>kiirk\u00e4ivituse ja valikute nupud enimkasutatavatele programmidele<\/li>\n<li>s\u00e4\u00e4stlikkusele, r\u00f5ivahooldusele ja aja kokkuhoiule h\u00e4\u00e4lestatud kuivatusprogrammid<\/li>\n<li>haldusprogramm parameetrite seadistamiseks<\/li>\n<li>USB-\u00fchendus<\/li>\n<\/ul>\n<\/li>\n<li>J\u00e4\u00e4kniiskuse kontroll (RMC) tagab t\u00e4pselt soovitud kuivatustulemuse ja madala energiatarbe.<\/li>\n<li>V\u00e4hem suurem\u00f5\u00f5dulise pesu s\u00f5lmeminekuid t\u00e4nu p\u00f6\u00f6rlemissuunda muutvale trumlile.<\/li>\n<li>Roostevabast terasest trummel.<\/li>\n<li>Muudetav uksepoolsus mugavaks pesu k\u00e4sitlemiseks.<\/li>\n<li>M\u00fcndiloenduriga kuivati koos Ecopower funktsiooniga, mis ei lase riideid liigselt kuivatada ja tagab madalama energiatarbe.<\/li>\n<li>TD6-6: parima soorituse jaoks ei tohiks \u00fcmbritsev temperatuur t\u00f5usta \u00fcle 25 \u00b0C.<\/li>\n<\/ul>\n<p><strong>Electrolux OnE \u2013 j\u00e4lgi reaalajas masina kasutust ja tootlikkust k\u00f5ikjal<\/strong><\/p>\n<ul>\n<li>v\u00f5imaldab optimeerimise abil t\u00f5hustada protsessi ja t\u00f5sta tulusust<\/li>\n<\/ul>\n<p><strong>Lisav\u00f5imalused<\/strong><\/p>\n<ul>\n<li>Roostevabast terasest esipaneel.<\/li>\n<li>\u00dchendamine broneerimis- ja makses\u00fcsteemide v\u00f5i m\u00fcndiloenduritega.<\/li>\n<li>Vaheraam TD6-6 paigaldamiseks pesumasina WH6-6 peale.<\/li>\n<li>Roostevabast terasest alusraam.<\/li>\n<\/ul>\n<p><strong>Tootekood<\/strong><br \/>\nTD6-6 Con<\/p>\n<p><strong>Mahutavus, kg<\/strong><br \/>\n6<\/p>\n<p><strong>Trumli maht, L<\/strong><br \/>\n130<\/p>\n<p><strong>Trumli l\u00e4bim\u00f5\u00f5t, mm<\/strong><br \/>\n575<\/p>\n<p><strong>K\u00fcttev\u00f5imsus, kW<\/strong><br \/>\n3<\/p>\n<p><strong>Elektri\u00fchendus, kW\/V\/Hz\/A<\/strong><br \/>\n3,3 \/ 400 \/ 50 \/ 10<\/p>\n<p><strong>Kuivatusprogrammi kestus, min<\/strong><br \/>\n55<\/p>\n<p><strong>Programmi energiakulu, kWh<\/strong><br \/>\n2,96<\/p>\n<p><strong>M\u00f5\u00f5dud (LxSxK), mm<\/strong><br \/>\n597x725x839<\/p>\n<p><strong>Tooteleht: <\/strong><a href=\"https:\/\/farwell.ee\/wp-content\/uploads\/Trummelkuivati_TD6-6_EE.pdf\">TD6-6<\/a><\/p>","protected":false},"featured_media":15312,"template":"","meta":{"_acf_changed":false,"inline_featured_image":false},"product_brand":[],"product_cat":[4130],"product_tag":[],"class_list":{"0":"post-15311","1":"product","2":"type-product","3":"status-publish","4":"has-post-thumbnail","6":"product_cat-toostuslikud-kuivatid","8":"first","9":"outofstock","10":"shipping-taxable","11":"purchasable","12":"product-type-simple"},"acf":[],"_links":{"self":[{"href":"https:\/\/farwell.ee\/ru\/wp-json\/wp\/v2\/product\/15311","targetHints":{"allow":["GET"]}}],"collection":[{"href":"https:\/\/farwell.ee\/ru\/wp-json\/wp\/v2\/product"}],"about":[{"href":"https:\/\/farwell.ee\/ru\/wp-json\/wp\/v2\/types\/product"}],"wp:featuredmedia":[{"embeddable":true,"href":"https:\/\/farwell.ee\/ru\/wp-json\/wp\/v2\/media\/15312"}],"wp:attachment":[{"href":"https:\/\/farwell.ee\/ru\/wp-json\/wp\/v2\/media?parent=15311"}],"wp:term":[{"taxonomy":"product_brand","embeddable":true,"href":"https:\/\/farwell.ee\/ru\/wp-json\/wp\/v2\/product_brand?post=15311"},{"taxonomy":"product_cat","embeddable":true,"href":"https:\/\/farwell.ee\/ru\/wp-json\/wp\/v2\/product_cat?post=15311"},{"taxonomy":"product_tag","embeddable":true,"href":"https:\/\/farwell.ee\/ru\/wp-json\/wp\/v2\/product_tag?post=15311"}],"curies":[{"name":"wp","href":"https:\/\/api.w.org\/{rel}","templated":true}]}}