{"id":15299,"date":"2021-07-09T13:08:00","date_gmt":"2021-07-09T10:08:00","guid":{"rendered":"https:\/\/farwell.ee\/?post_type=product&#038;p=15299"},"modified":"2025-01-27T13:53:36","modified_gmt":"2025-01-27T11:53:36","slug":"kuivatuskapp-dc6-4","status":"publish","type":"product","link":"https:\/\/farwell.ee\/ru\/product\/kuivatuskapp-dc6-4\/","title":{"rendered":"Kuivatuskapp DC6-4"},"content":{"rendered":"","protected":false},"excerpt":{"rendered":"<p><span style=\"font-size: 18.6667px\"><b>Omadused ja eelised<\/b><\/span><\/p>\n<ul>\n<li>Kuivatuskapp t\u00f5husaks suurte v\u00f5i \u00f5rnade r\u00f5ivaste kuivatamiseks.<\/li>\n<li>Mehhaanilise kuivatuseta, seega sobib k\u00f5iksugu esemetele, n\u00e4iteks kinnastele ja jalan\u00f5udele ning \u00f5rnadele kangastele nagu siid ja linane riie.<\/li>\n<li>Tulemusena on \u00f5rnadel riietel \/ t\u00f6\u00f6riietel pikem kasutusiga.<\/li>\n<li>S\u00e4\u00e4stab aega v\u00f5rreldes tavalise kuivama riputamisega v\u00f5i laotamisega.<\/li>\n<li>\u00d6konoomne disain t\u00e4nu ukse k\u00e4epideme ja juhtpaneeli kasutajas\u00f5bralikule k\u00f5rgusele, mida mugav kasutada ka puuetega isikutel.\n<ul>\n<li>Ohutus:<\/li>\n<li>v\u00f5imalus rakendada kuivatamise alustamisel lapselukk<\/li>\n<\/ul>\n<\/li>\n<li>uste magnet\u00e4\u00e4rtega on eemaldatud oht, et lapsed j\u00e4\u00e4ksid kappi kinni<\/li>\n<li>Uksel asuv voolukatkesti seiskab kuivatuse ukse avamisel.<\/li>\n<li>Uksetihendid tagavad masina vaikse t\u00f6\u00f6 ja vastupidava \u00fclesehituse.<\/li>\n<li>Kerge kasutada:\n<ul>\n<li>2 automaatset kuivatusprogrammi, mis katkestatakse siis, kui riided on kuivad<\/li>\n<li>30 p\u00f6\u00f6ratavat riputustoru kergeks riiete riputamseks ja \u00e4rav\u00f5tmiseks<\/li>\n<\/ul>\n<\/li>\n<li>Paindlik paigaldus:\n<ul>\n<li>reguleeritavad jalad<\/li>\n<li>vahetatav uksepoolsus \u2013 parem- v\u00f5i vasakpoolne avanemine<\/li>\n<\/ul>\n<\/li>\n<\/ul>\n<p><strong>\u0410\u043a\u0441\u0435\u0441\u0441\u0443\u0430\u0440\u044b<\/strong><\/p>\n<ul>\n<li>Kingariiul kingade ja saabaste kuivatamise h\u00f5lbustamiseks Kingariiul: 988704087<\/li>\n<li>Kindahoidja kinnaste, m\u00fctside jms t\u00f5husamaks kuivatamiseks Kindahoidja: 988704085<\/li>\n<li>Seinapealse juhendi leiate Electroluxi profiseadmete veebisaidilt.<\/li>\n<\/ul>\n<p><strong>Tootekood<\/strong><br \/>\nDC6-4<\/p>\n<p><strong>Mahutavus, kg<\/strong><br \/>\n4<\/p>\n<p><strong>K\u00fcte<\/strong><br \/>\nElekter<\/p>\n<p><strong>Elektri\u00fchendus, kW\/V\/Hz\/A<\/strong><br \/>\n1,5 \/ 230 \/ 50 \/ 10<\/p>\n<p><strong>Kuivatusprogrammi kestus, min<\/strong><br \/>\n105 (50% j\u00e4\u00e4kniiskusega puuvillased riided)<\/p>\n<p><strong>Programmi energiakulu, kWh<\/strong><br \/>\n2,4<\/p>\n<p><strong>M\u00f5\u00f5dud (LxSxK), mm<\/strong><br \/>\n595 x 606 x 1915<\/p>\n<p><strong>Tooteleht: <\/strong><a href=\"https:\/\/farwell.ee\/wp-content\/uploads\/kuivatuskapp_dc6-4_ee.pdf\">DC6-4<\/a><\/p>","protected":false},"featured_media":15300,"template":"","meta":{"_acf_changed":false,"inline_featured_image":false},"product_brand":[],"product_cat":[7061],"product_tag":[],"class_list":{"0":"post-15299","1":"product","2":"type-product","3":"status-publish","4":"has-post-thumbnail","6":"product_cat-kuivatuskapid-ja-kinda-jalatsikuivatusseadmed-professionaalseks-kasutuseks","8":"first","9":"outofstock","10":"shipping-taxable","11":"purchasable","12":"product-type-simple"},"acf":[],"_links":{"self":[{"href":"https:\/\/farwell.ee\/ru\/wp-json\/wp\/v2\/product\/15299","targetHints":{"allow":["GET"]}}],"collection":[{"href":"https:\/\/farwell.ee\/ru\/wp-json\/wp\/v2\/product"}],"about":[{"href":"https:\/\/farwell.ee\/ru\/wp-json\/wp\/v2\/types\/product"}],"wp:featuredmedia":[{"embeddable":true,"href":"https:\/\/farwell.ee\/ru\/wp-json\/wp\/v2\/media\/15300"}],"wp:attachment":[{"href":"https:\/\/farwell.ee\/ru\/wp-json\/wp\/v2\/media?parent=15299"}],"wp:term":[{"taxonomy":"product_brand","embeddable":true,"href":"https:\/\/farwell.ee\/ru\/wp-json\/wp\/v2\/product_brand?post=15299"},{"taxonomy":"product_cat","embeddable":true,"href":"https:\/\/farwell.ee\/ru\/wp-json\/wp\/v2\/product_cat?post=15299"},{"taxonomy":"product_tag","embeddable":true,"href":"https:\/\/farwell.ee\/ru\/wp-json\/wp\/v2\/product_tag?post=15299"}],"curies":[{"name":"wp","href":"https:\/\/api.w.org\/{rel}","templated":true}]}}