{"id":15260,"date":"2021-07-02T15:12:01","date_gmt":"2021-07-02T12:12:01","guid":{"rendered":"https:\/\/farwell.ee\/?post_type=product&#038;p=15260"},"modified":"2025-01-30T15:12:27","modified_gmt":"2025-01-30T13:12:27","slug":"tsentrifuug-pesumasin-w41100h","status":"publish","type":"product","link":"https:\/\/farwell.ee\/ru\/product\/tsentrifuug-pesumasin-w41100h\/","title":{"rendered":"Tsentrifuug-pesumasin W41100H"},"content":{"rendered":"","protected":false},"excerpt":{"rendered":"<p><span style=\"font-size: 14pt\"><strong>Omadused ja eelised<\/strong><\/span><\/p>\n<ul>\n<li>Clarus Control\u00ae\u2013 programmeeritav mikroprotsessor 9 kindlaks m\u00e4\u00e4ratud ja kuni 192 seadistatava programmiga.<\/li>\n<li>V\u00f5imas tsentrifugaalj\u00f5ud t\u00f5husaks vee eraldamiseks.<\/li>\n<li>Sagedusjuhtimisega mootor parima v\u00f5imaliku pesutulemuse saavutamiseks.<\/li>\n<li>Vedelate pesuainete doseerimiseks koguni 8 sisendit + 5 lahtriga pesuainesahtel.<\/li>\n<li>Kaheksa \u00fchenduskohta vedelate pesuainete doseerimiseks.<\/li>\n<li>Suur ukseava mugavaks pesu sissepanemiseks ja v\u00e4ljav\u00f5tmiseks.<\/li>\n<li>K\u00f5ik olulisemad osad valmistatud roostevabast terasest, et tagada suurep\u00e4rane roostekindlus.<\/li>\n<li>Pulberv\u00e4rvitud ja galvaniseeritud terasest k\u00fcljepaneelid<\/li>\n<li>Pika t\u00f6\u00f6ea tagamiseks on laagritihendid kaetud m\u00e4\u00e4rde\u00f5liga. T\u00fchja mahuti teavitus<\/li>\n<li>Elektriline v\u00f5i otsese auruga kuumutus<\/li>\n<li>Madal m\u00fcratase v\u00f5imaldab meeldivat t\u00f6\u00f6keskkonda<\/li>\n<li>Lihtsalt hooldatav ja remonditav<\/li>\n<\/ul>\n<p><strong>Lisav\u00f5imalused<\/strong><\/p>\n<ul>\n<li>Masina esik\u00fcljel paigutatav t\u00e4itmislehter<\/li>\n<li>Masina ettepoole v\u00f5i ette- ja tahapoole kallutamine koos trumli p\u00f6\u00f6rlemissuuna muutmisega<\/li>\n<li>M\u00fcra- ja soojusisolatsioon<\/li>\n<li>Pesuvee katsekraan koos tasemen\u00e4iduga<\/li>\n<li>Kaks \u00e4ravooluventiili loputusvee uuesti kasutamiseks pesuveena.<\/li>\n<li>Viie lahtriga pesuainesahtel pulbrilise pesuaine doseerimiseks (asub masina esik\u00fcljel v\u00f5i paremal pool)<\/li>\n<li>Kolmas veeventiil<\/li>\n<li>Suured veeventiilid<\/li>\n<li>IS \u2013 integreeritud s\u00e4\u00e4stlikkus (ing k\u00a0<em>integrated saving<\/em>)<\/li>\n<li>\u00dchendus nutika pesuaine doseerimise s\u00fcsteemiga (DMIS)<\/li>\n<li>CMIS-\u00fchendus arvutiga<\/li>\n<\/ul>\n<p><strong>V\u00f5imalused<\/strong><\/p>\n<ul>\n<li>Masina etteotsa paigutatav t\u00e4itmislehter v\u00f5imaldab pesu kiiresti ja kergelt masinasse panna alt avanevate pesukottide kasutamisel. K\u00e4sitsi kasutatav.<\/li>\n<li>Ette- ja tahapoole kallutatav; tahapoole kallutamist on v\u00f5imalik mugavalt kasutada koos mitmesuguste t\u00e4itmiss\u00fcsteemiga.<\/li>\n<li>Ettepoole kaalutamine koos trumli p\u00f6\u00f6rlemissuuna muutmisega muudab pesude v\u00e4ljav\u00f5tmise pesuk\u00e4russe kergemaks.<\/li>\n<li>M\u00fcra- ja soojusisolatsioon langetab \u00f5hu kaudu levivat m\u00fcra v\u00e4hemaks kui 70 dBA.<\/li>\n<li>Katsekraan koos tasemen\u00e4iduga v\u00f5imaldab teil pesuveest proove v\u00f5tta.<\/li>\n<li>Loputusvee uuesti kasutamine \u2013 kaks \u00e4ravooluventiili v\u00f5imaldavad teil loputusvett alles hoida ja seda uuesti pesemiseks kasutada.<\/li>\n<li>Viie lahtriga pesuainesahtel (5 \u00d7 1 liitrit) masina paremal k\u00fcljel v\u00f5i eesotsas.<\/li>\n<li>Pumba abil toimiv vee sisselase \u2013 lisanduv sisselase loputusvee uuesti kasutamiseks.<\/li>\n<li>Kolmas veeventiil \u2013 elektriliselt juhitud veeventiil kareda vee jaoks.<\/li>\n<li>Auru\u00fchenduse komponendid.<\/li>\n<li>Kahe vee\u00fchenduse \u00fchenduskomponendid.<\/li>\n<li>Kolme vee\u00fchenduse \u00fchenduskomponendid.<\/li>\n<li>Pumbaga veesisselaske \u00fchenduskomponendid. Loputusvee uuesti kasutamine.<\/li>\n<li>IS \u2013 integreeritud s\u00e4\u00e4stlikkus (ing k integrated saving).<\/li>\n<li>Kombineeritu auru- ja elektrisoojendus v\u00f5imaldab auru ja elektri vahel \u00fcmber l\u00fclitada.<\/li>\n<li>\u00dchendus nutika pesuaine doseerimise s\u00fcsteemiga (DMIS).<\/li>\n<li>Suured veeventiilid (DN 32 1 1\/4\u2033 BSP).<\/li>\n<li>CMIS-v\u00f5rgu (Certus Management Information Systems) \u00fchenduskomplekt. CMIS edastab vajaliku statistika, veakoodid, hooldusvahemikud, v\u00e4ljav\u00f5tted jne.<\/li>\n<\/ul>\n<p><strong>Tootekood<\/strong><br \/>\nW41100H<\/p>\n<p><strong>Mahutavus, kg<\/strong><br \/>\n120<\/p>\n<p><strong>Trumli maht, L<\/strong><br \/>\n1100<\/p>\n<p><strong>Trumli l\u00e4bim\u00f5\u00f5t, mm<\/strong><br \/>\n1220<\/p>\n<p><strong>Tsentrifuug, p\/min<\/strong><br \/>\n663<\/p>\n<p><strong>K\u00fcte<\/strong><br \/>\nAur<\/p>\n<p><strong>Elektri\u00fchendus, kW\/V\/Hz\/A<\/strong><br \/>\n6,3 \/ 400 \/ 50 \/ 16<\/p>\n<p><strong>Pesuprogrammi kestus, min (60 C, tavapesu)<\/strong><br \/>\n40<\/p>\n<p><strong>Veekulu (k\u00fclm+soe), L<\/strong><br \/>\n533 + 153 (6,24 L\/kg kohta; 110 kg puhul)<\/p>\n<p><strong>Energiakulu, kWh (mootor+k\u00fcte)<\/strong><br \/>\n2,4 + \u2013<\/p>\n<p><strong>M\u00f5\u00f5dud (LxSxK), mm<\/strong><br \/>\n1640x1850x2190<\/p>\n<p><strong>Tooteleht: <\/strong><a href=\"https:\/\/farwell.ee\/wp-content\/uploads\/tsentrifuugpesumasin_w41100h_est.pdf\">W41100H<\/a><\/p>","protected":false},"featured_media":15261,"template":"","meta":{"_acf_changed":false,"inline_featured_image":false},"product_brand":[],"product_cat":[4129],"product_tag":[],"class_list":{"0":"post-15260","1":"product","2":"type-product","3":"status-publish","4":"has-post-thumbnail","6":"product_cat-toostuslikud-pesumasinad","8":"first","9":"outofstock","10":"shipping-taxable","11":"purchasable","12":"product-type-simple"},"acf":[],"_links":{"self":[{"href":"https:\/\/farwell.ee\/ru\/wp-json\/wp\/v2\/product\/15260","targetHints":{"allow":["GET"]}}],"collection":[{"href":"https:\/\/farwell.ee\/ru\/wp-json\/wp\/v2\/product"}],"about":[{"href":"https:\/\/farwell.ee\/ru\/wp-json\/wp\/v2\/types\/product"}],"wp:featuredmedia":[{"embeddable":true,"href":"https:\/\/farwell.ee\/ru\/wp-json\/wp\/v2\/media\/15261"}],"wp:attachment":[{"href":"https:\/\/farwell.ee\/ru\/wp-json\/wp\/v2\/media?parent=15260"}],"wp:term":[{"taxonomy":"product_brand","embeddable":true,"href":"https:\/\/farwell.ee\/ru\/wp-json\/wp\/v2\/product_brand?post=15260"},{"taxonomy":"product_cat","embeddable":true,"href":"https:\/\/farwell.ee\/ru\/wp-json\/wp\/v2\/product_cat?post=15260"},{"taxonomy":"product_tag","embeddable":true,"href":"https:\/\/farwell.ee\/ru\/wp-json\/wp\/v2\/product_tag?post=15260"}],"curies":[{"name":"wp","href":"https:\/\/api.w.org\/{rel}","templated":true}]}}