{"id":15256,"date":"2021-07-02T14:58:02","date_gmt":"2021-07-02T11:58:02","guid":{"rendered":"https:\/\/farwell.ee\/?post_type=product&#038;p=15256"},"modified":"2025-01-30T15:07:21","modified_gmt":"2025-01-30T13:07:21","slug":"barjaarpesumasin-wb6-27","status":"publish","type":"product","link":"https:\/\/farwell.ee\/ru\/product\/barjaarpesumasin-wb6-27\/","title":{"rendered":"Barj\u00e4\u00e4rpesumasin WB6-27"},"content":{"rendered":"","protected":false},"excerpt":{"rendered":"<p><span style=\"font-size: 14pt\"><strong>Omadused ja eelised<\/strong><\/span><\/p>\n<p>\u2022 <strong>Compass Pro\u00ae kasutajas\u00f5bralik kontroller:<\/strong><\/p>\n<ul>\n<li>juhtnupp v\u00f5imaldab 40 tehase ja 15 kliendi soovidele kohandatud pesuprogrammi kasutamist.<\/li>\n<li>s\u00e4\u00e4stlikkusele, sooritusele ja aja kokkuhoiule h\u00e4\u00e4lestatud pesuprogrammid<\/li>\n<li>Valmidus automaatselt doseeritavate vedelate pesuainete \u00fchendamiseks (13 signaali)<\/li>\n<li>J\u00f5udude tasakaalu (PB) s\u00fcsteem m\u00f5\u00f5dab ja parandab masina tasakaalu reaalajas ning kohandab G-tegurit kogu tsentrifuugimise v\u00e4ltel, et pesust eraldada v\u00f5imalikult palju vett, s\u00e4\u00e4stes aega ja raha pesu kuivatamisel<\/li>\n<\/ul>\n<p>\u2022 <strong>Kasutajas\u00f5bralik pesumasin ja tagatud h\u00fcgieen:<\/strong><\/p>\n<ul>\n<li>h\u00f5lpsalt k\u00e4sitletavad paremale v\u00f5i vasakule 175\u00b0 avanevad v\u00e4lisluugid<\/li>\n<li>trumli automaatne positsioneerimine \/ lukustamine ja luugi automaatne lukustamine lihtsustab pesu laadimist ja tagab ohutuse<\/li>\n<li>valves\u00fcsteem v\u00e4ldib m\u00e4\u00e4rdunud pesu kokkupuutumist puhta pesuga ja viimase saastumist<\/li>\n<li>Siledate pindadega disain bakterite paljunemise v\u00e4timiseks ja lihtsaks puhastamiseks<\/li>\n<\/ul>\n<p><strong>Lisav\u00f5imalused<\/strong><\/p>\n<ul>\n<li>Ts\u00fckli l\u00f5pu alarm, et hoida kokku v\u00e4\u00e4rtuslikku protsessiaega<\/li>\n<li>Lisadisplay pesumasina puhtal poolel pesuprotsessi paremaks j\u00e4lgimiseks<\/li>\n<li>4 sektsiooniline (2 pulbrit+ 2 vedelat ainet) pesuainekast k\u00e4sitsi doseeritavate pesuainete jaoks<\/li>\n<li>3. vee sisselaskeventiil pehme vee jaoks<\/li>\n<li>Automaatne trummelukse avamine (AIDO) ts\u00fckli l\u00f5pus kiirema mahalaadimistoimingu jaoks<\/li>\n<li>Integrated Savings (IS) kaalub \u00e4ra pesukoguse ja kohandab seej\u00e4rel masinasse lastavat veekogust tegeliku pesukoguse j\u00e4rgi, s\u00e4\u00e4stes vee ja energia kulu t\u00e4iskoormusest v\u00e4iksematel koormustel. IS aitab v\u00e4ltida masina \u00fclekoormamist.<\/li>\n<\/ul>\n<p><strong>Tootekood<\/strong><br \/>\nWB6-27<\/p>\n<p><strong>Mahutavus, kg<\/strong><br \/>\n27<\/p>\n<p><strong>Trumli maht, L<\/strong><br \/>\n270<\/p>\n<p><strong>Trumli l\u00e4bim\u00f5\u00f5t, mm<\/strong><br \/>\n770<\/p>\n<p><strong>Tsentrifuug, p\/min<\/strong><br \/>\n910<\/p>\n<p><strong>K\u00fcte<\/strong><br \/>\nElekter \/ Gaas \/ Aur<\/p>\n<p><strong>Elektri\u00fchendus, kW\/V\/Hz\/A<\/strong><br \/>\n19,5\/400\/50\/40<\/p>\n<p><strong>Pesuprogrammi kestus, min (60 C, tavapesu)<\/strong><br \/>\n\u2013<\/p>\n<p><strong>Veekulu (k\u00fclm+soe), L<\/strong><br \/>\n308<\/p>\n<p><strong>Energiakulu, kWh (mootor+k\u00fcte)<\/strong><br \/>\n12,7<\/p>\n<p><strong>M\u00f5\u00f5dud (LxSxK), mm<\/strong><br \/>\n1050 x 1030 x 1620<\/p>\n<p><strong>Tooteleht: <\/strong><a href=\"https:\/\/farwell.ee\/wp-content\/uploads\/barj-rpesumasin_wb6-20-wb6-35_ee.pdf\">WB6-27<\/a><\/p>","protected":false},"featured_media":15257,"template":"","meta":{"_acf_changed":false,"inline_featured_image":false},"product_brand":[],"product_cat":[4129],"product_tag":[],"class_list":{"0":"post-15256","1":"product","2":"type-product","3":"status-publish","4":"has-post-thumbnail","6":"product_cat-toostuslikud-pesumasinad","8":"first","9":"outofstock","10":"shipping-taxable","11":"purchasable","12":"product-type-simple"},"acf":[],"_links":{"self":[{"href":"https:\/\/farwell.ee\/ru\/wp-json\/wp\/v2\/product\/15256","targetHints":{"allow":["GET"]}}],"collection":[{"href":"https:\/\/farwell.ee\/ru\/wp-json\/wp\/v2\/product"}],"about":[{"href":"https:\/\/farwell.ee\/ru\/wp-json\/wp\/v2\/types\/product"}],"wp:featuredmedia":[{"embeddable":true,"href":"https:\/\/farwell.ee\/ru\/wp-json\/wp\/v2\/media\/15257"}],"wp:attachment":[{"href":"https:\/\/farwell.ee\/ru\/wp-json\/wp\/v2\/media?parent=15256"}],"wp:term":[{"taxonomy":"product_brand","embeddable":true,"href":"https:\/\/farwell.ee\/ru\/wp-json\/wp\/v2\/product_brand?post=15256"},{"taxonomy":"product_cat","embeddable":true,"href":"https:\/\/farwell.ee\/ru\/wp-json\/wp\/v2\/product_cat?post=15256"},{"taxonomy":"product_tag","embeddable":true,"href":"https:\/\/farwell.ee\/ru\/wp-json\/wp\/v2\/product_tag?post=15256"}],"curies":[{"name":"wp","href":"https:\/\/api.w.org\/{rel}","templated":true}]}}