{"id":15244,"date":"2021-07-02T13:28:50","date_gmt":"2021-07-02T10:28:50","guid":{"rendered":"https:\/\/farwell.ee\/?post_type=product&#038;p=15244"},"modified":"2025-01-27T14:26:18","modified_gmt":"2025-01-27T12:26:18","slug":"tsentrifuug-pesumasin-wh6-11","status":"publish","type":"product","link":"https:\/\/farwell.ee\/ru\/product\/tsentrifuug-pesumasin-wh6-11\/","title":{"rendered":"Tsentrifuug-pesumasin WH6-11"},"content":{"rendered":"","protected":false},"excerpt":{"rendered":"<p><span style=\"font-size: 14pt\"><strong>Omadused ja eelised<\/strong><\/span><\/p>\n<p>\u2022\u00a0<strong>Compass Pro\u00ae juhtpaneel:<\/strong><\/p>\n<ul>\n<li>suur ekraan ja \u00fcksainus juhtnupp lihtsaks programmide valimiseks<\/li>\n<li>keelevalik<\/li>\n<li>kiirseadistuste ja valikute nupud enimkasutatavatele pesuprogrammidele ja seadistustele<\/li>\n<li>s\u00e4\u00e4stlikkusele, sooritusele ja aja kokkuhoiule h\u00e4\u00e4lestatud pesuprogrammid (saadaval \u00fcldprogrammide alt)<\/li>\n<\/ul>\n<p>\u2022\u00a0<strong>AS \u2013 automaatne s\u00e4\u00e4stmine:<\/strong><\/p>\n<ul>\n<li>see masin kaalub pesukoguse \u00e4ra ja seadistab vastavalt sellele nii vee- kui ka energiatarbe. Tulemuseks m\u00e4rkimisv\u00e4\u00e4rne kokkuhoid, kui pesete v\u00f5i kuivatate t\u00e4ismahust v\u00e4iksemat kogust (saadaval \u00fcldprogrammide alt)<\/li>\n<li>\u00c4\u00e4rmiselt madal vee- ja energiatarve, vt alltoodud tabelit<\/li>\n<li>Nelja lahtriga pesuainesahtel pulbrilise v\u00f5i vedela pesuaine k\u00e4sitsi doseerimiseks<\/li>\n<li>V\u00f5imas tsentrifugaalj\u00f5ud t\u00f5husaks vee eraldamiseks<\/li>\n<li>Tihedaks kasutuseks m\u00f5eldud vastupidava tihendi ja tugevate uksehingedega uks<\/li>\n<li>Roostevabast ja galvaniseeritud terasest p\u00f5hikomponendid tagavad hea roostekindluse<\/li>\n<\/ul>\n<p>\u2022\u00a0<strong>J\u00f5udude tasakaal:<\/strong><\/p>\n<ul>\n<li>maksimeerib tsentrifugaalj\u00f5u, mis tagab parema vee eraldamise ja s\u00e4\u00e4stlikuma kuivatuse<\/li>\n<li>v\u00e4hendab masina koormust, mis tagab omakorda muretu masina kasutuse ja pikema kasutusea<\/li>\n<li>v\u00e4hendab tekkivat vibratsiooni, mist\u00f5ttu v\u00f5ib masinat paigaldada k\u00f5ikjal<\/li>\n<\/ul>\n<p><strong>Lisav\u00f5imalused<\/strong><\/p>\n<ul>\n<li>Automaatne vedela pesuaine doseerimine (valikuline sisend-v\u00e4ljundmoodul)<\/li>\n<li>Roostevabast terasest esipaneel<\/li>\n<li>\u00dchendamine broneerimis- ja makses\u00fcsteemide v\u00f5i m\u00fcndiloenduritega<\/li>\n<li>\u00c4ravoolupump<\/li>\n<\/ul>\n<p><strong>Tootekood<\/strong><br \/>\nWH6-11 CP<\/p>\n<p><strong>Mahutavus, kg<\/strong><br \/>\n11<\/p>\n<p><strong>Trumli maht, L<\/strong><br \/>\n105<\/p>\n<p><strong>Trumli l\u00e4bim\u00f5\u00f5t, mm<\/strong><br \/>\n595<\/p>\n<p><strong>Tsentrifuug, p\/min<\/strong><br \/>\n1165<\/p>\n<p><strong>K\u00fcte<\/strong><br \/>\nElekter \/ Aur<\/p>\n<p><strong>Elektri\u00fchendus, kW\/V\/Hz\/A<\/strong><br \/>\n10,3 \/ 400 \/ 50 \/ 16<\/p>\n<p><strong>Pesuprogrammi kestus, min (60 C, tavapesu)<\/strong><br \/>\n59<\/p>\n<p><strong>Veekulu (k\u00fclm+soe), L<\/strong><br \/>\n68,5 + 3 (6,5 L\/kg)<\/p>\n<p><strong>Energiakulu, kWh (mootor+k\u00fcte)<\/strong><br \/>\n0,25 + 1,45<\/p>\n<p><strong>M\u00f5\u00f5dud (LxSxK), mm<\/strong><br \/>\n830 x 770 x 1215<\/p>\n<p><strong>Tooteleht:\u00a0<\/strong><a href=\"https:\/\/farwell.ee\/wp-content\/uploads\/pesumasin_wh6-11-compass-pro_ee.pdf\">WH6-11 CP<\/a><\/p>","protected":false},"featured_media":15245,"template":"","meta":{"_acf_changed":false,"inline_featured_image":false},"product_brand":[],"product_cat":[4129],"product_tag":[],"class_list":{"0":"post-15244","1":"product","2":"type-product","3":"status-publish","4":"has-post-thumbnail","6":"product_cat-toostuslikud-pesumasinad","8":"first","9":"outofstock","10":"shipping-taxable","11":"purchasable","12":"product-type-simple"},"acf":[],"_links":{"self":[{"href":"https:\/\/farwell.ee\/ru\/wp-json\/wp\/v2\/product\/15244","targetHints":{"allow":["GET"]}}],"collection":[{"href":"https:\/\/farwell.ee\/ru\/wp-json\/wp\/v2\/product"}],"about":[{"href":"https:\/\/farwell.ee\/ru\/wp-json\/wp\/v2\/types\/product"}],"wp:featuredmedia":[{"embeddable":true,"href":"https:\/\/farwell.ee\/ru\/wp-json\/wp\/v2\/media\/15245"}],"wp:attachment":[{"href":"https:\/\/farwell.ee\/ru\/wp-json\/wp\/v2\/media?parent=15244"}],"wp:term":[{"taxonomy":"product_brand","embeddable":true,"href":"https:\/\/farwell.ee\/ru\/wp-json\/wp\/v2\/product_brand?post=15244"},{"taxonomy":"product_cat","embeddable":true,"href":"https:\/\/farwell.ee\/ru\/wp-json\/wp\/v2\/product_cat?post=15244"},{"taxonomy":"product_tag","embeddable":true,"href":"https:\/\/farwell.ee\/ru\/wp-json\/wp\/v2\/product_tag?post=15244"}],"curies":[{"name":"wp","href":"https:\/\/api.w.org\/{rel}","templated":true}]}}