{"id":15220,"date":"2021-06-30T11:41:24","date_gmt":"2021-06-30T08:41:24","guid":{"rendered":"https:\/\/farwell.ee\/?post_type=product&#038;p=15220"},"modified":"2025-01-27T13:11:31","modified_gmt":"2025-01-27T11:11:31","slug":"tsentrifuug-pesumasin-mypro-we170v-p","status":"publish","type":"product","link":"https:\/\/farwell.ee\/ru\/product\/tsentrifuug-pesumasin-mypro-we170v-p\/","title":{"rendered":"Tsentrifuug-pesumasin myPRO WE170V\/P"},"content":{"rendered":"","protected":false},"excerpt":{"rendered":"<p><strong>Omadused ja eelised<\/strong><\/p>\n<ul>\n<li>parimad pesutulemused ja r\u00f5ivahooldus t\u00e4nu ainulaadsele 4,5 mm avadega mustust \u00e4rajuhtivale profitrumlile (2,2 mm avade asemel)<\/li>\n<li>s\u00e4\u00e4stke raha ja energiat: nutikas A+++ pesumasin profikasutajale<\/li>\n<li>aja- ja rahas\u00e4\u00e4st kuivatamisel tsentrifuugimisega 1400 p\/min<\/li>\n<\/ul>\n<p><strong>Kuni 50% kiirem ja lihtne kasutada<\/strong> (v\u00f5rreldes kodumajapidamistes kasutatavate masinatega)<\/p>\n<ul>\n<li>katke k\u00f5ik pesuvajadused profikasutuseks m\u00f5eldud programmidega, energiat\u00f5husast ja \u00f5rnast pesust desinfitseeriva ja moppide pesuni<\/li>\n<li>s\u00e4\u00e4stke aega: 60 C tavapesu programmid kestavad 82 min (alustades 15 \u00b0C k\u00fclma veega)<\/li>\n<li>v\u00e4hendage kuumavee\u00fchendusega kestvust veel 12 minuti v\u00f5rra<\/li>\n<li>paindlik paigaldus t\u00e4nu nutikale \u00e4ravoolupumba lahendusele<\/li>\n<\/ul>\n<p><strong>Kolmekordne kasutusiga<\/strong> (v\u00f5rreldes kodumajapidamistes kasutatavate masinatega)<\/p>\n<ul>\n<li>eriti pikk kasutusiga t\u00e4nu vastupidavale konstruktsioonile ja profimasinates kasutatavatele masinaosadele<\/li>\n<li>v\u00e4hem vibratsioone t\u00e4nu \u00e4\u00e4rmiselt t\u00f5husale amortisaatorite s\u00fcsteemile ning tasakaalustatud masinaosadele ja paneelidele<\/li>\n<li>ei mingit keemilist korrosiooni, eesmine ja pealmine paneel roostevabast terasest<\/li>\n<li>murevaba kasutus t\u00e4nu gravitatsiooni m\u00f5jul toimivale \u00e4ravooluklapile n\u00f5udlikuma kasutuse jaoks (\u00fchiselamute haldus ja eakate hoolekanne)<\/li>\n<\/ul>\n<p><strong>T\u00e4iuslik v\u00e4ikeettev\u00f5tetele, n\u00e4iteks:<\/strong><\/p>\n<ul>\n<li>v\u00e4iksematele hotellidele<\/li>\n<li>v\u00f5\u00f5rastemajadele<\/li>\n<li>v\u00e4iksematele restoranidele<\/li>\n<li>juuksuri- ja ilusalongidele<\/li>\n<li>spordi- ja terviseklubidele<\/li>\n<li>kontorikoristusfirmadele<\/li>\n<li>hooldekodudele<\/li>\n<li>restoranikettidele\/frantsiisidele ja paludele teistele<\/li>\n<\/ul>\n<p>https:\/\/youtu.be\/m50wL0sjn9s<\/p>\n<p><strong>Lisav\u00f5imalused<\/strong><\/p>\n<ul>\n<li>V\u00e4line vedela pesuainedosaator<\/li>\n<li>\u00dchendamine makses\u00fcsteemide v\u00f5i m\u00fcndiloenduritega.<\/li>\n<li>\u00c4ravoolupump.<\/li>\n<li>Ruumi s\u00e4\u00e4stmiseks virnastusv\u00f5imalus myPro TE1120 trummelkuivatiga.<\/li>\n<\/ul>\n<p><strong>Tootekood<\/strong><br \/>\nmyPRO WE170V<\/p>\n<p><strong>Mahutavus, kg<\/strong><br \/>\n8<\/p>\n<p><strong>Trumli maht, L<\/strong><br \/>\n67<\/p>\n<p><strong>Tsentrifuug, p\/min<\/strong><br \/>\n1400<\/p>\n<p><strong>K\u00fcte<\/strong><br \/>\nElekter<\/p>\n<p><strong>Elektri\u00fchendus, kW\/V\/Hz\/A<\/strong><br \/>\n2,2 \/ 230 \/ 50 \/ 10<\/p>\n<p><strong>Pesuprogrammi kestus, min (60 C, tavapesu)<\/strong><br \/>\n70<\/p>\n<p><strong>Programmi energiakulu, kWh<\/strong><br \/>\n0,7<\/p>\n<p><strong>Veekulu (k\u00fclm+soe), L<\/strong><br \/>\n65 (k\u00fclm, 8.1 L\/kg kohta)<\/p>\n<p><strong>M\u00f5\u00f5dud (LxSxK), mm<\/strong><br \/>\n597 x 624 x 850<\/p>\n<p><strong>Tooteleht: <\/strong><a href=\"https:\/\/farwell.ee\/wp-content\/uploads\/mypro_pesumasin_we170pv_est.pdf\">myPRO WE170V<\/a><\/p>\n<p>&nbsp;<\/p>","protected":false},"featured_media":15221,"template":"","meta":{"_acf_changed":false,"inline_featured_image":false},"product_brand":[],"product_cat":[4128,4165],"product_tag":[],"class_list":{"0":"post-15220","1":"product","2":"type-product","3":"status-publish","4":"has-post-thumbnail","6":"product_cat-pesumasinad-ja-kuivatid-professionaalseks-kasutuseks","7":"product_cat-iseteenindus-pesumaja","8":"pa_kaubamark-electrolux","10":"first","11":"outofstock","12":"shipping-taxable","13":"purchasable","14":"product-type-simple"},"acf":[],"_links":{"self":[{"href":"https:\/\/farwell.ee\/ru\/wp-json\/wp\/v2\/product\/15220","targetHints":{"allow":["GET"]}}],"collection":[{"href":"https:\/\/farwell.ee\/ru\/wp-json\/wp\/v2\/product"}],"about":[{"href":"https:\/\/farwell.ee\/ru\/wp-json\/wp\/v2\/types\/product"}],"wp:featuredmedia":[{"embeddable":true,"href":"https:\/\/farwell.ee\/ru\/wp-json\/wp\/v2\/media\/15221"}],"wp:attachment":[{"href":"https:\/\/farwell.ee\/ru\/wp-json\/wp\/v2\/media?parent=15220"}],"wp:term":[{"taxonomy":"product_brand","embeddable":true,"href":"https:\/\/farwell.ee\/ru\/wp-json\/wp\/v2\/product_brand?post=15220"},{"taxonomy":"product_cat","embeddable":true,"href":"https:\/\/farwell.ee\/ru\/wp-json\/wp\/v2\/product_cat?post=15220"},{"taxonomy":"product_tag","embeddable":true,"href":"https:\/\/farwell.ee\/ru\/wp-json\/wp\/v2\/product_tag?post=15220"}],"curies":[{"name":"wp","href":"https:\/\/api.w.org\/{rel}","templated":true}]}}