{"id":14773,"date":"2021-03-26T16:00:03","date_gmt":"2021-03-26T14:00:03","guid":{"rendered":"https:\/\/farwell.ee\/toode\/termomeeter-40-200c\/"},"modified":"2026-04-07T12:30:10","modified_gmt":"2026-04-07T09:30:10","slug":"termomeeter-40-200c","status":"publish","type":"product","link":"https:\/\/farwell.ee\/ru\/product\/termomeeter-40-200c\/","title":{"rendered":"Torketermomeeter e. sondtermomeeter  -40\u00b0C kuni +200\u00b0C"},"content":{"rendered":"","protected":false},"excerpt":{"rendered":"<p><span dir=\"auto\">Temperatuurivahemik -40 \u00b0C kuni 200 \u00b0C.<\/span><br \/>\n<span dir=\"auto\">M\u00f5\u00f5t\u00fchik \u00b0C v\u00f5i \u00b0F.<\/span><br \/>\n<span dir=\"auto\">Jaotus 1 \u00b0C.<\/span><br \/>\n<span dir=\"auto\">T\u00e4psus 1 \u00b0C vahemikus -20 \u00b0C kuni 100 \u00b0C.<\/span><br \/>\n<span dir=\"auto\">Hoidmisfunktsioon &#8211; salvestab hetketemperatuuri.<\/span><br \/>\n<span dir=\"auto\">65 mm roostevabast terasest andur.<\/span><br \/>\n<span dir=\"auto\">L\u00fclitub automaatselt v\u00e4lja.<\/span><br \/>\n<span dir=\"auto\">Anduri kattega.<\/span><br \/>\n<span dir=\"auto\">Patarei on kaasas.<\/span><\/p>","protected":false},"featured_media":14772,"template":"","meta":{"_acf_changed":false,"inline_featured_image":false},"product_brand":[],"product_cat":[181],"product_tag":[],"class_list":{"0":"post-14773","1":"product","2":"type-product","3":"status-publish","4":"has-post-thumbnail","6":"product_cat-termomeetrid-ja-taimerid","7":"pa_kaubamark-hendi","9":"first","10":"outofstock","11":"shipping-taxable","12":"purchasable","13":"product-type-simple"},"acf":[],"_links":{"self":[{"href":"https:\/\/farwell.ee\/ru\/wp-json\/wp\/v2\/product\/14773","targetHints":{"allow":["GET"]}}],"collection":[{"href":"https:\/\/farwell.ee\/ru\/wp-json\/wp\/v2\/product"}],"about":[{"href":"https:\/\/farwell.ee\/ru\/wp-json\/wp\/v2\/types\/product"}],"wp:featuredmedia":[{"embeddable":true,"href":"https:\/\/farwell.ee\/ru\/wp-json\/wp\/v2\/media\/14772"}],"wp:attachment":[{"href":"https:\/\/farwell.ee\/ru\/wp-json\/wp\/v2\/media?parent=14773"}],"wp:term":[{"taxonomy":"product_brand","embeddable":true,"href":"https:\/\/farwell.ee\/ru\/wp-json\/wp\/v2\/product_brand?post=14773"},{"taxonomy":"product_cat","embeddable":true,"href":"https:\/\/farwell.ee\/ru\/wp-json\/wp\/v2\/product_cat?post=14773"},{"taxonomy":"product_tag","embeddable":true,"href":"https:\/\/farwell.ee\/ru\/wp-json\/wp\/v2\/product_tag?post=14773"}],"curies":[{"name":"wp","href":"https:\/\/api.w.org\/{rel}","templated":true}]}}