{"id":14494,"date":"2021-03-16T10:00:03","date_gmt":"2021-03-16T08:00:03","guid":{"rendered":"https:\/\/farwell.ee\/toode\/teritaja-elektriline-3-osa-teemantterad-20nurk\/"},"modified":"2026-04-13T10:45:04","modified_gmt":"2026-04-13T07:45:04","slug":"teritaja-elektriline-3-osa-teemantterad-20nurk","status":"publish","type":"product","link":"https:\/\/farwell.ee\/ru\/product\/teritaja-elektriline-3-osa-teemantterad-20nurk\/","title":{"rendered":"Nugade teritaja elektriline, 3-etapiline, 20\u00b0 teritusnurk"},"content":{"rendered":"","protected":false},"excerpt":{"rendered":"<p>3-astmeline elektriline noateritaja on ideaalne lahendus 20-kraadise teritusnurgaga nugade jaoks.<br \/>\nKasutades 100% teemante, mis on maailma k\u00f5veim looduslik aine, teritavad patenteeritud abrasiivid servi kiiremini ja lihtsamalt.<br \/>\nSee teritaja parandab l\u00f5iketulemusi, luues 3 erinevat tahku, mis on asetatud erinevate nurkade alla, et moodustada kauakestvam ja \u00fcliteravam serv.<br \/>\nEsimeses etapis vormitakse sirge servaga noad j\u00e4meda abrasiiviga \u00fcmber, teises etapis aga kasutatakse noa serva teritamiseks keskmise j\u00e4medusega abrasiive.<br \/>\nViimases etapis loovad patenteeritud terituskettad v\u00f5rratu poleeritud viimistluse.<br \/>\nT\u00e4ppisnurga juhikud tagavad t\u00e4pse terituse kogu tera pikkuses.<br \/>\nSee seade on loodud t\u00f6\u00f6tama nii sirge servaga kui ka sakiliste teradega nugadega.<\/p>","protected":false},"featured_media":38106,"template":"","meta":{"_acf_changed":false,"inline_featured_image":false},"product_brand":[],"product_cat":[140],"product_tag":[],"class_list":{"0":"post-14494","1":"product","2":"type-product","3":"status-publish","4":"has-post-thumbnail","6":"product_cat-kooginoad","7":"pa_kaubamark-chefs-choise-2","9":"first","10":"outofstock","11":"shipping-taxable","12":"purchasable","13":"product-type-simple"},"acf":[],"_links":{"self":[{"href":"https:\/\/farwell.ee\/ru\/wp-json\/wp\/v2\/product\/14494","targetHints":{"allow":["GET"]}}],"collection":[{"href":"https:\/\/farwell.ee\/ru\/wp-json\/wp\/v2\/product"}],"about":[{"href":"https:\/\/farwell.ee\/ru\/wp-json\/wp\/v2\/types\/product"}],"wp:featuredmedia":[{"embeddable":true,"href":"https:\/\/farwell.ee\/ru\/wp-json\/wp\/v2\/media\/38106"}],"wp:attachment":[{"href":"https:\/\/farwell.ee\/ru\/wp-json\/wp\/v2\/media?parent=14494"}],"wp:term":[{"taxonomy":"product_brand","embeddable":true,"href":"https:\/\/farwell.ee\/ru\/wp-json\/wp\/v2\/product_brand?post=14494"},{"taxonomy":"product_cat","embeddable":true,"href":"https:\/\/farwell.ee\/ru\/wp-json\/wp\/v2\/product_cat?post=14494"},{"taxonomy":"product_tag","embeddable":true,"href":"https:\/\/farwell.ee\/ru\/wp-json\/wp\/v2\/product_tag?post=14494"}],"curies":[{"name":"wp","href":"https:\/\/api.w.org\/{rel}","templated":true}]}}