{"id":13093,"date":"2021-02-01T17:06:01","date_gmt":"2021-02-01T15:06:01","guid":{"rendered":"https:\/\/farwell.ee\/toode\/oli-aadika-sprei-2tk\/"},"modified":"2026-04-13T10:45:10","modified_gmt":"2026-04-13T07:45:10","slug":"oli-aadika-sprei-2tk","status":"publish","type":"product","link":"https:\/\/farwell.ee\/ru\/product\/oli-aadika-sprei-2tk\/","title":{"rendered":"\u00d5li- ja \u00e4\u00e4dikapihusti 110ml  2tk\/pk"},"content":{"rendered":"","protected":false},"excerpt":{"rendered":"","protected":false},"featured_media":18726,"template":"","meta":{"_acf_changed":false,"inline_featured_image":false},"product_brand":[],"product_cat":[145],"product_tag":[10515,10516,10517,10518],"class_list":{"0":"post-13093","1":"product","2":"type-product","3":"status-publish","4":"has-post-thumbnail","6":"product_cat-lisatarvikud","7":"product_tag-olipihustaja","8":"product_tag-olipihusti","9":"product_tag-olispray","10":"product_tag-olisprei","11":"pa_kaubamark-paderno","13":"first","14":"outofstock","15":"shipping-taxable","16":"purchasable","17":"product-type-simple"},"acf":[],"_links":{"self":[{"href":"https:\/\/farwell.ee\/ru\/wp-json\/wp\/v2\/product\/13093","targetHints":{"allow":["GET"]}}],"collection":[{"href":"https:\/\/farwell.ee\/ru\/wp-json\/wp\/v2\/product"}],"about":[{"href":"https:\/\/farwell.ee\/ru\/wp-json\/wp\/v2\/types\/product"}],"wp:featuredmedia":[{"embeddable":true,"href":"https:\/\/farwell.ee\/ru\/wp-json\/wp\/v2\/media\/18726"}],"wp:attachment":[{"href":"https:\/\/farwell.ee\/ru\/wp-json\/wp\/v2\/media?parent=13093"}],"wp:term":[{"taxonomy":"product_brand","embeddable":true,"href":"https:\/\/farwell.ee\/ru\/wp-json\/wp\/v2\/product_brand?post=13093"},{"taxonomy":"product_cat","embeddable":true,"href":"https:\/\/farwell.ee\/ru\/wp-json\/wp\/v2\/product_cat?post=13093"},{"taxonomy":"product_tag","embeddable":true,"href":"https:\/\/farwell.ee\/ru\/wp-json\/wp\/v2\/product_tag?post=13093"}],"curies":[{"name":"wp","href":"https:\/\/api.w.org\/{rel}","templated":true}]}}