{"id":12044,"date":"2021-02-01T16:51:50","date_gmt":"2021-02-01T14:51:50","guid":{"rendered":"https:\/\/farwell.ee\/toode\/kauss-earth-cinnamon-165cm\/"},"modified":"2026-03-16T10:30:03","modified_gmt":"2026-03-16T08:30:03","slug":"kauss-earth-cinnamon-165cm","status":"publish","type":"product","link":"https:\/\/farwell.ee\/ru\/product\/kauss-earth-cinnamon-165cm\/","title":{"rendered":"Kauss 16,5cm Earth Cinnamon &#8211; L\u00d5PUM\u00dc\u00dcK !"},"content":{"rendered":"","protected":false},"excerpt":{"rendered":"","protected":false},"featured_media":33124,"template":"","meta":{"_acf_changed":false,"inline_featured_image":false},"product_brand":[],"product_cat":[5381,132],"product_tag":[],"class_list":{"0":"post-12044","1":"product","2":"type-product","3":"status-publish","4":"has-post-thumbnail","6":"product_cat-lauanoud-outlet","7":"product_cat-kausid","8":"pa_kaubamark-utopia","10":"first","11":"instock","12":"sale","13":"shipping-taxable","14":"purchasable","15":"product-type-simple"},"acf":[],"_links":{"self":[{"href":"https:\/\/farwell.ee\/ru\/wp-json\/wp\/v2\/product\/12044","targetHints":{"allow":["GET"]}}],"collection":[{"href":"https:\/\/farwell.ee\/ru\/wp-json\/wp\/v2\/product"}],"about":[{"href":"https:\/\/farwell.ee\/ru\/wp-json\/wp\/v2\/types\/product"}],"wp:featuredmedia":[{"embeddable":true,"href":"https:\/\/farwell.ee\/ru\/wp-json\/wp\/v2\/media\/33124"}],"wp:attachment":[{"href":"https:\/\/farwell.ee\/ru\/wp-json\/wp\/v2\/media?parent=12044"}],"wp:term":[{"taxonomy":"product_brand","embeddable":true,"href":"https:\/\/farwell.ee\/ru\/wp-json\/wp\/v2\/product_brand?post=12044"},{"taxonomy":"product_cat","embeddable":true,"href":"https:\/\/farwell.ee\/ru\/wp-json\/wp\/v2\/product_cat?post=12044"},{"taxonomy":"product_tag","embeddable":true,"href":"https:\/\/farwell.ee\/ru\/wp-json\/wp\/v2\/product_tag?post=12044"}],"curies":[{"name":"wp","href":"https:\/\/api.w.org\/{rel}","templated":true}]}}