{"id":11816,"date":"2021-02-01T16:50:32","date_gmt":"2021-02-01T14:50:32","guid":{"rendered":"https:\/\/farwell.ee\/toode\/hoidik-baaritarvetele-4-osaline-r-v\/"},"modified":"2026-02-10T15:15:03","modified_gmt":"2026-02-10T13:15:03","slug":"hoidik-baaritarvetele-4-osaline-r-v","status":"publish","type":"product","link":"https:\/\/farwell.ee\/ru\/product\/hoidik-baaritarvetele-4-osaline-r-v\/","title":{"rendered":"Kokteililisandite karp 4-osaline"},"content":{"rendered":"","protected":false},"excerpt":{"rendered":"<p>T\u00fckeldatud tsitrusviljade, kokteilikirsside ja muude v\u00e4ikeste kokteililisandite s\u00e4ilitamiseks.<br \/>\nRoostevabast terasest korpus.<br \/>\nL\u00e4bipaistev kaas.<\/p>","protected":false},"featured_media":11815,"template":"","meta":{"_acf_changed":false,"inline_featured_image":false},"product_brand":[],"product_cat":[7528],"product_tag":[11752],"class_list":{"0":"post-11816","1":"product","2":"type-product","3":"status-publish","4":"has-post-thumbnail","6":"product_cat-muud-tarvikud","7":"product_tag-bar-caddy","8":"pa_kaubamark-sunnex","10":"first","11":"instock","12":"shipping-taxable","13":"purchasable","14":"product-type-simple"},"acf":[],"_links":{"self":[{"href":"https:\/\/farwell.ee\/ru\/wp-json\/wp\/v2\/product\/11816","targetHints":{"allow":["GET"]}}],"collection":[{"href":"https:\/\/farwell.ee\/ru\/wp-json\/wp\/v2\/product"}],"about":[{"href":"https:\/\/farwell.ee\/ru\/wp-json\/wp\/v2\/types\/product"}],"wp:featuredmedia":[{"embeddable":true,"href":"https:\/\/farwell.ee\/ru\/wp-json\/wp\/v2\/media\/11815"}],"wp:attachment":[{"href":"https:\/\/farwell.ee\/ru\/wp-json\/wp\/v2\/media?parent=11816"}],"wp:term":[{"taxonomy":"product_brand","embeddable":true,"href":"https:\/\/farwell.ee\/ru\/wp-json\/wp\/v2\/product_brand?post=11816"},{"taxonomy":"product_cat","embeddable":true,"href":"https:\/\/farwell.ee\/ru\/wp-json\/wp\/v2\/product_cat?post=11816"},{"taxonomy":"product_tag","embeddable":true,"href":"https:\/\/farwell.ee\/ru\/wp-json\/wp\/v2\/product_tag?post=11816"}],"curies":[{"name":"wp","href":"https:\/\/api.w.org\/{rel}","templated":true}]}}