{"id":11814,"date":"2021-02-01T16:50:32","date_gmt":"2021-02-01T14:50:32","guid":{"rendered":"https:\/\/farwell.ee\/toode\/kokteililisandite-karp-6-osaline\/"},"modified":"2026-04-14T19:45:07","modified_gmt":"2026-04-14T16:45:07","slug":"kokteililisandite-karp-6-osaline","status":"publish","type":"product","link":"https:\/\/farwell.ee\/ru\/product\/kokteililisandite-karp-6-osaline\/","title":{"rendered":"Kokteililisandite karp, 6-osaline"},"content":{"rendered":"","protected":false},"excerpt":{"rendered":"<p>T\u00fckeldatud tsitrusviljade, kokteilikirsside ja muude v\u00e4ikeste kokteililisandite s\u00e4ilitamiseks.<br \/>\nMust plastikust korpus.<br \/>\nL\u00e4bipaistev kaas.<\/p>","protected":false},"featured_media":11813,"template":"","meta":{"_acf_changed":false,"inline_featured_image":false},"product_brand":[],"product_cat":[7528],"product_tag":[11752],"class_list":{"0":"post-11814","1":"product","2":"type-product","3":"status-publish","4":"has-post-thumbnail","6":"product_cat-muud-tarvikud","7":"product_tag-bar-caddy","8":"pa_kaubamark-sunnex","10":"first","11":"instock","12":"shipping-taxable","13":"purchasable","14":"product-type-simple"},"acf":[],"_links":{"self":[{"href":"https:\/\/farwell.ee\/ru\/wp-json\/wp\/v2\/product\/11814","targetHints":{"allow":["GET"]}}],"collection":[{"href":"https:\/\/farwell.ee\/ru\/wp-json\/wp\/v2\/product"}],"about":[{"href":"https:\/\/farwell.ee\/ru\/wp-json\/wp\/v2\/types\/product"}],"wp:featuredmedia":[{"embeddable":true,"href":"https:\/\/farwell.ee\/ru\/wp-json\/wp\/v2\/media\/11813"}],"wp:attachment":[{"href":"https:\/\/farwell.ee\/ru\/wp-json\/wp\/v2\/media?parent=11814"}],"wp:term":[{"taxonomy":"product_brand","embeddable":true,"href":"https:\/\/farwell.ee\/ru\/wp-json\/wp\/v2\/product_brand?post=11814"},{"taxonomy":"product_cat","embeddable":true,"href":"https:\/\/farwell.ee\/ru\/wp-json\/wp\/v2\/product_cat?post=11814"},{"taxonomy":"product_tag","embeddable":true,"href":"https:\/\/farwell.ee\/ru\/wp-json\/wp\/v2\/product_tag?post=11814"}],"curies":[{"name":"wp","href":"https:\/\/api.w.org\/{rel}","templated":true}]}}