{"id":11418,"date":"2021-02-01T16:45:34","date_gmt":"2021-02-01T14:45:34","guid":{"rendered":"https:\/\/farwell.ee\/toode\/kaas-sangaga-gn-1-1\/"},"modified":"2026-01-22T17:00:07","modified_gmt":"2026-01-22T15:00:07","slug":"kaas-sangaga-gn-1-1","status":"publish","type":"product","link":"https:\/\/farwell.ee\/ru\/product\/kaas-sangaga-gn-1-1\/","title":{"rendered":"Kuppelkaas GN 1\/1 kinnine, k\u00e4epidemega"},"content":{"rendered":"","protected":false},"excerpt":{"rendered":"<p>SAN-plastikust (st\u00fcreen-akr\u00fc\u00fclnitriil) l\u00e4bipaistev kuppelkaas.<br \/>\nHea pinna k\u00f5vadus; temperatuurimuutustele vastupidav; n\u00f5udepesumasinas pestav.<br \/>\nSobib toodete suletud serveerimiseks koos erinevate GN 1\/1 kandikutega ja korvidega.<br \/>\nMax. temperatuuritaluvus +100C.<\/p>","protected":false},"featured_media":36608,"template":"","meta":{"_acf_changed":false,"inline_featured_image":false},"product_brand":[],"product_cat":[12446],"product_tag":[],"class_list":{"0":"post-11418","1":"product","2":"type-product","3":"status-publish","4":"has-post-thumbnail","6":"product_cat-kuppelkaaned","7":"pa_kaubamark-aps","9":"first","10":"outofstock","11":"shipping-taxable","12":"purchasable","13":"product-type-simple"},"acf":[],"_links":{"self":[{"href":"https:\/\/farwell.ee\/ru\/wp-json\/wp\/v2\/product\/11418","targetHints":{"allow":["GET"]}}],"collection":[{"href":"https:\/\/farwell.ee\/ru\/wp-json\/wp\/v2\/product"}],"about":[{"href":"https:\/\/farwell.ee\/ru\/wp-json\/wp\/v2\/types\/product"}],"wp:featuredmedia":[{"embeddable":true,"href":"https:\/\/farwell.ee\/ru\/wp-json\/wp\/v2\/media\/36608"}],"wp:attachment":[{"href":"https:\/\/farwell.ee\/ru\/wp-json\/wp\/v2\/media?parent=11418"}],"wp:term":[{"taxonomy":"product_brand","embeddable":true,"href":"https:\/\/farwell.ee\/ru\/wp-json\/wp\/v2\/product_brand?post=11418"},{"taxonomy":"product_cat","embeddable":true,"href":"https:\/\/farwell.ee\/ru\/wp-json\/wp\/v2\/product_cat?post=11418"},{"taxonomy":"product_tag","embeddable":true,"href":"https:\/\/farwell.ee\/ru\/wp-json\/wp\/v2\/product_tag?post=11418"}],"curies":[{"name":"wp","href":"https:\/\/api.w.org\/{rel}","templated":true}]}}