{"id":11098,"date":"2021-02-01T16:41:03","date_gmt":"2021-02-01T14:41:03","guid":{"rendered":"https:\/\/farwell.ee\/toode\/hoidik-soogiriistadele-menuule-akaatsia-125cm\/"},"modified":"2026-03-17T14:15:07","modified_gmt":"2026-03-17T12:15:07","slug":"hoidik-soogiriistadele-menuule-akaatsia-125cm","status":"publish","type":"product","link":"https:\/\/farwell.ee\/ru\/product\/hoidik-soogiriistadele-menuule-akaatsia-125cm\/","title":{"rendered":"Hoidik s\u00f6\u00f6giriistadele ja men\u00fc\u00fcle 12,5cm akaatsia"},"content":{"rendered":"","protected":false},"excerpt":{"rendered":"","protected":false},"featured_media":36678,"template":"","meta":{"_acf_changed":false,"inline_featured_image":false},"product_brand":[],"product_cat":[5379,12454],"product_tag":[],"class_list":{"0":"post-11098","1":"product","2":"type-product","3":"status-publish","4":"has-post-thumbnail","6":"product_cat-buffet-ja-serveerimine-outlet","7":"product_cat-soogiriistade-hoidikud","8":"pa_kaubamark-utopia","10":"first","11":"instock","12":"sale","13":"shipping-taxable","14":"purchasable","15":"product-type-simple"},"acf":[],"_links":{"self":[{"href":"https:\/\/farwell.ee\/ru\/wp-json\/wp\/v2\/product\/11098","targetHints":{"allow":["GET"]}}],"collection":[{"href":"https:\/\/farwell.ee\/ru\/wp-json\/wp\/v2\/product"}],"about":[{"href":"https:\/\/farwell.ee\/ru\/wp-json\/wp\/v2\/types\/product"}],"wp:featuredmedia":[{"embeddable":true,"href":"https:\/\/farwell.ee\/ru\/wp-json\/wp\/v2\/media\/36678"}],"wp:attachment":[{"href":"https:\/\/farwell.ee\/ru\/wp-json\/wp\/v2\/media?parent=11098"}],"wp:term":[{"taxonomy":"product_brand","embeddable":true,"href":"https:\/\/farwell.ee\/ru\/wp-json\/wp\/v2\/product_brand?post=11098"},{"taxonomy":"product_cat","embeddable":true,"href":"https:\/\/farwell.ee\/ru\/wp-json\/wp\/v2\/product_cat?post=11098"},{"taxonomy":"product_tag","embeddable":true,"href":"https:\/\/farwell.ee\/ru\/wp-json\/wp\/v2\/product_tag?post=11098"}],"curies":[{"name":"wp","href":"https:\/\/api.w.org\/{rel}","templated":true}]}}