{"id":26727,"date":"2024-02-01T11:24:47","date_gmt":"2024-02-01T09:24:47","guid":{"rendered":"https:\/\/farwell.ee\/?page_id=26727"},"modified":"2025-01-11T12:48:47","modified_gmt":"2025-01-11T10:48:47","slug":"projekteerimine","status":"publish","type":"page","link":"https:\/\/farwell.ee\/ru\/projekteerimine\/","title":{"rendered":"\u041f\u0440\u043e\u0435\u043a\u0442\u0438\u0440\u043e\u0432\u0430\u043d\u0438\u0435"},"content":{"rendered":"<div class=\"row mb-4\">\t<div class=\"col-lg-8\"><h3><strong>\u0414\u043e\u0431\u0440\u043e \u043f\u043e\u0436\u0430\u043b\u043e\u0432\u0430\u0442\u044c \u0432 \u043e\u0442\u0434\u0435\u043b \u0434\u0438\u0437\u0430\u0439\u043d\u0430!<\/strong><\/h3>\n<p>\u041d\u0430\u0448\u0430 \u0446\u0435\u043b\u044c \u2013 \u043f\u0440\u043e\u0435\u043a\u0442\u0438\u0440\u043e\u0432\u0430\u043d\u0438\u0435 \u0431\u043e\u043b\u044c\u0448\u0438\u0445 \u043a\u0443\u0445\u043e\u043d\u044c, \u043f\u043e\u043b\u043d\u043e\u0441\u0442\u044c\u044e \u043e\u0442\u0432\u0435\u0447\u0430\u044e\u0449\u0438\u0445 \u043f\u043e\u0442\u0440\u0435\u0431\u043d\u043e\u0441\u0442\u044f\u043c \u0438 \u043f\u043e\u0436\u0435\u043b\u0430\u043d\u0438\u044f\u043c \u043d\u0430\u0448\u0438\u0445 \u043a\u043b\u0438\u0435\u043d\u0442\u043e\u0432.<br \/>\n\u041e\u043f\u044b\u0442\u043d\u044b\u0435 \u0434\u0438\u0437\u0430\u0439\u043d\u0435\u0440\u044b \u0433\u043e\u0442\u043e\u0432\u044b \u0441\u043e\u0437\u0434\u0430\u0442\u044c \u0444\u0443\u043d\u043a\u0446\u0438\u043e\u043d\u0430\u043b\u044c\u043d\u044b\u0435 \u0438 \u044d\u0440\u0433\u043e\u043d\u043e\u043c\u0438\u0447\u043d\u044b\u0435 \u043a\u0443\u0445\u043e\u043d\u043d\u044b\u0435 \u0440\u0435\u0448\u0435\u043d\u0438\u044f, \u043e\u0431\u0435\u0441\u043f\u0435\u0447\u0438\u0432\u0430\u044e\u0449\u0438\u0435 \u043a\u043e\u043c\u0444\u043e\u0440\u0442\u043d\u044b\u0439 \u0440\u0430\u0431\u043e\u0447\u0438\u0439 \u043f\u0440\u043e\u0446\u0435\u0441\u0441 \u0438 \u043e\u0431\u0435\u0441\u043f\u0435\u0447\u0438\u0432\u0430\u044e\u0449\u0438\u0435 \u043d\u0435\u0437\u0430\u0431\u044b\u0432\u0430\u0435\u043c\u044b\u0435 \u0432\u043a\u0443\u0441\u043e\u0432\u044b\u0435 \u043e\u0449\u0443\u0449\u0435\u043d\u0438\u044f.<\/p>\n<p>\u041d\u0430\u0448 \u043f\u043e\u0434\u0445\u043e\u0434 \u043a 3D-\u043f\u0440\u043e\u0435\u043a\u0442\u0438\u0440\u043e\u0432\u0430\u043d\u0438\u044e \u043f\u043e\u0437\u0432\u043e\u043b\u044f\u0435\u0442:<\/p>\n<p>* \u0418\u0437\u0443\u0447\u0438\u0442\u044c \u0434\u0438\u043d\u0430\u043c\u0438\u043a\u0443 \u043f\u043e\u043c\u0435\u0449\u0435\u043d\u0438\u0439 \u0438 \u043e\u0446\u0435\u043d\u0438\u0442\u044c, \u043a\u0430\u043a \u0440\u0430\u0437\u043d\u044b\u0435 \u044d\u043b\u0435\u043c\u0435\u043d\u0442\u044b \u0441\u043e\u043e\u0442\u043d\u043e\u0441\u044f\u0442\u0441\u044f \u0434\u0440\u0443\u0433 \u0441 \u0434\u0440\u0443\u0433\u043e\u043c.<br \/>\n* \u0418\u0441\u043f\u044b\u0442\u0430\u0442\u044c \u0438 \u043f\u043e\u043d\u044f\u0442\u044c \u043a\u0430\u0436\u0434\u044b\u0439 \u0430\u0441\u043f\u0435\u043a\u0442 \u043f\u0440\u043e\u0435\u043a\u0442\u0430 \u0434\u043e \u0435\u0433\u043e \u0440\u0435\u0430\u043b\u0438\u0437\u0430\u0446\u0438\u0438.<br \/>\n* \u0414\u0430\u0435\u0442 \u043a\u043b\u0438\u0435\u043d\u0442\u0443 \u0447\u0440\u0435\u0437\u0432\u044b\u0447\u0430\u0439\u043d\u043e \u0442\u043e\u0447\u043d\u044b\u0439 \u0438 \u0440\u0435\u0430\u043b\u0438\u0441\u0442\u0438\u0447\u043d\u044b\u0439 \u043e\u0431\u0437\u043e\u0440 \u0435\u0433\u043e \u0431\u0443\u0434\u0443\u0449\u0435\u0439 \u0431\u043e\u043b\u044c\u0448\u043e\u0439 \u043a\u0443\u0445\u043d\u0438.<br \/>\n* \u041f\u043e\u0437\u0432\u043e\u043b\u044f\u0435\u0442 \u0441\u043e\u0432\u0435\u0440\u0448\u0438\u0442\u044c \u0432\u0438\u0440\u0442\u0443\u0430\u043b\u044c\u043d\u0443\u044e \u044d\u043a\u0441\u043a\u0443\u0440\u0441\u0438\u044e \u043f\u043e \u0441\u043f\u0440\u043e\u0435\u043a\u0442\u0438\u0440\u043e\u0432\u0430\u043d\u043d\u043e\u0439 \u043a\u0443\u0445\u043d\u0435.<\/p>\n<p>\u0413\u043e\u0441\u0443\u0434\u0430\u0440\u0441\u0442\u0432\u0435\u043d\u043d\u044b\u0435 \u0437\u0430\u043a\u0443\u043f\u043a\u0438 \u0438 o\u0434\u043d\u043e\u0440\u043e\u0434\u043d\u044b\u0435 \u0442\u0440\u0435\u0431\u043e\u0432\u0430\u043d\u0438\u044f BIM:<\/p>\n<p>\u041c\u044b \u043c\u043e\u0436\u0435\u043c \u0440\u0430\u0437\u0440\u0430\u0431\u0430\u0442\u044b\u0432\u0430\u0442\u044c \u0438 \u0440\u0435\u0430\u043b\u0438\u0437\u043e\u0432\u044b\u0432\u0430\u0442\u044c \u043f\u0440\u043e\u0435\u043a\u0442\u044b \u0432 \u0441\u043e\u043e\u0442\u0432\u0435\u0442\u0441\u0442\u0432\u0438\u0438 \u0441 \u0443\u043d\u0438\u0444\u0438\u0446\u0438\u0440\u043e\u0432\u0430\u043d\u043d\u044b\u043c\u0438 \u0442\u0440\u0435\u0431\u043e\u0432\u0430\u043d\u0438\u044f\u043c\u0438 BIM <strong>\u043e\u0442 \u044d\u0441\u043a\u0438\u0437\u0430 \u0434\u043e \u0440\u0430\u0431\u043e\u0447\u0435\u0433\u043e \u043f\u0440\u043e\u0435\u043a\u0442\u0430 (\u0432\u043a\u043b\u044e\u0447\u0430\u044f \u043c\u043e\u0434\u0435\u043b\u0438 \u0440\u0435\u0430\u043b\u0438\u0437\u0430\u0446\u0438\u0438)<\/strong>.<br \/>\n\u041c\u044b \u0445\u043e\u0440\u043e\u0448\u043e \u043f\u043e\u043d\u0438\u043c\u0430\u0435\u043c \u0446\u0435\u043b\u0438 \u0438 \u0441\u0442\u0430\u043d\u0434\u0430\u0440\u0442\u044b BIM \u0438 \u043c\u043e\u0436\u0435\u043c \u0432\u044b\u043f\u043e\u043b\u043d\u0438\u0442\u044c \u043f\u0440\u043e\u0435\u043a\u0442\u043d\u044b\u0435 \u0440\u0430\u0431\u043e\u0442\u044b, \u043e\u0442\u0432\u0435\u0447\u0430\u044e\u0449\u0438\u0435 \u0438\u0445 \u0442\u0440\u0435\u0431\u043e\u0432\u0430\u043d\u0438\u044f\u043c.<\/p>\n<p>\u0413\u0435\u043d\u0435\u0440\u0430\u043b\u044c\u043d\u044b\u0439 \u043f\u043b\u0430\u043d \u043e\u0431\u0440\u0430\u0437\u043e\u0432\u0430\u0442\u0435\u043b\u044c\u043d\u043e\u0433\u043e \u043a\u043e\u043c\u043f\u043b\u0435\u043a\u0441\u0430 \u042e\u043b\u0435\u043c\u0438\u0441\u0442\u0435:<br \/>\n<img loading=\"lazy\" decoding=\"async\" class=\"alignnone size-large wp-image-27568\" src=\"https:\/\/farwell.ee\/wp-content\/uploads\/Ulemiste-Hariduskompleks-1024x1024.png\" alt=\"\" width=\"1024\" height=\"1024\" srcset=\"https:\/\/farwell.ee\/wp-content\/uploads\/Ulemiste-Hariduskompleks-1024x1024.png 1024w, https:\/\/farwell.ee\/wp-content\/uploads\/Ulemiste-Hariduskompleks-480x480.png 480w, https:\/\/farwell.ee\/wp-content\/uploads\/Ulemiste-Hariduskompleks-253x253.png 253w, https:\/\/farwell.ee\/wp-content\/uploads\/Ulemiste-Hariduskompleks-768x768.png 768w, https:\/\/farwell.ee\/wp-content\/uploads\/Ulemiste-Hariduskompleks-1536x1536.png 1536w, https:\/\/farwell.ee\/wp-content\/uploads\/Ulemiste-Hariduskompleks-2048x2048.png 2048w, https:\/\/farwell.ee\/wp-content\/uploads\/Ulemiste-Hariduskompleks-12x12.png 12w, https:\/\/farwell.ee\/wp-content\/uploads\/Ulemiste-Hariduskompleks-300x300.png 300w, https:\/\/farwell.ee\/wp-content\/uploads\/Ulemiste-Hariduskompleks-600x600.png 600w, https:\/\/farwell.ee\/wp-content\/uploads\/Ulemiste-Hariduskompleks-100x100.png 100w\" sizes=\"auto, (max-width: 1024px) 100vw, 1024px\" \/><\/p>\n<p>\u0420\u0430\u0431\u043e\u0447\u0438\u0439 \u0447\u0435\u0440\u0442\u0435\u0436 \u043f\u043e\u0434\u0433\u043e\u0442\u043e\u0432\u0438\u0442\u0435\u043b\u044c\u043d\u043e\u0439 \u0437\u043e\u043d\u044b \u041e\u0431\u0440\u0430\u0437\u043e\u0432\u0430\u0442\u0435\u043b\u044c\u043d\u043e\u0433\u043e \u043a\u043e\u043c\u043f\u043b\u0435\u043a\u0441\u0430 \u042e\u043b\u0435\u043c\u0438\u0441\u0442\u0435:<br \/>\n<img loading=\"lazy\" decoding=\"async\" class=\"alignnone size-large wp-image-27553\" src=\"https:\/\/farwell.ee\/wp-content\/uploads\/Toojoonis-1024x836.png\" alt=\"\" width=\"1024\" height=\"836\" srcset=\"https:\/\/farwell.ee\/wp-content\/uploads\/Toojoonis-1024x836.png 1024w, https:\/\/farwell.ee\/wp-content\/uploads\/Toojoonis-480x392.png 480w, https:\/\/farwell.ee\/wp-content\/uploads\/Toojoonis-768x627.png 768w, https:\/\/farwell.ee\/wp-content\/uploads\/Toojoonis-15x12.png 15w, https:\/\/farwell.ee\/wp-content\/uploads\/Toojoonis-600x490.png 600w, https:\/\/farwell.ee\/wp-content\/uploads\/Toojoonis.png 1205w\" sizes=\"auto, (max-width: 1024px) 100vw, 1024px\" \/><\/p>\n<\/div>\t<div class=\"col-lg-4\"><div class=\"card shadow border-0 bg-light\"><div class=\"card-body pb-0\">\n<p><strong>Kristjan Otsmaa<\/strong><br \/>\n<em>\u041f\u0440\u043e\u0435\u043a\u0442\u0438\u0440\u043e\u0432\u0449\u0438\u043a<\/em><br \/>\n<a href=\"mailto:kristjan@farwell.ee\">kristjan@farwell.ee<\/a><\/p>\n<hr \/>\n<div style=\"width: 1920px;\" class=\"wp-video\"><!--[if lt IE 9]><script>document.createElement('video');<\/script><![endif]-->\n<video class=\"wp-video-shortcode\" id=\"video-26727-1\" width=\"1920\" height=\"1080\" preload=\"metadata\" controls=\"controls\"><source type=\"video\/mp4\" src=\"https:\/\/farwell.ee\/wp-content\/uploads\/0081-0868.mp4?_=1\" \/><a href=\"https:\/\/farwell.ee\/wp-content\/uploads\/0081-0868.mp4\">https:\/\/farwell.ee\/wp-content\/uploads\/0081-0868.mp4<\/a><\/video><\/div>\n<p>\u0412\u0438\u0440\u0442\u0443\u0430\u043b\u044c\u043d\u044b\u0439 \u0442\u0443\u0440 \u043f\u043e \u043e\u0431\u0440\u0430\u0437\u043e\u0432\u0430\u0442\u0435\u043b\u044c\u043d\u043e\u043c\u0443 \u043a\u043e\u043c\u043f\u043b\u0435\u043a\u0441\u0443 \u042e\u043b\u0435\u043c\u0438\u0441\u0442\u0435<\/p>\n<\/div><\/div><\/div><\/div>","protected":false},"excerpt":{"rendered":"<p>Tere tulemast projekteerimisosakonda! Meie eesm\u00e4rk on projekteerida suurk\u00f6\u00f6ke, mis vastavad t\u00e4ielikult meie klientide vajadustele ja soovidele. Kogenud projekteerijad on valmis looma funktsionaalseid ja ergonoomilisi k\u00f6\u00f6gilahendusi, mis s\u00e4ilitavad v\u00e4ga hea t\u00f6\u00f6voo ja tagavad suurep\u00e4rase maitsenaudingute kogemuse. Meie 3D-projekteerimise l\u00e4henemine v\u00f5imaldab: * Uurida ruumide d\u00fcnaamikat ning hinnata, kuidas erinevad elemendid suhestuvad \u00fcksteisega. * Kogeda ja m\u00f5ista projekti [&hellip;]<\/p>","protected":false},"author":72,"featured_media":0,"parent":0,"menu_order":0,"comment_status":"closed","ping_status":"closed","template":"","meta":{"_acf_changed":false,"inline_featured_image":false,"footnotes":""},"class_list":["post-26727","page","type-page","status-publish","hentry"],"acf":[],"_links":{"self":[{"href":"https:\/\/farwell.ee\/ru\/wp-json\/wp\/v2\/pages\/26727","targetHints":{"allow":["GET"]}}],"collection":[{"href":"https:\/\/farwell.ee\/ru\/wp-json\/wp\/v2\/pages"}],"about":[{"href":"https:\/\/farwell.ee\/ru\/wp-json\/wp\/v2\/types\/page"}],"author":[{"embeddable":true,"href":"https:\/\/farwell.ee\/ru\/wp-json\/wp\/v2\/users\/72"}],"replies":[{"embeddable":true,"href":"https:\/\/farwell.ee\/ru\/wp-json\/wp\/v2\/comments?post=26727"}],"version-history":[{"count":"29","href":"https:\/\/farwell.ee\/ru\/wp-json\/wp\/v2\/pages\/26727\/revisions"}],"predecessor-version":[{"id":31794,"href":"https:\/\/farwell.ee\/ru\/wp-json\/wp\/v2\/pages\/26727\/revisions\/31794"}],"wp:attachment":[{"href":"https:\/\/farwell.ee\/ru\/wp-json\/wp\/v2\/media?parent=26727"}],"curies":[{"name":"wp","href":"https:\/\/api.w.org\/{rel}","templated":true}]}}