{"id":2614,"date":"2019-11-14T10:44:40","date_gmt":"2019-11-14T08:44:51","guid":{"rendered":"https:\/\/uusweb.farwell.ee\/?page_id=2614"},"modified":"2024-11-22T15:57:24","modified_gmt":"2024-11-22T13:57:24","slug":"suurkoogiseadmed","status":"publish","type":"page","link":"https:\/\/farwell.ee\/ru\/suurkoogiseadmed\/","title":{"rendered":"\u041e\u0411\u041e\u0420\u0423\u0414\u041e\u0412\u0410\u041d\u0418\u0415 \u0414\u041b\u042f \u041f\u0420\u041e\u0424\u0415\u0421\u0421\u0418\u041e\u041d\u0410\u041b\u042c\u041d\u041e\u0419 \u041a\u0423\u0425\u041d\u0418"},"content":{"rendered":"<div class=\"row mb-4\">\t<div class=\"col-lg-8\"><p style=\"text-align: left;\">Farwell \u044f\u0432\u043b\u044f\u0435\u0442\u0441\u044f \u043e\u0444\u0438\u0446\u0438\u0430\u043b\u044c\u043d\u044b\u043c \u0438\u043c\u043f\u043e\u0440\u0442\u0435\u0440\u043e\u043c \u0438 \u0434\u0438\u0441\u0442\u0440\u0438\u0431\u044c\u044e\u0442\u043e\u0440\u043e\u043c <a href=\"http:\/\/www.electroluxprofessional.com\/ee\/\" target=\"_blank\" rel=\"noopener\">Electrolux Professional<\/a> \u0432 \u042d\u0441\u0442\u043e\u043d\u0438\u0438, \u0432\u0435\u0434\u0443\u0449\u0435\u0433\u043e \u043c\u0438\u0440\u043e\u0432\u043e\u0433\u043e \u043f\u0440\u043e\u0438\u0437\u0432\u043e\u0434\u0438\u0442\u0435\u043b\u044f \u043a\u0440\u0443\u043f\u043d\u043e\u0433\u0430\u0431\u0430\u0440\u0438\u0442\u043d\u043e\u0439 \u043a\u0443\u0445\u043e\u043d\u043d\u043e\u0439 \u0442\u0435\u0445\u043d\u0438\u043a\u0438, \u043f\u0440\u0435\u0434\u043b\u0430\u0433\u0430\u044e\u0449\u0435\u0433\u043e \u0441\u043e\u0432\u0435\u0440\u0448\u0435\u043d\u043d\u0443\u044e \u0438 \u0432\u044b\u0441\u043e\u043a\u043e\u043f\u0440\u043e\u0438\u0437\u0432\u043e\u0434\u0438\u0442\u0435\u043b\u044c\u043d\u0443\u044e \u043a\u0443\u0445\u043e\u043d\u043d\u0443\u044e \u0442\u0435\u0445\u043d\u0438\u043a\u0443 \u0434\u043b\u044f \u043f\u0440\u043e\u0444\u0435\u0441\u0441\u0438\u043e\u043d\u0430\u043b\u043e\u0432.<\/p>\n<p style=\"text-align: left;\">\u041d\u0430\u0448\u0430 \u043a\u043e\u043c\u0430\u043d\u0434\u0430 \u043e\u0440\u0438\u0435\u043d\u0442\u0438\u0440\u043e\u0432\u0430\u043d\u0430 \u043d\u0430 \u0441\u043e\u0437\u0434\u0430\u043d\u0438\u0435 \u0438\u0434\u0435\u0430\u043b\u044c\u043d\u043e\u0433\u043e \u043a\u0443\u0445\u043e\u043d\u043d\u043e\u0433\u043e \u0440\u0435\u0448\u0435\u043d\u0438\u044f \u0434\u043b\u044f \u0440\u0435\u0441\u0442\u043e\u0440\u0430\u043d\u043e\u0432, \u0431\u0430\u0440\u043e\u0432 \u0438 \u0434\u0440\u0443\u0433\u0438\u0445 \u0437\u0430\u0432\u0435\u0434\u0435\u043d\u0438\u0439 \u043e\u0431\u0449\u0435\u0441\u0442\u0432\u0435\u043d\u043d\u043e\u0433\u043e \u043f\u0438\u0442\u0430\u043d\u0438\u044f.<\/p>\n<p>\u0411\u043e\u043b\u0435\u0435 20 \u043b\u0435\u0442 \u043e\u043f\u044b\u0442\u0430 \u0432 \u043f\u0440\u0435\u0434\u043e\u0441\u0442\u0430\u0432\u043b\u0435\u043d\u0438\u0438 \u043f\u0440\u043e\u0444\u0435\u0441\u0441\u0438\u043e\u043d\u0430\u043b\u044c\u043d\u044b\u0445 \u0440\u0435\u0448\u0435\u043d\u0438\u0439 \u0438 \u0441\u043e\u0442\u0440\u0443\u0434\u043d\u0438\u0447\u0435\u0441\u0442\u0432\u0430 \u0441 \u043c\u0438\u0440\u043e\u0432\u044b\u043c\u0438 \u043b\u0438\u0434\u0435\u0440\u0430\u043c\u0438 \u0432 \u043f\u0440\u043e\u0438\u0437\u0432\u043e\u0434\u0441\u0442\u0432\u0435 \u0442\u0435\u0445\u043d\u0438\u043a\u0438 \u043f\u043e\u0437\u0432\u043e\u043b\u0438\u043b\u0438 \u043d\u0430\u043c \u043f\u0440\u043e\u0447\u043d\u043e \u0437\u0430\u043d\u044f\u0442\u044c \u0441\u0432\u043e\u0435 \u043c\u0435\u0441\u0442\u043e \u0441\u0440\u0435\u0434\u0438 \u043b\u0443\u0447\u0448\u0438\u0445 \u043d\u0430 \u0440\u044b\u043d\u043a\u0435, \u0430 \u0442\u0430\u043a\u0436\u0435 \u0441\u0442\u0430\u0442\u044c \u043d\u0430\u0434\u0435\u0436\u043d\u044b\u043c \u043f\u0430\u0440\u0442\u043d\u0435\u0440\u043e\u043c \u0434\u043b\u044f \u0441\u0430\u043c\u044b\u0445 \u043f\u0440\u0435\u0441\u0442\u0438\u0436\u043d\u044b\u0445 \u0440\u0435\u0441\u0442\u043e\u0440\u0430\u043d\u043e\u0432 \u0432 \u042d\u0441\u0442\u043e\u043d\u0438\u0438.<\/p>\n<h3><strong>Farwell \u0441\u0430\u043c\u0430 \u0437\u0430\u043d\u0438\u043c\u0430\u0435\u0442\u0441\u044f \u043f\u0440\u043e\u0435\u043a\u0442\u0438\u0440\u043e\u0432\u0430\u043d\u0438\u0435\u043c \u043f\u0440\u043e\u0444\u0435\u0441\u0441\u0438\u043e\u043d\u0430\u043b\u044c\u043d\u044b\u0445 \u043a\u0443\u0445\u043e\u043d\u044c<\/strong><\/h3>\n<p>\u041c\u044b \u043f\u0440\u0435\u0434\u043b\u0430\u0433\u0430\u0435\u043c \u043d\u0430\u0448\u0438\u043c \u043a\u043b\u0438\u0435\u043d\u0442\u0430\u043c \u043a\u043e\u043c\u043f\u043b\u0435\u043a\u0441\u043d\u043e\u0435 \u0440\u0435\u0448\u0435\u043d\u0438\u0435 \u0434\u043b\u044f \u0431\u043e\u043b\u044c\u0448\u0438\u0445 \u043a\u0443\u0445\u043e\u043d\u044c, \u043a\u043e\u0442\u043e\u0440\u043e\u0435 \u043d\u0430\u0447\u0438\u043d\u0430\u0435\u0442\u0441\u044f \u0441 \u0434\u0438\u0437\u0430\u0439\u043d\u0430.<br \/>\n\u041f\u0440\u0438 \u043f\u043e\u0434\u0433\u043e\u0442\u043e\u0432\u043a\u0435 \u0442\u0435\u0445\u043d\u043e\u043b\u043e\u0433\u0438\u0447\u0435\u0441\u043a\u043e\u0433\u043e \u043f\u0440\u043e\u0435\u043a\u0442\u0430 \u043c\u044b \u0438\u0441\u0445\u043e\u0434\u0438\u043c, \u043f\u0440\u0435\u0436\u0434\u0435 \u0432\u0441\u0435\u0433\u043e, \u0438\u0437 \u043f\u043e\u0442\u0440\u0435\u0431\u043d\u043e\u0441\u0442\u0435\u0439 \u0438 \u043f\u043e\u0436\u0435\u043b\u0430\u043d\u0438\u0439 \u0437\u0430\u043a\u0430\u0437\u0447\u0438\u043a\u0430, \u0430 \u0442\u0430\u043a\u0436\u0435 \u043f\u0440\u0430\u0432\u0438\u043b \u043f\u0438\u0449\u0435\u0432\u043e\u0439 \u0433\u0438\u0433\u0438\u0435\u043d\u044b.<br \/>\nMeie aastatepikkune t\u00f6\u00f6kogemus tagab tellija jaoks efektiivse lahenduse.<\/p>\n<p>\u041f\u043e\u0434\u0433\u043e\u0442\u0430\u0432\u043b\u0438\u0432\u0430\u0435\u043c \u043d\u0435\u043e\u0431\u0445\u043e\u0434\u0438\u043c\u044b\u0435 \u0443\u0441\u0442\u0430\u043d\u043e\u0432\u043e\u0447\u043d\u044b\u0435 \u0447\u0435\u0440\u0442\u0435\u0436\u0438 \u0434\u043b\u044f \u0443\u0441\u0442\u0430\u043d\u043e\u0432\u043a\u0438 \u043a\u0443\u0445\u043e\u043d\u043d\u043e\u0439 \u0442\u0435\u0445\u043d\u0438\u043a\u0438.<br \/>\n\u0427\u0442\u043e\u0431\u044b \u0441\u043e\u0437\u0434\u0430\u0442\u044c \u0438\u0434\u0435\u0430\u043b\u044c\u043d\u043e\u0435 \u0438 \u043a\u043e\u043c\u043f\u043b\u0435\u043a\u0441\u043d\u043e\u0435 \u043a\u0443\u0445\u043e\u043d\u043d\u043e\u0435 \u0440\u0435\u0448\u0435\u043d\u0438\u0435, \u043c\u044b \u0442\u0430\u043a\u0436\u0435 \u043f\u0440\u0435\u0434\u043b\u0430\u0433\u0430\u0435\u043c \u043f\u0440\u043e\u0435\u043a\u0442\u043d\u0443\u044e \u043f\u0440\u043e\u0434\u0430\u0436\u0443 \u043c\u0435\u043b\u043a\u043e\u0439 \u0431\u044b\u0442\u043e\u0432\u043e\u0439 \u0442\u0435\u0445\u043d\u0438\u043a\u0438.<\/p>\n<p>\u041e\u0431\u0443\u0447\u0435\u043d\u0438\u0435, \u0443\u0441\u0442\u0430\u043d\u043e\u0432\u043a\u0430 \u0438 \u043e\u0431\u0441\u043b\u0443\u0436\u0438\u0432\u0430\u043d\u0438\u0435 \u043a\u0443\u0445\u043e\u043d\u043d\u043e\u0433\u043e \u043e\u0431\u043e\u0440\u0443\u0434\u043e\u0432\u0430\u043d\u0438\u044f \u044f\u0432\u043b\u044f\u044e\u0442\u0441\u044f \u043d\u0435\u043e\u0442\u044a\u0435\u043c\u043b\u0435\u043c\u043e\u0439 \u0447\u0430\u0441\u0442\u044c\u044e \u044d\u0442\u043e\u0439 \u043e\u0431\u043b\u0430\u0441\u0442\u0438.<\/p>\n<\/div>\t<div class=\"col-lg-4\"><div class=\"card shadow border-0 bg-light\"><div class=\"card-body pb-0\">\n<p><strong>Marko M\u00e4rjamaa<\/strong><br \/>\n<em>\u041c\u0435\u043d\u0435\u0434\u0436\u0435\u0440 \u043f\u043e \u043f\u0440\u043e\u0434\u0430\u0436\u0430\u043c \u043a\u0443\u0445\u043e\u043d\u043d\u043e\u0439 \u0442\u0435\u0445\u043d\u0438\u043a\u0438<br \/>\n<\/em>Mob. <a href=\"tel:+3725098939\" title=\"Helista\">+372 509 8939<\/a><br \/>\n\u0422\u0435\u043b. <a href=\"tel:+3726024421\" title=\"Helista\">+372 602 4421<\/a><br \/>\n<a href=\"mailto:marko@farwell.ee\">marko@farwell.ee<\/a><\/p>\n<hr \/>\n<p><strong>Leho Kesk<\/strong><br \/>\n<em>\u041c\u0435\u043d\u0435\u0434\u0436\u0435\u0440 \u043f\u043e \u043f\u0440\u043e\u0434\u0430\u0436\u0430\u043c \u043a\u0443\u0445\u043e\u043d\u043d\u043e\u0439 \u0442\u0435\u0445\u043d\u0438\u043a\u0438<\/em><br \/>\nMob. <a href=\"tel:+37253566390\" title=\"Helista\">+372 5356 6390<\/a><br \/>\n\u0422\u0435\u043b. <a href=\"tel:+3726024421\" title=\"Helista\">+372 602 4421<\/a><br \/>\n<a href=\"mailto:leho@farwell.ee\">leho@farwell.ee<\/a><\/p>\n<hr \/>\n<p><strong>Heivi Saar<\/strong><br \/>\n<em>\u0410\u0441\u0441\u0438\u0441\u0442\u0435\u043d\u0442 \u043f\u043e \u043f\u043e\u043a\u0443\u043f\u043a\u0435 \u0438 \u043f\u0440\u043e\u0434\u0430\u0436\u0435 \u043a\u0443\u0445\u043e\u043d\u043d\u043e\u0433\u043e \u043e\u0431\u043e\u0440\u0443\u0434\u043e\u0432\u0430\u043d\u0438\u044f<\/em><br \/>\n\u0422\u0435\u043b. <a href=\"tel:+3726024410\" title=\"Helista\">+372 602 4410<\/a><br \/>\n<a href=\"mailto:heivi@farwell.ee\">heivi@farwell.ee<\/a><\/p>\n<\/div><\/div><\/div><\/div>","protected":false},"excerpt":{"rendered":"<p>Farwell on Electrolux Professional ametlik maaletooja ja edasim\u00fc\u00fcja Eestis, kes on maailma juhtiv suurk\u00f6\u00f6giseadmete tootja, pakkudes t\u00e4iuslikke ja k\u00f5rget tootlikkust omavaid k\u00f6\u00f6giseadmeid professionaalidele. Meie meeskond on orienteeritud restorani-, baari- ja teiste toitlustusasutuste ideaalse k\u00f6\u00f6gilahendi loomisele. Omades \u00fcle 20 aasta kogemust professionaalsete lahenduste pakkumisel koost\u00f6\u00f6s maailma tipptootjate poolt pakutava sortimendiga, oleme t\u00f5usnud kindlalt oma ala turuliidrite [&hellip;]<\/p>","protected":false},"author":1,"featured_media":0,"parent":0,"menu_order":10,"comment_status":"closed","ping_status":"closed","template":"page-catalog.php","meta":{"_acf_changed":false,"inline_featured_image":false,"footnotes":""},"class_list":["post-2614","page","type-page","status-publish","hentry"],"acf":[],"_links":{"self":[{"href":"https:\/\/farwell.ee\/ru\/wp-json\/wp\/v2\/pages\/2614","targetHints":{"allow":["GET"]}}],"collection":[{"href":"https:\/\/farwell.ee\/ru\/wp-json\/wp\/v2\/pages"}],"about":[{"href":"https:\/\/farwell.ee\/ru\/wp-json\/wp\/v2\/types\/page"}],"author":[{"embeddable":true,"href":"https:\/\/farwell.ee\/ru\/wp-json\/wp\/v2\/users\/1"}],"replies":[{"embeddable":true,"href":"https:\/\/farwell.ee\/ru\/wp-json\/wp\/v2\/comments?post=2614"}],"version-history":[{"count":"166","href":"https:\/\/farwell.ee\/ru\/wp-json\/wp\/v2\/pages\/2614\/revisions"}],"predecessor-version":[{"id":31337,"href":"https:\/\/farwell.ee\/ru\/wp-json\/wp\/v2\/pages\/2614\/revisions\/31337"}],"wp:attachment":[{"href":"https:\/\/farwell.ee\/ru\/wp-json\/wp\/v2\/media?parent=2614"}],"curies":[{"name":"wp","href":"https:\/\/api.w.org\/{rel}","templated":true}]}}