{"id":2299,"date":"2019-11-01T09:16:40","date_gmt":"2019-11-01T07:16:33","guid":{"rendered":"https:\/\/uusweb.farwell.ee\/?page_id=2299"},"modified":"2025-11-03T08:00:02","modified_gmt":"2025-11-03T06:00:02","slug":"firmast","status":"publish","type":"page","link":"https:\/\/farwell.ee\/ru\/firmast\/","title":{"rendered":"\u041e \u041a\u041e\u041c\u041f\u0410\u041d\u0418\u0418"},"content":{"rendered":"<div class=\"row mb-4\">\t<div class=\"col-lg-8\"><h3><strong>\u041a\u043e\u043c\u043f\u0430\u043d\u0438\u044f Farwelli Kaubanduse O\u00dc \u043d\u0430\u0447\u0430\u043b\u0430 \u0441\u0432\u043e\u044e \u0434\u0435\u044f\u0442\u0435\u043b\u044c\u043d\u043e\u0441\u0442\u044c \u0432 1996 \u0433\u043e\u0434\u0443.<\/strong><\/h3>\n<p>\u041c\u044b \u0441\u0442\u0430\u0432\u0438\u043c \u0441\u0432\u043e\u0435\u0439 \u0446\u0435\u043b\u044c\u044e \u043f\u043e\u0434\u0431\u043e\u0440 \u0438\u0434\u0435\u0430\u043b\u044c\u043d\u043e\u0433\u043e \u043a\u043e\u043c\u043f\u043b\u0435\u043a\u0441\u0430 \u043a\u0443\u0445\u043e\u043d\u043d\u043e\u0433\u043e \u043e\u0431\u043e\u0440\u0443\u0434\u043e\u0432\u0430\u043d\u0438\u044f \u0434\u043b\u044f  \u0440\u0435\u0441\u0442\u043e\u0440\u0430\u043d\u043e\u0432, \u0431\u0430\u0440\u043e\u0432 \u0438 \u0434\u0440\u0443\u0433\u0438\u0445 \u0437\u0430\u0432\u0435\u0434\u0435\u043d\u0438\u0439 \u043e\u0431\u0449\u0435\u0441\u0442\u0432\u0435\u043d\u043d\u043e\u0433\u043e \u043f\u0438\u0442\u0430\u043d\u0438\u044f, \u0443\u0434\u0435\u043b\u044f\u044f \u043e\u0441\u043d\u043e\u0432\u043d\u043e\u0435 \u0432\u043d\u0438\u043c\u0430\u043d\u0438\u0435 \u0441\u043d\u0430\u0431\u0436\u0435\u043d\u0438\u044e \u0441\u0432\u043e\u0438\u0445 \u043a\u043b\u0438\u0435\u043d\u0442\u043e\u0432 \u0432\u0441\u0435\u043c \u043f\u0440\u043e\u0444\u0435\u0441\u0441\u0438\u043e\u043d\u0430\u043b\u044c\u043d\u044b\u043c \u043e\u0431\u043e\u0440\u0443\u0434\u043e\u0432\u0430\u043d\u0438\u0435\u043c \u0438 \u043c\u0435\u043b\u043a\u0438\u043c\u0438 \u043f\u0440\u0438\u043d\u0430\u0434\u043b\u0435\u0436\u043d\u043e\u0441\u0442\u044f\u043c\u0438, \u043d\u0435\u043e\u0431\u0445\u043e\u0434\u0438\u043c\u044b\u043c\u0438 \u0432 \u044d\u0442\u043e\u0439 \u0441\u0444\u0435\u0440\u0435.<br \/>\nOmades pea 30 aastat kogemust professionaalsete lahenduste pakkumisel koost\u00f6\u00f6s maailma tipptootjate poolt pakutava sortimendiga, oleme t\u00f5usnud kindlalt oma ala turuliidrite hulka, olles usaldusv\u00e4\u00e4rseks ja kindlaks partneriks Eesti tipprestoranidele.<\/p>\n<hr \/>\n<h3><strong>\u0423\u043d\u0438\u043a\u0430\u043b\u044c\u043d\u044b\u0435 \u043a\u043e\u043c\u043f\u043b\u0435\u043a\u0441\u043d\u044b\u0435 \u0440\u0435\u0448\u0435\u043d\u0438\u044f \u0434\u043b\u044f \u043f\u0440\u043e\u0444\u0435\u0441\u0441\u0438\u043e\u043d\u0430\u043b\u044c\u043d\u044b\u0445 \u043a\u0443\u0445\u043e\u043d\u044c \u0438 \u043e\u0441\u043d\u0430\u0449\u0435\u043d\u0438\u0435 \u0440\u0435\u0441\u0442\u043e\u0440\u0430\u043d\u043e\u0432<\/strong><\/h3>\n<p>\u041d\u0430\u0448\u0430 \u0446\u0435\u043b\u044c \u2013 \u043f\u0440\u0435\u0434\u043e\u0441\u0442\u0430\u0432\u0438\u0442\u044c \u043a\u043b\u0438\u0435\u043d\u0442\u0443 \u0443\u043d\u0438\u043a\u0430\u043b\u044c\u043d\u043e\u0435 \u043a\u043e\u043c\u043f\u043b\u0435\u043a\u0441\u043d\u043e\u0435 \u0440\u0435\u0448\u0435\u043d\u0438\u0435 \u0434\u043b\u044f \u043e\u0431\u043e\u0440\u0443\u0434\u043e\u0432\u0430\u043d\u0438\u044f \u043f\u0440\u043e\u0444\u0435\u0441\u0441\u0438\u043e\u043d\u0430\u043b\u044c\u043d\u043e\u0439 \u043a\u0443\u0445\u043d\u0438, \u0438 \u043f\u043e\u044d\u0442\u043e\u043c\u0443 \u043c\u044b \u043f\u0440\u043e\u0435\u043a\u0442\u0438\u0440\u0443\u0435\u043c \u0441\u0432\u043e\u0438 \u043a\u0443\u0445\u043d\u0438 \u0441\u0430\u043c\u0438, \u0443\u0447\u0438\u0442\u044b\u0432\u0430\u044f \u043f\u043e\u0436\u0435\u043b\u0430\u043d\u0438\u044f \u0438 \u043f\u043e\u0442\u0440\u0435\u0431\u043d\u043e\u0441\u0442\u0438 \u0437\u0430\u043a\u0430\u0437\u0447\u0438\u043a\u0430, \u0430 \u0442\u0430\u043a\u0436\u0435 \u043d\u0435\u0443\u043a\u043e\u0441\u043d\u0438\u0442\u0435\u043b\u044c\u043d\u043e\u0435 \u0432\u044b\u043f\u043e\u043b\u043d\u0435\u043d\u0438\u0435 \u043f\u0440\u0430\u0432\u0438\u043b \u043f\u0438\u0449\u0435\u0432\u043e\u0439 \u0433\u0438\u0433\u0438\u0435\u043d\u044b. \u041c\u044b \u043c\u043e\u0436\u0435\u043c \u043f\u043e\u043b\u043d\u043e\u0441\u0442\u044c\u044e \u043e\u0431\u043e\u0440\u0443\u0434\u043e\u0432\u0430\u0442\u044c \u0432\u0430\u0448\u0435 \u043f\u0440\u0435\u0434\u043f\u0440\u0438\u044f\u0442\u0438\u0435, \u0432\u043a\u043b\u044e\u0447\u0438\u0432 \u0432 \u043a\u043e\u043c\u043f\u043b\u0435\u043a\u0441\u043d\u043e\u0435 \u0440\u0435\u0448\u0435\u043d\u0438\u0435 \u0432\u044b\u0441\u043e\u043a\u043e\u043a\u0430\u0447\u0435\u0441\u0442\u0432\u0435\u043d\u043d\u044b\u0435 \u0440\u0435\u0441\u0442\u043e\u0440\u0430\u043d\u043d\u044b\u0435 \u0438 \u043a\u0443\u0445\u043e\u043d\u043d\u044b\u0435 \u043f\u0440\u0438\u043d\u0430\u0434\u043b\u0435\u0436\u043d\u043e\u0441\u0442\u0438.<br \/>\n\u0427\u0442\u043e\u0431\u044b \u0441\u0434\u0435\u043b\u0430\u0442\u044c \u043e\u0431\u0441\u043b\u0443\u0436\u0438\u0432\u0430\u043d\u0438\u0435 \u043a\u043b\u0438\u0435\u043d\u0442\u043e\u0432 \u0435\u0449\u0435 \u0443\u0434\u043e\u0431\u043d\u0435\u0435, \u043c\u044b \u043e\u0442\u043a\u0440\u044b\u043b\u0438 \u043c\u0430\u0433\u0430\u0437\u0438\u043d\u044b Cash&amp;Carry \u0432 \u0422\u0430\u043b\u043b\u0438\u043d\u043d\u0435, \u0422\u0430\u0440\u0442\u0443 \u0438 \u041f\u044f\u0440\u043d\u0443, \u0430 \u0442\u0430\u043a\u0436\u0435 \u043f\u0440\u0435\u0434\u043e\u0441\u0442\u0430\u0432\u043b\u044f\u0435\u043c \u0443\u0441\u043b\u0443\u0433\u0443 \u0441\u043e\u0441\u0442\u0430\u0432\u043b\u0435\u043d\u0438\u044f \u0441\u043c\u0435\u0442\u044b \u043d\u0430 \u0432\u0435\u0441\u044c \u0432\u0430\u0448 \u043f\u0440\u043e\u0435\u043a\u0442.<\/p>\n<hr \/>\n<h3><strong>\u0418\u043c\u043f\u043e\u0440\u0442\u0435\u0440 \u0438 \u0434\u0438\u043b\u0435\u0440 \u043e\u0431\u043e\u0440\u0443\u0434\u043e\u0432\u0430\u043d\u0438\u044f \u0434\u043b\u044f \u043f\u0440\u0430\u0447\u0435\u0447\u043d\u044b\u0445<\/strong><\/h3>\n<p>Farwell \u0442\u0430\u043a\u0436\u0435 \u044f\u0432\u043b\u044f\u0435\u0442\u0441\u044f \u043e\u0444\u0438\u0446\u0438\u0430\u043b\u044c\u043d\u044b\u043c \u0438\u043c\u043f\u043e\u0440\u0442\u0435\u0440\u043e\u043c \u0438 \u0434\u0438\u043b\u0435\u0440\u043e\u043c \u043e\u0431\u043e\u0440\u0443\u0434\u043e\u0432\u0430\u043d\u0438\u044f Electrolux Professional \u0434\u043b\u044f \u043f\u0440\u0430\u0447\u0435\u0447\u043d\u044b\u0445. \u041c\u044b \u043f\u043e\u0441\u0442\u0430\u0432\u043b\u044f\u0435\u043c \u043a\u043e\u043c\u043f\u043b\u0435\u043a\u0441\u043d\u043e\u0435 \u043e\u0441\u043d\u0430\u0449\u0435\u043d\u0438\u0435 \u0434\u043b\u044f \u043f\u0440\u0430\u0447\u0435\u0447\u043d\u044b\u0445 \u0438 \u043f\u0440\u0435\u0434\u043f\u0440\u0438\u044f\u0442\u0438\u0439 \u0445\u0438\u043c\u0438\u0447\u0435\u0441\u043a\u043e\u0439 \u0447\u0438\u0441\u0442\u043a\u0438. \u0421\u0440\u0435\u0434\u0438 \u043d\u0430\u0448\u0438\u0445 \u043a\u043b\u0438\u0435\u043d\u0442\u043e\u0432 \u0435\u0441\u0442\u044c \u043e\u0440\u0433\u0430\u043d\u0438\u0437\u0430\u0446\u0438\u0438 \u0441 \u043a\u0440\u0443\u043f\u043d\u0435\u0439\u0448\u0438\u043c\u0438 \u0432 \u0441\u0442\u0440\u0430\u043d\u0435 \u043f\u0440\u0430\u0447\u0435\u0447\u043d\u044b\u043c\u0438, \u0432 \u0442\u043e\u043c \u0447\u0438\u0441\u043b\u0435 Lindstr\u00f6m Eesti, \u0422\u0430\u043b\u043b\u0438\u043d\u043d\u0441\u043a\u0430\u044f \u0442\u044e\u0440\u044c\u043c\u0430, \u043f\u043e\u0436\u0430\u0440\u043d\u044b\u0435 \u0434\u0435\u043f\u043e \u042d\u0441\u0442\u043e\u043d\u0438\u0438, \u043f\u043e\u0434\u0440\u0430\u0437\u0434\u0435\u043b\u0435\u043d\u0438\u044f \u0441\u043f\u0430\u0441\u0430\u0442\u0435\u043b\u044c\u043d\u043e\u0439 \u0441\u043b\u0443\u0436\u0431\u044b, \u0441\u0438\u043b\u044b \u043e\u0431\u043e\u0440\u043e\u043d\u044b \u0438 \u0440\u0430\u0437\u043c\u0435\u0449\u0435\u043d\u043d\u044b\u0435 \u0432 \u042d\u0441\u0442\u043e\u043d\u0438\u0438 \u0441\u0442\u0440\u0443\u043a\u0442\u0443\u0440\u044b \u041d\u0410\u0422\u041e.<\/p>\n<hr \/>\n<h3><strong>\u041e\u0442\u0434\u0435\u043b \u0442\u0435\u0445\u043d\u0438\u0447\u0435\u0441\u043a\u043e\u0433\u043e \u043e\u0431\u0441\u043b\u0443\u0436\u0438\u0432\u0430\u043d\u0438\u044f<\/strong><\/h3>\n<p>\u0423\u0441\u0442\u0430\u043d\u043e\u0432\u043a\u043e\u0439, \u0433\u0430\u0440\u0430\u043d\u0442\u0438\u0439\u043d\u044b\u043c \u0440\u0435\u043c\u043e\u043d\u0442\u043e\u043c \u0438 \u0442\u0435\u0445\u043d\u0438\u0447\u0435\u0441\u043a\u0438\u043c \u043e\u0431\u0441\u043b\u0443\u0436\u0438\u0432\u0430\u043d\u0438\u0435\u043c \u043f\u0440\u043e\u0444\u0435\u0441\u0441\u0438\u043e\u043d\u0430\u043b\u044c\u043d\u043e\u0433\u043e \u043e\u0431\u043e\u0440\u0443\u0434\u043e\u0432\u0430\u043d\u0438\u044f \u0434\u043b\u044f \u043a\u0443\u0445\u043e\u043d\u044c \u0438 \u043f\u0440\u0430\u0447\u0435\u0447\u043d\u044b\u0445 \u0432 \u043a\u043e\u043c\u043f\u0430\u043d\u0438\u0438 Farwell \u0437\u0430\u043d\u0438\u043c\u0430\u0435\u0442\u0441\u044f \u043d\u0430\u0448 \u0441\u043e\u0431\u0441\u0442\u0432\u0435\u043d\u043d\u044b\u0439 \u043e\u0442\u0434\u0435\u043b \u0442\u0435\u0445\u043d\u0438\u0447\u0435\u0441\u043a\u043e\u0433\u043e \u043e\u0431\u0441\u043b\u0443\u0436\u0438\u0432\u0430\u043d\u0438\u044f. \u041d\u0430\u0448\u0438 \u0442\u0435\u0445\u043d\u0438\u043a\u0438 \u043c\u043e\u0433\u0443\u0442 \u0432\u044b\u043f\u043e\u043b\u043d\u0438\u0442\u044c \u043b\u044e\u0431\u044b\u0435 \u0440\u0430\u0431\u043e\u0442\u044b \u043e\u0442 \u0443\u0441\u0442\u0430\u043d\u043e\u0432\u043a\u0438 \u0438 \u043f\u0440\u043e\u0431\u043d\u043e\u0433\u043e \u043f\u0443\u0441\u043a\u0430 \u043e\u0431\u043e\u0440\u0443\u0434\u043e\u0432\u0430\u043d\u0438\u044f \u0434\u043e \u0438\u043d\u0441\u0442\u0440\u0443\u043a\u0442\u0430\u0436\u0430 \u043f\u0435\u0440\u0441\u043e\u043d\u0430\u043b\u0430 \u0437\u0430\u043a\u0430\u0437\u0447\u0438\u043a\u0430. \u041c\u044b \u043f\u0440\u0435\u0434\u043e\u0441\u0442\u0430\u0432\u043b\u044f\u0435\u043c \u0442\u0435\u0445\u043d\u0438\u0447\u0435\u0441\u043a\u043e\u0435 \u043e\u0431\u0441\u043b\u0443\u0436\u0438\u0432\u0430\u043d\u0438\u0435 \u043f\u043e \u0432\u0441\u0435\u0439 \u0441\u0442\u0440\u0430\u043d\u0435.<\/p>\n<hr \/>\n<h3><strong>\u041c\u043d\u043e\u0433\u043e\u043b\u0435\u0442\u043d\u0435\u0435 \u043f\u0430\u0440\u0442\u043d\u0435\u0440\u0441\u0442\u0432\u043e \u0441 Electrolux<\/strong><\/h3>\n<p>\u041a\u043e\u043b\u0438\u0447\u0435\u0441\u0442\u0432\u043e \u043f\u0430\u0440\u0442\u043d\u0435\u0440\u043e\u0432 Farwell \u0443\u0436\u0435 \u043f\u0440\u0435\u0432\u044b\u0441\u0438\u043b\u043e 50 \u043f\u043e\u0441\u0442\u0430\u0432\u0449\u0438\u043a\u043e\u0432, \u043c\u043d\u043e\u0433\u0438\u0435 \u0438\u0437 \u043a\u043e\u0442\u043e\u0440\u044b\u0445 \u0430\u043a\u0442\u0438\u0432\u043d\u044b \u043d\u0430 \u0440\u044b\u043d\u043a\u0435 \u043d\u0435 \u043e\u0434\u043d\u043e \u0434\u0435\u0441\u044f\u0442\u0438\u043b\u0435\u0442\u0438\u0435. \u0412 \u042d\u0441\u0442\u043e\u043d\u0438\u0438 \u043a\u043e\u043c\u043f\u0430\u043d\u0438\u044f Farwell \u044f\u0432\u043b\u044f\u0435\u0442\u0441\u044f \u043e\u0444\u0438\u0446\u0438\u0430\u043b\u044c\u043d\u044b\u043c \u0438\u043c\u043f\u043e\u0440\u0442\u0435\u0440\u043e\u043c \u0438 \u0434\u0438\u043b\u0435\u0440\u043e\u043c \u043f\u0440\u043e\u0434\u0443\u043a\u0446\u0438\u0438 Electrolux Professional, \u043e\u0434\u043d\u043e\u0433\u043e \u0438\u0437 \u0432\u0435\u0434\u0443\u0449\u0438\u0445 \u0432 \u043c\u0438\u0440\u0435 \u043f\u0440\u043e\u0438\u0437\u0432\u043e\u0434\u0438\u0442\u0435\u043b\u0435\u0439 \u043e\u0431\u043e\u0440\u0443\u0434\u043e\u0432\u0430\u043d\u0438\u044f \u0434\u043b\u044f \u043f\u0440\u043e\u0444\u0435\u0441\u0441\u0438\u043e\u043d\u0430\u043b\u044c\u043d\u043e\u0439 \u043a\u0443\u0445\u043d\u0438 \u0438 \u043f\u0440\u0430\u0447\u0435\u0447\u043d\u043e\u0439, \u043f\u0440\u0435\u0434\u043b\u0430\u0433\u0430\u044e\u0449\u0435\u0433\u043e \u0441\u043e\u0432\u0435\u0440\u0448\u0435\u043d\u043d\u044b\u0435 \u0442\u0435\u0445\u043d\u043e\u043b\u043e\u0433\u0438\u0447\u0435\u0441\u043a\u0438\u0435 \u0440\u0435\u0448\u0435\u043d\u0438\u044f \u0432\u044b\u0441\u043e\u043a\u043e\u0439 \u043f\u0440\u043e\u0438\u0437\u0432\u043e\u0434\u0438\u0442\u0435\u043b\u044c\u043d\u043e\u0441\u0442\u0438 \u0434\u043b\u044f \u043f\u0440\u043e\u0444\u0435\u0441\u0441\u0438\u043e\u043d\u0430\u043b\u044c\u043d\u043e\u0433\u043e \u043f\u0440\u0438\u043c\u0435\u043d\u0435\u043d\u0438\u044f.<\/p>\n<\/div>\t<div class=\"col-lg-4\"><div class=\"card shadow border-0 bg-light\"><div class=\"card-body pb-0\">\n<p><img loading=\"lazy\" decoding=\"async\" class=\"img-fluid alignnone wp-image-3773 size-full\" src=\"\/wp-content\/uploads\/farwell-pilt.jpg\" alt=\"\" width=\"720\" height=\"960\" srcset=\"https:\/\/farwell.ee\/wp-content\/uploads\/farwell-pilt.jpg 720w, https:\/\/farwell.ee\/wp-content\/uploads\/farwell-pilt-360x480.jpg 360w, https:\/\/farwell.ee\/wp-content\/uploads\/farwell-pilt-600x800.jpg 600w, https:\/\/farwell.ee\/wp-content\/uploads\/farwell-pilt-225x300.jpg 225w\" sizes=\"auto, (max-width: 720px) 100vw, 720px\" \/><\/p>\n<h4>\u041e\u0444\u0438\u0441 \u0438 \u043c\u0430\u0433\u0430\u0437\u0438\u043d \u0432 \u0422\u0430\u043b\u043b\u0438\u043d\u043d\u0435<\/h4>\n<p>Kanali tee 4, Tallinn<br \/>\nHarjumaa 10112<br \/>\n\u0422\u0435\u043b. <a href=\"tel:+3726024411\" title=\"Helista\">+372 602 4411<\/a><\/p>\n<p><a class=\"btn btn-outline-secondary\" href=\"\/ru\/firmast\/toopakkumised\/\">\u041f\u0440\u0435\u0434\u043b\u043e\u0436\u0435\u043d\u0438\u044f \u043e \u0440\u0430\u0431\u043e\u0442\u0435<\/a><\/p>\n<\/div><\/div><\/div><\/div>","protected":false},"excerpt":{"rendered":"<p>Farwelli Kaubanduse O\u00dc sai alguse aastast 1996 Oleme orienteeritud restorani-, baari- ja teiste toitlustusasutuste ideaalse k\u00f6\u00f6gilahendi loomisele, kus meie p\u00f5hisuunaks on oma klientide varustamine k\u00f5ikide toitlustamiseks vajaminevate profiseadmete ja v\u00e4ikevahenditega. Omades pea 30 aastat kogemust professionaalsete lahenduste pakkumisel koost\u00f6\u00f6s maailma tipptootjate poolt pakutava sortimendiga, oleme t\u00f5usnud kindlalt oma ala turuliidrite hulka, olles usaldusv\u00e4\u00e4rseks ja kindlaks [&hellip;]<\/p>","protected":false},"author":1,"featured_media":0,"parent":0,"menu_order":15,"comment_status":"closed","ping_status":"closed","template":"","meta":{"_acf_changed":false,"inline_featured_image":false,"footnotes":""},"class_list":["post-2299","page","type-page","status-publish","hentry"],"acf":[],"_links":{"self":[{"href":"https:\/\/farwell.ee\/ru\/wp-json\/wp\/v2\/pages\/2299","targetHints":{"allow":["GET"]}}],"collection":[{"href":"https:\/\/farwell.ee\/ru\/wp-json\/wp\/v2\/pages"}],"about":[{"href":"https:\/\/farwell.ee\/ru\/wp-json\/wp\/v2\/types\/page"}],"author":[{"embeddable":true,"href":"https:\/\/farwell.ee\/ru\/wp-json\/wp\/v2\/users\/1"}],"replies":[{"embeddable":true,"href":"https:\/\/farwell.ee\/ru\/wp-json\/wp\/v2\/comments?post=2299"}],"version-history":[{"count":"76","href":"https:\/\/farwell.ee\/ru\/wp-json\/wp\/v2\/pages\/2299\/revisions"}],"predecessor-version":[{"id":35863,"href":"https:\/\/farwell.ee\/ru\/wp-json\/wp\/v2\/pages\/2299\/revisions\/35863"}],"wp:attachment":[{"href":"https:\/\/farwell.ee\/ru\/wp-json\/wp\/v2\/media?parent=2299"}],"curies":[{"name":"wp","href":"https:\/\/api.w.org\/{rel}","templated":true}]}}